{"id":55908,"date":"2024-10-01T16:14:21","date_gmt":"2024-10-01T16:14:21","guid":{"rendered":"https:\/\/de-prime.com\/?p=55908"},"modified":"2024-10-01T16:40:14","modified_gmt":"2024-10-01T16:40:14","slug":"mumienschlafsack-fuer-erwachsene-camping-3-jahreszeiten-5","status":"publish","type":"product","link":"https:\/\/de-prime.com\/index.php\/product\/mumienschlafsack-fuer-erwachsene-camping-3-jahreszeiten-5\/","title":{"rendered":"Mumienschlafsack f\u00fcr Erwachsene Camping 3 Jahreszeiten"},"content":{"rendered":"<p>Mit diesem Mumienschlafsack genie\u00dft du Komfort auf deinen Abenteuern. Egal, ob beim Campen, Wandern oder auf Reisen, er ist dein perfekter Begleiter. Langlebig und wasserfest: Dieser Schlafsack verf\u00fcgt \u00fcber eine Au\u00dfenschicht aus Polyester und eine PP-Polsterung, wodurch er langlebig, feuchtigkeitsfest, wasserfest und witterungsbest\u00e4ndig ist.Bequem und warm: Der Schlafsack ist mit Polypropylen gef\u00fcllt. Zudem l\u00e4sst sich die Kapuze \u00fcber den Kordelzug um deinen Kopf ziehen, um einen warmen und bequemen Schlaf zu genie\u00dfen. Doppelseitiger Rei\u00dfverschluss: Der Schlafsack ist mit einem doppelseitigen Rei\u00dfverschluss ausgestattet, der die interne Luftzirkulation verbessert und eine einfache Regelung der Temperatur im Schlafsack erm\u00f6glicht. Zudem verf\u00fcgt er \u00fcber Sicherheitsgurte, die das L\u00f6sen des Rei\u00dfverschlusses verhindern.Einfacher Transport und einfache Lagerung: Dieser Schlafsack kennzeichnet sich durch ein geringes Eigengewicht und l\u00e4sst sich nach dem Zusammenrollen im kompakten Transportbeutel platzsparend verstauen. Zudem ist er mit einer Aufh\u00e4ngeschlaufe versehen, die den Transport und die Lagerung erleichtert. Mumienform: Dieser Mumienschlafsack wurde mit Bedacht auf W\u00e4rme entwickelt. Seine schmale Mumienform schmiegt sich eng an den K\u00f6rper, um die nat\u00fcrliche K\u00f6rperw\u00e4rme zu speichern und vor K\u00e4lte zu isolieren.Breite Anwendungen: Dieser Schlafsack sorgt f\u00fcr einen guten und erholsamen Schlaf nach einem harten Wandertag. Er eignet sich f\u00fcr Camping, Trekking, Wandern, Reisen oder andere Aktivit\u00e4ten im Freien und l\u00e4sst sich im Fr\u00fchling, Sommer und Herbst verwenden.<\/p>\n<ul>\n<li>Farbe: Schwarz und Rot<\/li>\n<li>Au\u00dfenmaterial: Stoff (190T Polyester)<\/li>\n<li>F\u00fcllmaterial: PP (Polypropylen)<\/li>\n<li>Gr\u00f6\u00dfe des Schlafsacks: 215 x 85 cm (L x B)<\/li>\n<li>Abmessungen des Packsacks: 17,5 x 24 cm (Durchmesser x H)<\/li>\n<li>Gewicht: 1300 g<\/li>\n<li>Geeignete Jahreszeit: Fr\u00fchling \/ Sommer \/ Herbst<\/li>\n<li>Temperaturbereich: 10\u2103-20\u2103<\/li>\n<li>Form: Mumie<\/li>\n<li>Geeignet f\u00fcr: 1 Person<\/li>\n<li>Mit Aufh\u00e4ngeschlaufe<\/li>\n<li>Aufbewahrungstasche inbegriffen<\/li>\n<li>Geeignet f\u00fcr: Erwachsene<\/li>\n<\/ul>\n","protected":false},"excerpt":{"rendered":"<ul>\n<li>Farbe: Schwarz und Rot<\/li>\n<li>Au\u00dfenmaterial: Stoff (190T Polyester)<\/li>\n<li>F\u00fcllmaterial: PP (Polypropylen)<\/li>\n<li>Gr\u00f6\u00dfe des Schlafsacks: 215 x 85 cm (L x B)<\/li>\n<li>Abmessungen des Packsacks: 17,5 x 24 cm (Durchmesser x H)<\/li>\n<li>Gewicht: 1300 g<\/li>\n<li>Geeignete Jahreszeit: Fr\u00fchling \/ Sommer \/ Herbst<\/li>\n<li>Temperaturbereich: 10\u2103-20\u2103<\/li>\n<li>Form: Mumie<\/li>\n<li>Geeignet f\u00fcr: 1 Person<\/li>\n<li>Mit Aufh\u00e4ngeschlaufe<\/li>\n<li>Aufbewahrungstasche inbegriffen<\/li>\n<li>Geeignet f\u00fcr: Erwachsene<\/li>\n<\/ul>\n","protected":false},"featured_media":10000055908,"comment_status":"closed","ping_status":"closed","template":"","meta":[],"product_brand":[],"product_cat":[6859,6837,6957,6836],"product_tag":[],"class_list":{"0":"post-55908","1":"product","2":"type-product","3":"status-publish","4":"has-post-thumbnail","6":"product_cat-camping-wandern","7":"product_cat-outdoor-aktivitaeten","8":"product_cat-schlafsaecke","9":"product_cat-sportartikel","11":"first","12":"instock","13":"taxable","14":"shipping-taxable","15":"purchasable","16":"product-type-simple","17":"add-to-wishlist-after_add_to_cart"},"jetpack_sharing_enabled":true,"_links":{"self":[{"href":"https:\/\/de-prime.com\/index.php\/wp-json\/wp\/v2\/product\/55908","targetHints":{"allow":["GET"]}}],"collection":[{"href":"https:\/\/de-prime.com\/index.php\/wp-json\/wp\/v2\/product"}],"about":[{"href":"https:\/\/de-prime.com\/index.php\/wp-json\/wp\/v2\/types\/product"}],"replies":[{"embeddable":true,"href":"https:\/\/de-prime.com\/index.php\/wp-json\/wp\/v2\/comments?post=55908"}],"wp:featuredmedia":[{"embeddable":true,"href":"https:\/\/de-prime.com\/index.php\/wp-json\/"}],"wp:attachment":[{"href":"https:\/\/de-prime.com\/index.php\/wp-json\/wp\/v2\/media?parent=55908"}],"wp:term":[{"taxonomy":"product_brand","embeddable":true,"href":"https:\/\/de-prime.com\/index.php\/wp-json\/wp\/v2\/product_brand?post=55908"},{"taxonomy":"product_cat","embeddable":true,"href":"https:\/\/de-prime.com\/index.php\/wp-json\/wp\/v2\/product_cat?post=55908"},{"taxonomy":"product_tag","embeddable":true,"href":"https:\/\/de-prime.com\/index.php\/wp-json\/wp\/v2\/product_tag?post=55908"}],"curies":[{"name":"wp","href":"https:\/\/api.w.org\/{rel}","templated":true}]}}