{"id":55904,"date":"2024-10-01T16:14:20","date_gmt":"2024-10-01T16:14:20","guid":{"rendered":"https:\/\/de-prime.com\/?p=55904"},"modified":"2024-10-01T16:40:11","modified_gmt":"2024-10-01T16:40:11","slug":"mumienschlafsack-fuer-erwachsene-camping-3-jahreszeiten","status":"publish","type":"product","link":"https:\/\/de-prime.com\/index.php\/product\/mumienschlafsack-fuer-erwachsene-camping-3-jahreszeiten\/","title":{"rendered":"Mumienschlafsack f\u00fcr Erwachsene Camping 3 Jahreszeiten"},"content":{"rendered":"<p>Mit diesem Mumienschlafsack genie\u00dft du Komfort auf deinen Abenteuern. Egal, ob beim Campen, Wandern oder auf Reisen, er ist dein perfekter Begleiter. Langlebig und wasserfest: Dieser Schlafsack hat ein Polyester-Au\u00dfenmaterial und eine PP-F\u00fcllung, wodurch er langlebig, feuchtigkeitsbest\u00e4ndig, wasserfest und wetterbest\u00e4ndig ist.Bequem und warm: Der Schlafsack ist mit Polypropylen-F\u00fcllung und einer Kapuze mit Gummizug ausgestattet und bietet so einen warmen und bequemen Schlaf. Beidseitiger Rei\u00dfverschluss: Der Schlafsack ist mit einem beidseitigen Rei\u00dfverschluss ausgestattet, der die interne Luftzirkulation verbessert und eine einfache Temperaturregulierung im Schlafsack erm\u00f6glicht. Zudem verf\u00fcgt er \u00fcber Sicherheitsgurte, die das L\u00f6sen des Rei\u00dfverschlusses verhindern.Leicht zu tragen und zu verstauen: Dieser Schlafsack kennzeichnet sich durch ein geringes Eigengewicht und l\u00e4sst sich nach dem Zusammenrollen im kompakten Aufbewahrungsbeutel platzsparend verstauen. Au\u00dferdem ist er mit einem Band zum Aufh\u00e4ngen ausgestattet, was das Tragen und Aufbewahren erleichtert. Mumienform: Dieser Mumien-Schlafsack wurde speziell im Hinblick auf W\u00e4rme entwickelt. Seine schmale Mumienform schmiegt sich eng an den K\u00f6rper an, um die nat\u00fcrliche K\u00f6rperw\u00e4rme zu speichern und vor K\u00e4lte zu isolieren.Breite Anwendungen: Dieser Schlafsack sorgt f\u00fcr einen guten und erholsamen Schlaf nach einem harten Wandertag. Er eignet sich f\u00fcr Camping, Trekking, Wandern, Reisen oder andere Aktivit\u00e4ten im Freien und l\u00e4sst sich im Fr\u00fchling, Sommer und Herbst verwenden.<\/p>\n<ul>\n<li>Farbe: Schwarz und Rot<\/li>\n<li>Material des Bezugs: Stoff (190T Polyester)<\/li>\n<li>Material der F\u00fcllung: PP (Polypropylen)<\/li>\n<li>Schlafsack-Gr\u00f6\u00dfe: 215 x 85 cm (L x B)<\/li>\n<li>Packsack-Gr\u00f6\u00dfe: 15 x 20 cm (Durchmesser x H)<\/li>\n<li>Gewicht: 950 g<\/li>\n<li>Geeignete Jahreszeit: Fr\u00fchling \/ Sommer \/ Herbst<\/li>\n<li>Temperaturbereich: 15\u2103 &#8211; 25\u2103<\/li>\n<li>Form: Mumie<\/li>\n<li>Geeignet f\u00fcr: 1 Person<\/li>\n<li>Mit Band zum Aufh\u00e4ngen<\/li>\n<li>Aufbewahrungstasche inbegriffen<\/li>\n<li>Geeignet f\u00fcr: Erwachsene<\/li>\n<\/ul>\n","protected":false},"excerpt":{"rendered":"<ul>\n<li>Farbe: Schwarz und Rot<\/li>\n<li>Material des Bezugs: Stoff (190T Polyester)<\/li>\n<li>Material der F\u00fcllung: PP (Polypropylen)<\/li>\n<li>Schlafsack-Gr\u00f6\u00dfe: 215 x 85 cm (L x B)<\/li>\n<li>Packsack-Gr\u00f6\u00dfe: 15 x 20 cm (Durchmesser x H)<\/li>\n<li>Gewicht: 950 g<\/li>\n<li>Geeignete Jahreszeit: Fr\u00fchling \/ Sommer \/ Herbst<\/li>\n<li>Temperaturbereich: 15\u2103 &#8211; 25\u2103<\/li>\n<li>Form: Mumie<\/li>\n<li>Geeignet f\u00fcr: 1 Person<\/li>\n<li>Mit Band zum Aufh\u00e4ngen<\/li>\n<li>Aufbewahrungstasche inbegriffen<\/li>\n<li>Geeignet f\u00fcr: Erwachsene<\/li>\n<\/ul>\n","protected":false},"featured_media":10000055904,"comment_status":"closed","ping_status":"closed","template":"","meta":[],"product_brand":[],"product_cat":[6859,6837,6957,6836],"product_tag":[],"class_list":{"0":"post-55904","1":"product","2":"type-product","3":"status-publish","4":"has-post-thumbnail","6":"product_cat-camping-wandern","7":"product_cat-outdoor-aktivitaeten","8":"product_cat-schlafsaecke","9":"product_cat-sportartikel","11":"first","12":"instock","13":"taxable","14":"shipping-taxable","15":"purchasable","16":"product-type-simple","17":"add-to-wishlist-after_add_to_cart"},"jetpack_sharing_enabled":true,"_links":{"self":[{"href":"https:\/\/de-prime.com\/index.php\/wp-json\/wp\/v2\/product\/55904","targetHints":{"allow":["GET"]}}],"collection":[{"href":"https:\/\/de-prime.com\/index.php\/wp-json\/wp\/v2\/product"}],"about":[{"href":"https:\/\/de-prime.com\/index.php\/wp-json\/wp\/v2\/types\/product"}],"replies":[{"embeddable":true,"href":"https:\/\/de-prime.com\/index.php\/wp-json\/wp\/v2\/comments?post=55904"}],"wp:featuredmedia":[{"embeddable":true,"href":"https:\/\/de-prime.com\/index.php\/wp-json\/"}],"wp:attachment":[{"href":"https:\/\/de-prime.com\/index.php\/wp-json\/wp\/v2\/media?parent=55904"}],"wp:term":[{"taxonomy":"product_brand","embeddable":true,"href":"https:\/\/de-prime.com\/index.php\/wp-json\/wp\/v2\/product_brand?post=55904"},{"taxonomy":"product_cat","embeddable":true,"href":"https:\/\/de-prime.com\/index.php\/wp-json\/wp\/v2\/product_cat?post=55904"},{"taxonomy":"product_tag","embeddable":true,"href":"https:\/\/de-prime.com\/index.php\/wp-json\/wp\/v2\/product_tag?post=55904"}],"curies":[{"name":"wp","href":"https:\/\/api.w.org\/{rel}","templated":true}]}}