{"id":55894,"date":"2024-10-01T16:14:20","date_gmt":"2024-10-01T16:14:20","guid":{"rendered":"https:\/\/de-prime.com\/?p=55894"},"modified":"2024-10-01T16:44:45","modified_gmt":"2024-10-01T16:44:45","slug":"zielscheibenstaender-mit-schiesspapieren-78x76-cm-stahl","status":"publish","type":"product","link":"https:\/\/de-prime.com\/index.php\/product\/zielscheibenstaender-mit-schiesspapieren-78x76-cm-stahl\/","title":{"rendered":"Zielscheibenst\u00e4nder mit Schie\u00dfpapieren 78&#215;76 cm Stahl"},"content":{"rendered":"<p>Dieser Zielscheibenst\u00e4nder aus Papier ist eine hervorragende Trainingshilfe zum \u00dcben von Scheibenschie\u00dfen und Wettk\u00e4mpfen. Dank der robusten Stahlkonstruktion ist der Papierst\u00e4nder f\u00fcr die Ewigkeit gebaut. Au\u00dferdem bietet es einen sicheren und herausfordernden Spa\u00df f\u00fcr die ganze Familie. Dieser Zielst\u00e4nder ist einfach zu montieren. Im Lieferumfang sind auch 10 Schie\u00dfpapiere enthalten.<\/p>\n<ul>\n<li>Material: Stahl<\/li>\n<li>Gr\u00f6\u00dfe: 78 x 76 cm (B x H)<\/li>\n<li>Im Lieferumfang sind 10 St\u00fcck Zielpapiere enthalten<\/li>\n<li><strong>Hinweis:<\/strong> DIES IST KEIN SPIELZEUG<\/li>\n<li><strong>Hinweis:<\/strong> Tragen Sie immer Schutzausr\u00fcstung, wenn Sie dieses Produkt verwenden.<\/li>\n<li><strong>Hinweis:<\/strong> Die minimale Schussentfernung betr\u00e4gt 10 Meter.<\/li>\n<\/ul>\n","protected":false},"excerpt":{"rendered":"<ul>\n<li>Material: Stahl<\/li>\n<li>Gr\u00f6\u00dfe: 78 x 76 cm (B x H)<\/li>\n<li>Im Lieferumfang sind 10 St\u00fcck Zielpapiere enthalten<\/li>\n<li><strong>Hinweis:<\/strong> DIES IST KEIN SPIELZEUG<\/li>\n<li><strong>Hinweis:<\/strong> Tragen Sie immer Schutzausr\u00fcstung, wenn Sie dieses Produkt verwenden.<\/li>\n<li><strong>Hinweis:<\/strong> Die minimale Schussentfernung betr\u00e4gt 10 Meter.<\/li>\n<\/ul>\n","protected":false},"featured_media":10000055894,"comment_status":"closed","ping_status":"closed","template":"","meta":[],"product_brand":[],"product_cat":[6866,6837,6956,6955,6836],"product_tag":[],"class_list":{"0":"post-55894","1":"product","2":"type-product","3":"status-publish","4":"has-post-thumbnail","6":"product_cat-jagen-und-schiessen","7":"product_cat-outdoor-aktivitaeten","8":"product_cat-schiesssport-zubehoer","9":"product_cat-schiesssportzubehoer","10":"product_cat-sportartikel","12":"first","13":"instock","14":"taxable","15":"shipping-taxable","16":"purchasable","17":"product-type-simple","18":"add-to-wishlist-after_add_to_cart"},"jetpack_sharing_enabled":true,"_links":{"self":[{"href":"https:\/\/de-prime.com\/index.php\/wp-json\/wp\/v2\/product\/55894","targetHints":{"allow":["GET"]}}],"collection":[{"href":"https:\/\/de-prime.com\/index.php\/wp-json\/wp\/v2\/product"}],"about":[{"href":"https:\/\/de-prime.com\/index.php\/wp-json\/wp\/v2\/types\/product"}],"replies":[{"embeddable":true,"href":"https:\/\/de-prime.com\/index.php\/wp-json\/wp\/v2\/comments?post=55894"}],"wp:featuredmedia":[{"embeddable":true,"href":"https:\/\/de-prime.com\/index.php\/wp-json\/"}],"wp:attachment":[{"href":"https:\/\/de-prime.com\/index.php\/wp-json\/wp\/v2\/media?parent=55894"}],"wp:term":[{"taxonomy":"product_brand","embeddable":true,"href":"https:\/\/de-prime.com\/index.php\/wp-json\/wp\/v2\/product_brand?post=55894"},{"taxonomy":"product_cat","embeddable":true,"href":"https:\/\/de-prime.com\/index.php\/wp-json\/wp\/v2\/product_cat?post=55894"},{"taxonomy":"product_tag","embeddable":true,"href":"https:\/\/de-prime.com\/index.php\/wp-json\/wp\/v2\/product_tag?post=55894"}],"curies":[{"name":"wp","href":"https:\/\/api.w.org\/{rel}","templated":true}]}}