{"id":55892,"date":"2024-10-01T16:14:20","date_gmt":"2024-10-01T16:14:20","guid":{"rendered":"https:\/\/de-prime.com\/?p=55892"},"modified":"2024-10-01T16:44:44","modified_gmt":"2024-10-01T16:44:44","slug":"scheibenkasten-2-ziele-rund-und-ente","status":"publish","type":"product","link":"https:\/\/de-prime.com\/index.php\/product\/scheibenkasten-2-ziele-rund-und-ente\/","title":{"rendered":"Scheibenkasten 2 Ziele Rund und Ente"},"content":{"rendered":"<p>Dieser Scheibenkasten mit 2 Zielen ist ideal f\u00fcr Schie\u00df\u00fcbungen geeigent. Es ist ideal f\u00fcr kleine Waffen wie Luftgewehre, Pistolen und BB-Waffen. Die 2 roten Ziele sind auch aus der Ferne gut sichtbar. Dank der robusten Stahlkonstruktion ist es langlebig und bietet einen sicheren und herausfordernden Spa\u00df f\u00fcr die ganze Familie. Dieser Scheibenkasten kann entweder an der Wand montiert oder freistehend auf flachen Oberfl\u00e4chen verwendet werden.<\/p>\n<ul>\n<li>Material: Stahl<\/li>\n<li>Abmessungen: 15 x 12 x 14 cm (L x B x H)<\/li>\n<li>Geeignet f\u00fcr schwache Luftgewehre und Luftpistolen<\/li>\n<li>Zur Montage an der Wand oder freistehend<\/li>\n<li>Kein Zusammenbau erforderlich<\/li>\n<li><strong>Hinweis:<\/strong> DIES IST KEIN SPIELZEUG<\/li>\n<li><strong>Hinweis:<\/strong> Tragen Sie immer Schutzausr\u00fcstung, wenn Sie dieses Produkt verwenden.<\/li>\n<li><strong>Hinweis:<\/strong> Die minimale Schussentfernung betr\u00e4gt 10 Meter.<\/li>\n<\/ul>\n","protected":false},"excerpt":{"rendered":"<ul>\n<li>Material: Stahl<\/li>\n<li>Abmessungen: 15 x 12 x 14 cm (L x B x H)<\/li>\n<li>Geeignet f\u00fcr schwache Luftgewehre und Luftpistolen<\/li>\n<li>Zur Montage an der Wand oder freistehend<\/li>\n<li>Kein Zusammenbau erforderlich<\/li>\n<li><strong>Hinweis:<\/strong> DIES IST KEIN SPIELZEUG<\/li>\n<li><strong>Hinweis:<\/strong> Tragen Sie immer Schutzausr\u00fcstung, wenn Sie dieses Produkt verwenden.<\/li>\n<li><strong>Hinweis:<\/strong> Die minimale Schussentfernung betr\u00e4gt 10 Meter.<\/li>\n<\/ul>\n","protected":false},"featured_media":10000055892,"comment_status":"closed","ping_status":"closed","template":"","meta":[],"product_brand":[],"product_cat":[6866,6837,6956,6955,6836],"product_tag":[],"class_list":{"0":"post-55892","1":"product","2":"type-product","3":"status-publish","4":"has-post-thumbnail","6":"product_cat-jagen-und-schiessen","7":"product_cat-outdoor-aktivitaeten","8":"product_cat-schiesssport-zubehoer","9":"product_cat-schiesssportzubehoer","10":"product_cat-sportartikel","12":"first","13":"instock","14":"taxable","15":"shipping-taxable","16":"purchasable","17":"product-type-simple","18":"add-to-wishlist-after_add_to_cart"},"jetpack_sharing_enabled":true,"_links":{"self":[{"href":"https:\/\/de-prime.com\/index.php\/wp-json\/wp\/v2\/product\/55892","targetHints":{"allow":["GET"]}}],"collection":[{"href":"https:\/\/de-prime.com\/index.php\/wp-json\/wp\/v2\/product"}],"about":[{"href":"https:\/\/de-prime.com\/index.php\/wp-json\/wp\/v2\/types\/product"}],"replies":[{"embeddable":true,"href":"https:\/\/de-prime.com\/index.php\/wp-json\/wp\/v2\/comments?post=55892"}],"wp:featuredmedia":[{"embeddable":true,"href":"https:\/\/de-prime.com\/index.php\/wp-json\/"}],"wp:attachment":[{"href":"https:\/\/de-prime.com\/index.php\/wp-json\/wp\/v2\/media?parent=55892"}],"wp:term":[{"taxonomy":"product_brand","embeddable":true,"href":"https:\/\/de-prime.com\/index.php\/wp-json\/wp\/v2\/product_brand?post=55892"},{"taxonomy":"product_cat","embeddable":true,"href":"https:\/\/de-prime.com\/index.php\/wp-json\/wp\/v2\/product_cat?post=55892"},{"taxonomy":"product_tag","embeddable":true,"href":"https:\/\/de-prime.com\/index.php\/wp-json\/wp\/v2\/product_tag?post=55892"}],"curies":[{"name":"wp","href":"https:\/\/api.w.org\/{rel}","templated":true}]}}