{"id":55889,"date":"2024-10-01T16:14:19","date_gmt":"2024-10-01T16:14:19","guid":{"rendered":"https:\/\/de-prime.com\/?p=55889"},"modified":"2024-10-01T16:42:37","modified_gmt":"2024-10-01T16:42:37","slug":"kugelfang-14-cm-100-zielscheiben-aus-papier-quadratisch","status":"publish","type":"product","link":"https:\/\/de-prime.com\/index.php\/product\/kugelfang-14-cm-100-zielscheiben-aus-papier-quadratisch\/","title":{"rendered":"Kugelfang 14 cm + 100 Zielscheiben aus Papier Quadratisch"},"content":{"rendered":"<p>Dieser hochwertige, quadratische Kugelfang ist eine hervorragende Trainingshilfe f\u00fcr Schie\u00df\u00fcbungen. Er ist aus strapazierf\u00e4higem Stahl gefertigt, ist dadurch robust und langlebig. Diese Zielscheibenhalterung kann 14 cm lange Papierzielscheiben aufnehmen und sammelt die Pellets automatisch ein, was das Aufr\u00e4umen erleichtert. Dieser quadratische Kugelfang kann dank der R\u00fcckenst\u00fctze, die f\u00fcr zus\u00e4tzliche Stabilit\u00e4t sorgt, freistehend auf jeder ebenen Fl\u00e4che verwendet werden. Die Lieferung umfasst auch eine Packung mit 100 x 14 cm gro\u00dfen Zielscheiben aus Papier.<\/p>\n<ul>\n<li>Material: Stahl<\/li>\n<li>Abmessungen: 14,5 x 5 x 14,5 cm (L x B x H)<\/li>\n<li>H\u00e4lt 14 cm Papier-Zielscheiben<\/li>\n<li>F\u00e4ngt Luftgewehrkugeln automatisch auf<\/li>\n<li>Freistehend auf jeder ebenen Fl\u00e4che<\/li>\n<li><strong>Achtung:<\/strong> DIES IST KEIN SPIELZEUG!<\/li>\n<li><strong>Achtung:<\/strong> Trage immer Schutzausr\u00fcstung, wenn du dieses Produkt verwendest.<\/li>\n<li><strong>Achtung:<\/strong> Mindestschussentfernung 10 Meter.<\/li>\n<li><strong>Lieferung beinhaltet:<\/strong><\/li>\n<li>1 x Zielscheiben-Halter<\/li>\n<li>100 x 14 cm gro\u00dfe Papierzielscheiben<\/li>\n<\/ul>\n","protected":false},"excerpt":{"rendered":"<ul>\n<li>Material: Stahl<\/li>\n<li>Abmessungen: 14,5 x 5 x 14,5 cm (L x B x H)<\/li>\n<li>H\u00e4lt 14 cm Papier-Zielscheiben<\/li>\n<li>F\u00e4ngt Luftgewehrkugeln automatisch auf<\/li>\n<li>Freistehend auf jeder ebenen Fl\u00e4che<\/li>\n<li><strong>Achtung:<\/strong> DIES IST KEIN SPIELZEUG!<\/li>\n<li><strong>Achtung:<\/strong> Trage immer Schutzausr\u00fcstung, wenn du dieses Produkt verwendest.<\/li>\n<li><strong>Achtung:<\/strong> Mindestschussentfernung 10 Meter.<\/li>\n<li><strong>Lieferung beinhaltet:<\/strong><\/li>\n<li>1 x Zielscheiben-Halter<\/li>\n<li>100 x 14 cm gro\u00dfe Papierzielscheiben<\/li>\n<\/ul>\n","protected":false},"featured_media":10000055889,"comment_status":"closed","ping_status":"closed","template":"","meta":[],"product_brand":[],"product_cat":[6866,6837,6956,6955,6836],"product_tag":[],"class_list":{"0":"post-55889","1":"product","2":"type-product","3":"status-publish","4":"has-post-thumbnail","6":"product_cat-jagen-und-schiessen","7":"product_cat-outdoor-aktivitaeten","8":"product_cat-schiesssport-zubehoer","9":"product_cat-schiesssportzubehoer","10":"product_cat-sportartikel","12":"first","13":"instock","14":"taxable","15":"shipping-taxable","16":"purchasable","17":"product-type-simple","18":"add-to-wishlist-after_add_to_cart"},"jetpack_sharing_enabled":true,"_links":{"self":[{"href":"https:\/\/de-prime.com\/index.php\/wp-json\/wp\/v2\/product\/55889","targetHints":{"allow":["GET"]}}],"collection":[{"href":"https:\/\/de-prime.com\/index.php\/wp-json\/wp\/v2\/product"}],"about":[{"href":"https:\/\/de-prime.com\/index.php\/wp-json\/wp\/v2\/types\/product"}],"replies":[{"embeddable":true,"href":"https:\/\/de-prime.com\/index.php\/wp-json\/wp\/v2\/comments?post=55889"}],"wp:featuredmedia":[{"embeddable":true,"href":"https:\/\/de-prime.com\/index.php\/wp-json\/"}],"wp:attachment":[{"href":"https:\/\/de-prime.com\/index.php\/wp-json\/wp\/v2\/media?parent=55889"}],"wp:term":[{"taxonomy":"product_brand","embeddable":true,"href":"https:\/\/de-prime.com\/index.php\/wp-json\/wp\/v2\/product_brand?post=55889"},{"taxonomy":"product_cat","embeddable":true,"href":"https:\/\/de-prime.com\/index.php\/wp-json\/wp\/v2\/product_cat?post=55889"},{"taxonomy":"product_tag","embeddable":true,"href":"https:\/\/de-prime.com\/index.php\/wp-json\/wp\/v2\/product_tag?post=55889"}],"curies":[{"name":"wp","href":"https:\/\/api.w.org\/{rel}","templated":true}]}}