{"id":55888,"date":"2024-10-01T16:14:19","date_gmt":"2024-10-01T16:14:19","guid":{"rendered":"https:\/\/de-prime.com\/?p=55888"},"modified":"2024-10-01T16:42:36","modified_gmt":"2024-10-01T16:42:36","slug":"auto-reset-zielscheiben-halterung-mit-4-1-zielen","status":"publish","type":"product","link":"https:\/\/de-prime.com\/index.php\/product\/auto-reset-zielscheiben-halterung-mit-4-1-zielen\/","title":{"rendered":"Auto Reset Zielscheiben-Halterung mit 4 + 1 Zielen"},"content":{"rendered":"<p>Diese Auto Reset Zielscheiben-Halterung mit 4 + 1 Zielen ist ideal geeignet, um Ihre Treffsicherheit zu verbessern. Es eignet sich dabei sowohl f\u00fcr Wettbewerbe als auch zum privaten \u00dcben.\/\/ Diese Auto Reset Zielscheiben-Halterung eignet sich hervorragend f\u00fcr Wettbewerbe oder Ziel\u00fcbungen. Schie\u00dfe zuerst auf die 4 unteren Ziele und zuletzt auf das obere Ziel in der Mitte, um es automatisch zur\u00fcckzusetzen, ohne dabei die Ziele manuell zur\u00fccksetzen zu m\u00fcssen. Mit leuchtend orangefarbenen Scheibenaufklebern sind die Scheiben auch aus gro\u00dfer Entfernung sehr gut zu erkennen. Dank des robusten Stahlrahmens mit zwei zus\u00e4tzlichen St\u00fctzbeinen ist dieser drehende Schie\u00dfziel robust und langlebig. Es l\u00e4sst sich zur einfachen Aufbewahrung schnell zusammenklappen.<\/p>\n<ul>\n<li>Material: Stahl<\/li>\n<li>Gesamtabmessungen (zusammengeklappt): 16,5 x 37 cm (B x H)<\/li>\n<li>Zieldurchmesser: 43 mm<\/li>\n<li>Flach klappbar zur einfachen Verstauung<\/li>\n<li>Lieferung enth\u00e4lt 10 orangene Zielsticker<\/li>\n<li><strong>Hinweis:<\/strong> DIES IST KEIN SPIELZEUG<\/li>\n<li><strong>Hinweis:<\/strong> Tragen Sie immer Schutzausr\u00fcstung, wenn Sie dieses Produkt verwenden.<\/li>\n<li><strong>Hinweis:<\/strong> Die minimale Schussentfernung betr\u00e4gt 10 Meter.<\/li>\n<\/ul>\n","protected":false},"excerpt":{"rendered":"<ul>\n<li>Material: Stahl<\/li>\n<li>Gesamtabmessungen (zusammengeklappt): 16,5 x 37 cm (B x H)<\/li>\n<li>Zieldurchmesser: 43 mm<\/li>\n<li>Flach klappbar zur einfachen Verstauung<\/li>\n<li>Lieferung enth\u00e4lt 10 orangene Zielsticker<\/li>\n<li><strong>Hinweis:<\/strong> DIES IST KEIN SPIELZEUG<\/li>\n<li><strong>Hinweis:<\/strong> Tragen Sie immer Schutzausr\u00fcstung, wenn Sie dieses Produkt verwenden.<\/li>\n<li><strong>Hinweis:<\/strong> Die minimale Schussentfernung betr\u00e4gt 10 Meter.<\/li>\n<\/ul>\n","protected":false},"featured_media":10000055888,"comment_status":"closed","ping_status":"closed","template":"","meta":[],"product_brand":[],"product_cat":[6866,6837,6956,6955,6836],"product_tag":[],"class_list":{"0":"post-55888","1":"product","2":"type-product","3":"status-publish","4":"has-post-thumbnail","6":"product_cat-jagen-und-schiessen","7":"product_cat-outdoor-aktivitaeten","8":"product_cat-schiesssport-zubehoer","9":"product_cat-schiesssportzubehoer","10":"product_cat-sportartikel","12":"first","13":"instock","14":"taxable","15":"shipping-taxable","16":"purchasable","17":"product-type-simple","18":"add-to-wishlist-after_add_to_cart"},"jetpack_sharing_enabled":true,"_links":{"self":[{"href":"https:\/\/de-prime.com\/index.php\/wp-json\/wp\/v2\/product\/55888","targetHints":{"allow":["GET"]}}],"collection":[{"href":"https:\/\/de-prime.com\/index.php\/wp-json\/wp\/v2\/product"}],"about":[{"href":"https:\/\/de-prime.com\/index.php\/wp-json\/wp\/v2\/types\/product"}],"replies":[{"embeddable":true,"href":"https:\/\/de-prime.com\/index.php\/wp-json\/wp\/v2\/comments?post=55888"}],"wp:featuredmedia":[{"embeddable":true,"href":"https:\/\/de-prime.com\/index.php\/wp-json\/"}],"wp:attachment":[{"href":"https:\/\/de-prime.com\/index.php\/wp-json\/wp\/v2\/media?parent=55888"}],"wp:term":[{"taxonomy":"product_brand","embeddable":true,"href":"https:\/\/de-prime.com\/index.php\/wp-json\/wp\/v2\/product_brand?post=55888"},{"taxonomy":"product_cat","embeddable":true,"href":"https:\/\/de-prime.com\/index.php\/wp-json\/wp\/v2\/product_cat?post=55888"},{"taxonomy":"product_tag","embeddable":true,"href":"https:\/\/de-prime.com\/index.php\/wp-json\/wp\/v2\/product_tag?post=55888"}],"curies":[{"name":"wp","href":"https:\/\/api.w.org\/{rel}","templated":true}]}}