{"id":55887,"date":"2024-10-01T16:14:19","date_gmt":"2024-10-01T16:14:19","guid":{"rendered":"https:\/\/de-prime.com\/?p=55887"},"modified":"2024-10-01T16:42:36","modified_gmt":"2024-10-01T16:42:36","slug":"kugelfang-14-cm-100-zielscheiben-aus-papier-trichter","status":"publish","type":"product","link":"https:\/\/de-prime.com\/index.php\/product\/kugelfang-14-cm-100-zielscheiben-aus-papier-trichter\/","title":{"rendered":"Kugelfang 14 cm + 100 Zielscheiben aus Papier Trichter"},"content":{"rendered":"<p>Dieser hochwertige, quadratische Kugelfang ist eine hervorragende Trainingshilfe f\u00fcr Schie\u00df\u00fcbungen. Der Scheibenkasten ist aus strapazierf\u00e4higem Stahl gefertigt, wodurch er robust und langlebig ist. Dieser Kugelfangkasten fasst 14&#215;14 cm gro\u00dfe Papierscheiben. Sein Trichter-Design hilft, Abpraller zu reduzieren. Der Kugelfang f\u00e4ngt Luftgewehr-Munition automatisch auf, was das Aufr\u00e4umen erleichtert. Dieser Kugelfang kann freistehend oder an einem Pfosten oder Wand befestigt verwendet werden. Die Lieferung umfasst auch eine Packung mit 100 Zielscheiben aus Papier (14 cm).<\/p>\n<ul>\n<li>Material: Stahl<\/li>\n<li>Abmessungen: 14,5 x 17,5 x 14 cm (L x B x H)<\/li>\n<li>H\u00e4lt 14 cm Papier-Zielscheiben<\/li>\n<li>F\u00e4ngt Luftgewehrkugeln automatisch auf<\/li>\n<li>Kann an einem Pfosten\/einer Wand befestigt oder freistehend verwendet werden<\/li>\n<li><strong>Lieferung beinhaltet:<\/strong><\/li>\n<li>1 x Zielscheiben-Halter<\/li>\n<li>100 x 14 cm gro\u00dfe Papierzielscheiben<\/li>\n<li><strong>Achtung:<\/strong> DIES IST KEIN SPIELZEUG!<\/li>\n<li><strong>Achtung:<\/strong> Trage immer Schutzausr\u00fcstung, wenn du dieses Produkt verwendest.<\/li>\n<li><strong>Achtung:<\/strong> Mindestschussentfernung 10 Meter.<\/li>\n<\/ul>\n","protected":false},"excerpt":{"rendered":"<ul>\n<li>Material: Stahl<\/li>\n<li>Abmessungen: 14,5 x 17,5 x 14 cm (L x B x H)<\/li>\n<li>H\u00e4lt 14 cm Papier-Zielscheiben<\/li>\n<li>F\u00e4ngt Luftgewehrkugeln automatisch auf<\/li>\n<li>Kann an einem Pfosten\/einer Wand befestigt oder freistehend verwendet werden<\/li>\n<li><strong>Lieferung beinhaltet:<\/strong><\/li>\n<li>1 x Zielscheiben-Halter<\/li>\n<li>100 x 14 cm gro\u00dfe Papierzielscheiben<\/li>\n<li><strong>Achtung:<\/strong> DIES IST KEIN SPIELZEUG!<\/li>\n<li><strong>Achtung:<\/strong> Trage immer Schutzausr\u00fcstung, wenn du dieses Produkt verwendest.<\/li>\n<li><strong>Achtung:<\/strong> Mindestschussentfernung 10 Meter.<\/li>\n<\/ul>\n","protected":false},"featured_media":10000055887,"comment_status":"closed","ping_status":"closed","template":"","meta":[],"product_brand":[],"product_cat":[6866,6837,6956,6955,6836],"product_tag":[],"class_list":{"0":"post-55887","1":"product","2":"type-product","3":"status-publish","4":"has-post-thumbnail","6":"product_cat-jagen-und-schiessen","7":"product_cat-outdoor-aktivitaeten","8":"product_cat-schiesssport-zubehoer","9":"product_cat-schiesssportzubehoer","10":"product_cat-sportartikel","12":"first","13":"instock","14":"taxable","15":"shipping-taxable","16":"purchasable","17":"product-type-simple","18":"add-to-wishlist-after_add_to_cart"},"jetpack_sharing_enabled":true,"_links":{"self":[{"href":"https:\/\/de-prime.com\/index.php\/wp-json\/wp\/v2\/product\/55887","targetHints":{"allow":["GET"]}}],"collection":[{"href":"https:\/\/de-prime.com\/index.php\/wp-json\/wp\/v2\/product"}],"about":[{"href":"https:\/\/de-prime.com\/index.php\/wp-json\/wp\/v2\/types\/product"}],"replies":[{"embeddable":true,"href":"https:\/\/de-prime.com\/index.php\/wp-json\/wp\/v2\/comments?post=55887"}],"wp:featuredmedia":[{"embeddable":true,"href":"https:\/\/de-prime.com\/index.php\/wp-json\/"}],"wp:attachment":[{"href":"https:\/\/de-prime.com\/index.php\/wp-json\/wp\/v2\/media?parent=55887"}],"wp:term":[{"taxonomy":"product_brand","embeddable":true,"href":"https:\/\/de-prime.com\/index.php\/wp-json\/wp\/v2\/product_brand?post=55887"},{"taxonomy":"product_cat","embeddable":true,"href":"https:\/\/de-prime.com\/index.php\/wp-json\/wp\/v2\/product_cat?post=55887"},{"taxonomy":"product_tag","embeddable":true,"href":"https:\/\/de-prime.com\/index.php\/wp-json\/wp\/v2\/product_tag?post=55887"}],"curies":[{"name":"wp","href":"https:\/\/api.w.org\/{rel}","templated":true}]}}