{"id":55881,"date":"2024-10-01T16:14:19","date_gmt":"2024-10-01T16:14:19","guid":{"rendered":"https:\/\/de-prime.com\/?p=55881"},"modified":"2024-10-01T16:44:44","modified_gmt":"2024-10-01T16:44:44","slug":"schaukeltier-esel-mit-rueckenlehne-pluesch-60x32x55-cm-grau","status":"publish","type":"product","link":"https:\/\/de-prime.com\/index.php\/product\/schaukeltier-esel-mit-rueckenlehne-pluesch-60x32x55-cm-grau\/","title":{"rendered":"Schaukeltier Esel mit R\u00fcckenlehne Pl\u00fcsch 60x32x55 cm Grau"},"content":{"rendered":"<p>Ihre Kinder werden es lieben, mit unserem niedlichen Schaukelesel zu spielen! Es wird ihr Lieblingsspielzeug sein und Komfort und Spass bringen. Das Schaukeltier verf\u00fcgt \u00fcber einen robusten Metallrahmen, weiche Polsterung und Pl\u00fcschbezug sowie eine solide Holzbasis. Es ist sicher, bequem und perfekt f\u00fcr Ihre Kinder geeignet. Der Schaukelstuhl ist f\u00fcr Kinder ab 12 Monaten geeignet. Das Spielzeug ist leicht zu montieren.<\/p>\n<ul>\n<li>Farbe: Grau<\/li>\n<li>Material: Metall-Rahmen mit weichem Pl\u00fcsch + Holz-Sockel<\/li>\n<li>Abmessungen: 60 x 32 x 55 cm (B x T x H)<\/li>\n<li>Max. Benutzergewicht: 25 kg<\/li>\n<li>Mit R\u00fcckenlehne<\/li>\n<li><span style=\"font-size: 13.12px\">Altersempfehlung: Geeignet f\u00fcr Kinder ab 12 Monaten.<\/span><\/li>\n<li>Einfacher Zusammenbau<\/li>\n<li>Material: Polyester: 100%<\/li>\n<\/ul>\n","protected":false},"excerpt":{"rendered":"<ul>\n<li>Farbe: Grau<\/li>\n<li>Material: Metall-Rahmen mit weichem Pl\u00fcsch + Holz-Sockel<\/li>\n<li>Abmessungen: 60 x 32 x 55 cm (B x T x H)<\/li>\n<li>Max. Benutzergewicht: 25 kg<\/li>\n<li>Mit R\u00fcckenlehne<\/li>\n<li><span style=\"font-size: 13.12px\">Altersempfehlung: Geeignet f\u00fcr Kinder ab 12 Monaten.<\/span><\/li>\n<li>Einfacher Zusammenbau<\/li>\n<li>Material: Polyester: 100%<\/li>\n<\/ul>\n","protected":false},"featured_media":10000055881,"comment_status":"closed","ping_status":"closed","template":"","meta":[],"product_brand":[],"product_cat":[6877,5570,6853,6852],"product_tag":[],"class_list":{"0":"post-55881","1":"product","2":"type-product","3":"status-publish","4":"has-post-thumbnail","6":"product_cat-kinderfahrzeuge","7":"product_cat-schaukelspielzeug","8":"product_cat-spielzeuge","9":"product_cat-spielzeuge-spiele","11":"first","12":"outofstock","13":"taxable","14":"shipping-taxable","15":"purchasable","16":"product-type-simple","17":"add-to-wishlist-after_add_to_cart"},"jetpack_sharing_enabled":true,"_links":{"self":[{"href":"https:\/\/de-prime.com\/index.php\/wp-json\/wp\/v2\/product\/55881","targetHints":{"allow":["GET"]}}],"collection":[{"href":"https:\/\/de-prime.com\/index.php\/wp-json\/wp\/v2\/product"}],"about":[{"href":"https:\/\/de-prime.com\/index.php\/wp-json\/wp\/v2\/types\/product"}],"replies":[{"embeddable":true,"href":"https:\/\/de-prime.com\/index.php\/wp-json\/wp\/v2\/comments?post=55881"}],"wp:featuredmedia":[{"embeddable":true,"href":"https:\/\/de-prime.com\/index.php\/wp-json\/"}],"wp:attachment":[{"href":"https:\/\/de-prime.com\/index.php\/wp-json\/wp\/v2\/media?parent=55881"}],"wp:term":[{"taxonomy":"product_brand","embeddable":true,"href":"https:\/\/de-prime.com\/index.php\/wp-json\/wp\/v2\/product_brand?post=55881"},{"taxonomy":"product_cat","embeddable":true,"href":"https:\/\/de-prime.com\/index.php\/wp-json\/wp\/v2\/product_cat?post=55881"},{"taxonomy":"product_tag","embeddable":true,"href":"https:\/\/de-prime.com\/index.php\/wp-json\/wp\/v2\/product_tag?post=55881"}],"curies":[{"name":"wp","href":"https:\/\/api.w.org\/{rel}","templated":true}]}}