{"id":55870,"date":"2024-10-01T16:14:18","date_gmt":"2024-10-01T16:14:18","guid":{"rendered":"https:\/\/de-prime.com\/?p=55870"},"modified":"2024-10-01T16:42:04","modified_gmt":"2024-10-01T16:42:04","slug":"sattelschrank-schwarz-53x53x140-cm-stahl","status":"publish","type":"product","link":"https:\/\/de-prime.com\/index.php\/product\/sattelschrank-schwarz-53x53x140-cm-stahl\/","title":{"rendered":"Sattelschrank Schwarz 53x53x140 cm Stahl"},"content":{"rendered":"<p>Dieser Sattelschrank ist eine ausgezeichnete Wahl f\u00fcr die Aufbewahrung Ihrer Reitsportausr\u00fcstung und ist mit seinem coolen Stil eine praktische und auff\u00e4llige Erg\u00e4nzung zu Ihrer Sattelkammer und Ihrem Stall. Mit 2 F\u00e4chern und abschlie\u00dfbaren T\u00fcren versehen, bietet dieser Sattelschrank reichlich Stauraum f\u00fcr die sichere und \u00fcbersichtliche Aufbewahrung von Pferdezubeh\u00f6r. Zudem ist dieser Schlie\u00dffachschrank aus hochwertigem Stahl gefertigt und ist daher nicht nur langlebig, sondern l\u00e4sst sich auch einfach reinigen.<\/p>\n<ul>\n<li>Farbe: Schwarz<\/li>\n<li>Material: Stahl<\/li>\n<li>Abmessungen: 53 x 53 x 140 cm (L x B x H)<\/li>\n<li>Innenma\u00dfe des oberen Fachs: 45 x 53 x 31,5 cm (L x B x H)<\/li>\n<li>Innenma\u00dfe des unteren Fachs: 45 x 48,5 x 90,5 cm (L x B x H)<\/li>\n<li>Minimale H\u00f6he des Sattelhalters: 18,5 cm<\/li>\n<li>Maximale H\u00f6he des Sattelhalters: 78,5 cm<\/li>\n<li>Sattelhalter und Haken sind h\u00f6henverstellbar<\/li>\n<li>Mit 2 abschlie\u00dfbaren T\u00fcren (Schl\u00fcssel inbegriffen)<\/li>\n<li>Mit 1 Sattelhalter, 2 B\u00f6den (nicht verstellbar) und 4 Haken<\/li>\n<li>Tragf\u00e4higkeit des Sattelhalters: 15 kg<\/li>\n<li>Belastbarkeit pro Regalboden: 10 kg<\/li>\n<li>Gesamtbelastbarkeit (oberes und unteres Fach): 20 kg<\/li>\n<li>Zusammenbau erforderlich: Ja<\/li>\n<li><strong>WARNUNG<\/strong>: Um ein Umkippen zu vermeiden, muss dieses Produkt mit der mitgelieferten Halterung an der Wand gesichert werden.<\/li>\n<li>Legal Documents:\n<p><span>Weitere Informationen, wie Sie Ihre M\u00f6bel vor dem Umkippen sch\u00fctzen k\u00f6nnen; finden Sie <a title=\"https:\/\/bit.ly\/34j3g16\" href=\"https:\/\/bit.ly\/34j3g16\" target=\"_blank\">hier<\/a><\/span><\/p>\n<\/li>\n<\/ul>\n","protected":false},"excerpt":{"rendered":"<ul>\n<li>Farbe: Schwarz<\/li>\n<li>Material: Stahl<\/li>\n<li>Abmessungen: 53 x 53 x 140 cm (L x B x H)<\/li>\n<li>Innenma\u00dfe des oberen Fachs: 45 x 53 x 31,5 cm (L x B x H)<\/li>\n<li>Innenma\u00dfe des unteren Fachs: 45 x 48,5 x 90,5 cm (L x B x H)<\/li>\n<li>Minimale H\u00f6he des Sattelhalters: 18,5 cm<\/li>\n<li>Maximale H\u00f6he des Sattelhalters: 78,5 cm<\/li>\n<li>Sattelhalter und Haken sind h\u00f6henverstellbar<\/li>\n<li>Mit 2 abschlie\u00dfbaren T\u00fcren (Schl\u00fcssel inbegriffen)<\/li>\n<li>Mit 1 Sattelhalter, 2 B\u00f6den (nicht verstellbar) und 4 Haken<\/li>\n<li>Tragf\u00e4higkeit des Sattelhalters: 15 kg<\/li>\n<li>Belastbarkeit pro Regalboden: 10 kg<\/li>\n<li>Gesamtbelastbarkeit (oberes und unteres Fach): 20 kg<\/li>\n<li>Zusammenbau erforderlich: Ja<\/li>\n<li><strong>WARNUNG<\/strong>: Um ein Umkippen zu vermeiden, muss dieses Produkt mit der mitgelieferten Halterung an der Wand gesichert werden.<\/li>\n<li>Legal Documents:\n<p><span>Weitere Informationen, wie Sie Ihre M\u00f6bel vor dem Umkippen sch\u00fctzen k\u00f6nnen; finden Sie <a title=\"https:\/\/bit.ly\/34j3g16\" href=\"https:\/\/bit.ly\/34j3g16\" target=\"_blank\">hier<\/a><\/span><\/p>\n<\/li>\n<\/ul>\n","protected":false},"featured_media":10000055870,"comment_status":"closed","ping_status":"closed","template":"","meta":[],"product_brand":[],"product_cat":[6837,6896,6954,6953,6836,6952],"product_tag":[],"class_list":{"0":"post-55870","1":"product","2":"type-product","3":"status-publish","4":"has-post-thumbnail","6":"product_cat-outdoor-aktivitaeten","7":"product_cat-reitsport-zubehoer","8":"product_cat-sattelhalter","9":"product_cat-sattelzubehoer","10":"product_cat-sportartikel","11":"product_cat-zubehoer-fuer-sattel-zaumzeug","13":"first","14":"instock","15":"taxable","16":"shipping-taxable","17":"purchasable","18":"product-type-simple","19":"add-to-wishlist-after_add_to_cart"},"jetpack_sharing_enabled":true,"_links":{"self":[{"href":"https:\/\/de-prime.com\/index.php\/wp-json\/wp\/v2\/product\/55870","targetHints":{"allow":["GET"]}}],"collection":[{"href":"https:\/\/de-prime.com\/index.php\/wp-json\/wp\/v2\/product"}],"about":[{"href":"https:\/\/de-prime.com\/index.php\/wp-json\/wp\/v2\/types\/product"}],"replies":[{"embeddable":true,"href":"https:\/\/de-prime.com\/index.php\/wp-json\/wp\/v2\/comments?post=55870"}],"wp:featuredmedia":[{"embeddable":true,"href":"https:\/\/de-prime.com\/index.php\/wp-json\/"}],"wp:attachment":[{"href":"https:\/\/de-prime.com\/index.php\/wp-json\/wp\/v2\/media?parent=55870"}],"wp:term":[{"taxonomy":"product_brand","embeddable":true,"href":"https:\/\/de-prime.com\/index.php\/wp-json\/wp\/v2\/product_brand?post=55870"},{"taxonomy":"product_cat","embeddable":true,"href":"https:\/\/de-prime.com\/index.php\/wp-json\/wp\/v2\/product_cat?post=55870"},{"taxonomy":"product_tag","embeddable":true,"href":"https:\/\/de-prime.com\/index.php\/wp-json\/wp\/v2\/product_tag?post=55870"}],"curies":[{"name":"wp","href":"https:\/\/api.w.org\/{rel}","templated":true}]}}