{"id":55857,"date":"2024-10-01T16:14:17","date_gmt":"2024-10-01T16:14:17","guid":{"rendered":"https:\/\/de-prime.com\/?p=55857"},"modified":"2024-10-01T16:40:44","modified_gmt":"2024-10-01T16:40:44","slug":"sattelhalter-wandmontage-schwarz-eisen-2","status":"publish","type":"product","link":"https:\/\/de-prime.com\/index.php\/product\/sattelhalter-wandmontage-schwarz-eisen-2\/","title":{"rendered":"Sattelhalter Wandmontage Schwarz Eisen"},"content":{"rendered":"<p>Mit diesem Wand-Satteltr\u00e4ger kannst du deinen Sattel sauber, ordentlich und stets einsatzbereit aufbewahren. Langlebige und robuste Konstruktion: Dieser Sattelhalter besteht aus pulverbeschichtetem Eisen und ist daher robust und widerstandsf\u00e4hig. Er ist auf eine lange Lebensdauer ausgelegt und ist verschlei\u00dffest.Einfache Montage und Demontage: Der Wand-Sattelhalter l\u00e4sst sich leicht montieren und demontieren und eignet sich daher perfekt f\u00fcr den Einsatz auf Reitturnieren oder f\u00fcr den Transport von Sattelzeug zwischen verschiedenen Orten.Leicht und kompakt: Der Satteltr\u00e4ger ist auch leicht und kompakt, sodass er kaum Platz in deinem Stall oder Pferdeanh\u00e4nger einnimmt.Breite Anwendungen: Dieses Wand-Sattelgestell eignet sich sowohl f\u00fcr den gewerblichen als auch f\u00fcr den privaten Gebrauch und findet den perfekten Platz in deinem Sattelraum, deiner Scheune oder deinem Stall. Gut zu wissen:Die Befestigungsschrauben sind nicht im Lieferumfang enthalten.<\/p>\n<ul>\n<li>Farbe: Schwarz<\/li>\n<li>Material: Pulverbeschichtetes Eisen<\/li>\n<li>Abmessungen: 57 x 22,5 x 30 cm (L x B x H)<\/li>\n<\/ul>\n","protected":false},"excerpt":{"rendered":"<ul>\n<li>Farbe: Schwarz<\/li>\n<li>Material: Pulverbeschichtetes Eisen<\/li>\n<li>Abmessungen: 57 x 22,5 x 30 cm (L x B x H)<\/li>\n<\/ul>\n","protected":false},"featured_media":10000055857,"comment_status":"closed","ping_status":"closed","template":"","meta":[],"product_brand":[],"product_cat":[6837,6896,6954,6953,6836,6952],"product_tag":[],"class_list":{"0":"post-55857","1":"product","2":"type-product","3":"status-publish","4":"has-post-thumbnail","6":"product_cat-outdoor-aktivitaeten","7":"product_cat-reitsport-zubehoer","8":"product_cat-sattelhalter","9":"product_cat-sattelzubehoer","10":"product_cat-sportartikel","11":"product_cat-zubehoer-fuer-sattel-zaumzeug","13":"first","14":"instock","15":"taxable","16":"shipping-taxable","17":"purchasable","18":"product-type-simple","19":"add-to-wishlist-after_add_to_cart"},"jetpack_sharing_enabled":true,"_links":{"self":[{"href":"https:\/\/de-prime.com\/index.php\/wp-json\/wp\/v2\/product\/55857","targetHints":{"allow":["GET"]}}],"collection":[{"href":"https:\/\/de-prime.com\/index.php\/wp-json\/wp\/v2\/product"}],"about":[{"href":"https:\/\/de-prime.com\/index.php\/wp-json\/wp\/v2\/types\/product"}],"replies":[{"embeddable":true,"href":"https:\/\/de-prime.com\/index.php\/wp-json\/wp\/v2\/comments?post=55857"}],"wp:featuredmedia":[{"embeddable":true,"href":"https:\/\/de-prime.com\/index.php\/wp-json\/"}],"wp:attachment":[{"href":"https:\/\/de-prime.com\/index.php\/wp-json\/wp\/v2\/media?parent=55857"}],"wp:term":[{"taxonomy":"product_brand","embeddable":true,"href":"https:\/\/de-prime.com\/index.php\/wp-json\/wp\/v2\/product_brand?post=55857"},{"taxonomy":"product_cat","embeddable":true,"href":"https:\/\/de-prime.com\/index.php\/wp-json\/wp\/v2\/product_cat?post=55857"},{"taxonomy":"product_tag","embeddable":true,"href":"https:\/\/de-prime.com\/index.php\/wp-json\/wp\/v2\/product_tag?post=55857"}],"curies":[{"name":"wp","href":"https:\/\/api.w.org\/{rel}","templated":true}]}}