{"id":55845,"date":"2024-10-01T16:14:16","date_gmt":"2024-10-01T16:14:16","guid":{"rendered":"https:\/\/de-prime.com\/?p=55845"},"modified":"2024-10-01T16:42:35","modified_gmt":"2024-10-01T16:42:35","slug":"bestway-hydro-force-schlauchboot-treck-x3-307x126-cm-2","status":"publish","type":"product","link":"https:\/\/de-prime.com\/index.php\/product\/bestway-hydro-force-schlauchboot-treck-x3-307x126-cm-2\/","title":{"rendered":"Bestway Hydro-Force Schlauchboot Treck X3 307&#215;126 cm"},"content":{"rendered":"<p>Dieses Treck X3 Schlauchboot von Bestway eignet sich perfekt f\u00fcr einen Erholungsausflug zu einem ruhigen See. Erstklassiges Material: Dieses Schlauchboot besteht aus strapazierf\u00e4higem und langlebigem PVC, wodurch es robust und langlebig ist.Praktisches Design: Das Rafting-Boot ist auf Bequemlichkeit ausgelegt und mit stabilen Ruderverschl\u00fcssen und Klammern f\u00fcr Ihre Ruder ausgestattet.Komfortables Design: Sobald Sie bereit sind, das Wasser zu erkunden, bieten der aufblasbare Boden und das Sitzkissen zus\u00e4tzlichen Komfort auf Abenteuer.Einfacher Transport: Der robuste Griff und die Abschlepp\u00f6se erm\u00f6glichen einen einfachen und leichten Transport.<\/p>\n<ul>\n<li>Farbe: Blau<\/li>\n<li>Material: PVC<\/li>\n<li>Gr\u00f6\u00dfe (aufgeblasen): 307 x 126 cm (L x B)<\/li>\n<li>Maximale Belastbarkeit: 270 kg<\/li>\n<li>Kapazit\u00e4t: 3 Erwachsene<\/li>\n<li>Trockengewicht: 9,5 kg<\/li>\n<li>Mit 3 Luftkammern<\/li>\n<li><strong>Lieferung umfasst:<\/strong><\/li>\n<li>1 x Boot<\/li>\n<li>1 x Paar Paddel<\/li>\n<li>1 x Fu\u00dfpumpe<\/li>\n<li>1 x Reparaturflicken<\/li>\n<\/ul>\n","protected":false},"excerpt":{"rendered":"<ul>\n<li>Farbe: Blau<\/li>\n<li>Material: PVC<\/li>\n<li>Gr\u00f6\u00dfe (aufgeblasen): 307 x 126 cm (L x B)<\/li>\n<li>Maximale Belastbarkeit: 270 kg<\/li>\n<li>Kapazit\u00e4t: 3 Erwachsene<\/li>\n<li>Trockengewicht: 9,5 kg<\/li>\n<li>Mit 3 Luftkammern<\/li>\n<li><strong>Lieferung umfasst:<\/strong><\/li>\n<li>1 x Boot<\/li>\n<li>1 x Paar Paddel<\/li>\n<li>1 x Fu\u00dfpumpe<\/li>\n<li>1 x Reparaturflicken<\/li>\n<\/ul>\n","protected":false},"featured_media":10000055845,"comment_status":"closed","ping_status":"closed","template":"","meta":[],"product_brand":[],"product_cat":[6855,6915,6837,6950,6836],"product_tag":[],"class_list":{"0":"post-55845","1":"product","2":"type-product","3":"status-publish","4":"has-post-thumbnail","6":"product_cat-boot-wassersport","7":"product_cat-bootfahren-rafting","8":"product_cat-outdoor-aktivitaeten","9":"product_cat-ruderboote","10":"product_cat-sportartikel","12":"first","13":"instock","14":"taxable","15":"shipping-taxable","16":"purchasable","17":"product-type-simple","18":"add-to-wishlist-after_add_to_cart"},"jetpack_sharing_enabled":true,"_links":{"self":[{"href":"https:\/\/de-prime.com\/index.php\/wp-json\/wp\/v2\/product\/55845","targetHints":{"allow":["GET"]}}],"collection":[{"href":"https:\/\/de-prime.com\/index.php\/wp-json\/wp\/v2\/product"}],"about":[{"href":"https:\/\/de-prime.com\/index.php\/wp-json\/wp\/v2\/types\/product"}],"replies":[{"embeddable":true,"href":"https:\/\/de-prime.com\/index.php\/wp-json\/wp\/v2\/comments?post=55845"}],"wp:featuredmedia":[{"embeddable":true,"href":"https:\/\/de-prime.com\/index.php\/wp-json\/"}],"wp:attachment":[{"href":"https:\/\/de-prime.com\/index.php\/wp-json\/wp\/v2\/media?parent=55845"}],"wp:term":[{"taxonomy":"product_brand","embeddable":true,"href":"https:\/\/de-prime.com\/index.php\/wp-json\/wp\/v2\/product_brand?post=55845"},{"taxonomy":"product_cat","embeddable":true,"href":"https:\/\/de-prime.com\/index.php\/wp-json\/wp\/v2\/product_cat?post=55845"},{"taxonomy":"product_tag","embeddable":true,"href":"https:\/\/de-prime.com\/index.php\/wp-json\/wp\/v2\/product_tag?post=55845"}],"curies":[{"name":"wp","href":"https:\/\/api.w.org\/{rel}","templated":true}]}}