{"id":55836,"date":"2024-10-01T16:14:15","date_gmt":"2024-10-01T16:14:15","guid":{"rendered":"https:\/\/de-prime.com\/?p=55836"},"modified":"2024-10-01T16:44:48","modified_gmt":"2024-10-01T16:44:48","slug":"e-scooter-mit-sitz-120-w-blau","status":"publish","type":"product","link":"https:\/\/de-prime.com\/index.php\/product\/e-scooter-mit-sitz-120-w-blau\/","title":{"rendered":"E-Scooter mit Sitz 120 W Blau"},"content":{"rendered":"<p>Deine Kinder werden mit diesem sensationellen Elektroroller mit Sitz jede Menge Spa\u00df haben! Robust und langlebig: Dank der Aluminiumkonstruktion ist der Scooter leicht, rostbest\u00e4ndig, unglaublich robust und dadurch auf eine lange Lebensdauer ausgelegt.Elektrisches System: Mit einem Elektromotor ausgestattet, l\u00e4uft dieser Tretroller sanft und leise. Er wird samt einem leistungsstarken Akku geliefert, der eine Laufzeit von bis zu 30 Minuten bietet (je nach Entladung). Verstellbar: Dank des h\u00f6henverstellbaren Sitzes kann der Scooter leicht an die K\u00f6rpergr\u00f6\u00dfe deines Kindes angepasst werden.Bequem und sicher: Dieses Kinderfahrrad verf\u00fcgt \u00fcber einen rutschfesten Lenker, einen bequemen Sitz aus Filz und pannensichere Reifen, um den Komfort und die Sicherheit deines Kindes zu gew\u00e4hrleisten.Klappdesign: Dieser Scooter l\u00e4sst sich einfach zusammenklappen und daher m\u00fchelos transportieren. Du kannst ihn leicht nach oben tragen und \u00fcberall mitnehmen, um deinem Kind endlosen Spa\u00df und Mobilit\u00e4t zu bieten.<\/p>\n<ul>\n<li>Farbe: Blau und Schwarz<\/li>\n<li>Abmessungen: 74 x 36 x 86 cm (L x B x H)<\/li>\n<li>Sitzh\u00f6he: 46-60 cm<\/li>\n<li>Reifen: 13,75 cm<\/li>\n<li>Maximale Tragf\u00e4higkeit: 50 kg<\/li>\n<li>Motorleistung: 120 W<\/li>\n<li>Geschwindigkeit: 12 km\/h<\/li>\n<li>Mit Sattel<\/li>\n<li>Mit hinterer Bremse<\/li>\n<li>Einstellbarer Lenker- und Sitzh\u00f6he<\/li>\n<li>Mit Klappdesign<\/li>\n<li>Achtung: Dieses Spielzeug ist aufgrund seiner maximalen Geschwindigkeit nicht f\u00fcr Kinder unter 6 Jahren geeignet.<\/li>\n<li>Achtung: Diesen E-Scooter nur auf privaten Wegen verwenden!<\/li>\n<li>WARNHINWEIS: Mit Schutzausr\u00fcstung zu benutzen. Nicht im Stra\u00dfenverkehr zu verwenden.<\/li>\n<\/ul>\n","protected":false},"excerpt":{"rendered":"<ul>\n<li>Farbe: Blau und Schwarz<\/li>\n<li>Abmessungen: 74 x 36 x 86 cm (L x B x H)<\/li>\n<li>Sitzh\u00f6he: 46-60 cm<\/li>\n<li>Reifen: 13,75 cm<\/li>\n<li>Maximale Tragf\u00e4higkeit: 50 kg<\/li>\n<li>Motorleistung: 120 W<\/li>\n<li>Geschwindigkeit: 12 km\/h<\/li>\n<li>Mit Sattel<\/li>\n<li>Mit hinterer Bremse<\/li>\n<li>Einstellbarer Lenker- und Sitzh\u00f6he<\/li>\n<li>Mit Klappdesign<\/li>\n<li>Achtung: Dieses Spielzeug ist aufgrund seiner maximalen Geschwindigkeit nicht f\u00fcr Kinder unter 6 Jahren geeignet.<\/li>\n<li>Achtung: Diesen E-Scooter nur auf privaten Wegen verwenden!<\/li>\n<li>WARNHINWEIS: Mit Schutzausr\u00fcstung zu benutzen. Nicht im Stra\u00dfenverkehr zu verwenden.<\/li>\n<\/ul>\n","protected":false},"featured_media":10000055836,"comment_status":"closed","ping_status":"closed","template":"","meta":[],"product_brand":[],"product_cat":[6837,6949,6836],"product_tag":[],"class_list":{"0":"post-55836","1":"product","2":"type-product","3":"status-publish","4":"has-post-thumbnail","6":"product_cat-outdoor-aktivitaeten","7":"product_cat-roller","8":"product_cat-sportartikel","10":"first","11":"instock","12":"taxable","13":"shipping-taxable","14":"purchasable","15":"product-type-simple","16":"add-to-wishlist-after_add_to_cart"},"jetpack_sharing_enabled":true,"_links":{"self":[{"href":"https:\/\/de-prime.com\/index.php\/wp-json\/wp\/v2\/product\/55836","targetHints":{"allow":["GET"]}}],"collection":[{"href":"https:\/\/de-prime.com\/index.php\/wp-json\/wp\/v2\/product"}],"about":[{"href":"https:\/\/de-prime.com\/index.php\/wp-json\/wp\/v2\/types\/product"}],"replies":[{"embeddable":true,"href":"https:\/\/de-prime.com\/index.php\/wp-json\/wp\/v2\/comments?post=55836"}],"wp:featuredmedia":[{"embeddable":true,"href":"https:\/\/de-prime.com\/index.php\/wp-json\/"}],"wp:attachment":[{"href":"https:\/\/de-prime.com\/index.php\/wp-json\/wp\/v2\/media?parent=55836"}],"wp:term":[{"taxonomy":"product_brand","embeddable":true,"href":"https:\/\/de-prime.com\/index.php\/wp-json\/wp\/v2\/product_brand?post=55836"},{"taxonomy":"product_cat","embeddable":true,"href":"https:\/\/de-prime.com\/index.php\/wp-json\/wp\/v2\/product_cat?post=55836"},{"taxonomy":"product_tag","embeddable":true,"href":"https:\/\/de-prime.com\/index.php\/wp-json\/wp\/v2\/product_tag?post=55836"}],"curies":[{"name":"wp","href":"https:\/\/api.w.org\/{rel}","templated":true}]}}