{"id":55835,"date":"2024-10-01T16:14:15","date_gmt":"2024-10-01T16:14:15","guid":{"rendered":"https:\/\/de-prime.com\/?p=55835"},"modified":"2024-10-01T16:44:48","modified_gmt":"2024-10-01T16:44:48","slug":"e-scooter-120-w-rosa","status":"publish","type":"product","link":"https:\/\/de-prime.com\/index.php\/product\/e-scooter-120-w-rosa\/","title":{"rendered":"E-Scooter 120 W Rosa"},"content":{"rendered":"<p>Dieser sensationelle Elektroscooter ist f\u00fcr Kinder ab 6 Jahren und \u00e4lter geeignet. Die maximale Belastbarkeit betr\u00e4gt 50 kg. Er hat einen leistungsstarken 120W-Motor, der eine Geschwindigkeit von bis zu 12 km\/h erm\u00f6glicht. Mit einem Motor ausgestattet, l\u00e4uft dieser Elektroroller sanft und ger\u00e4uschlos. Es ist mit einem leistungsstarken Akku versehen, der (je nach Ladung) bis zu 30 Minuten funktioniert. Der Tretroller verf\u00fcgt \u00fcber eine hintere Bremse. Aus Aluminium und Stahl gefertigt, ist der Elektroroller stabil und l\u00e4sst sich auch zusammenklappen. Der Lenker kann an die K\u00f6rpergr\u00f6\u00dfe der Kinder angepasst werden. Dar\u00fcber hinaus erleichtert das Klappdesign die Lagerung und den Transport. Die Lieferung umfasst 1 x E-Tretroller, 1 x Ladeger\u00e4t, Montagezubeh\u00f6r und Ersatzsicherungen.<\/p>\n<ul>\n<li>Farbe: Rosa und Schwarz<\/li>\n<li>Abmessungen: 74 x 36 x 86 cm (L x B x H)<\/li>\n<li>Reifen: 13,75 cm<\/li>\n<li>Maximale Tragf\u00e4higkeit: 50 kg<\/li>\n<li>Motorleistung: 120 W<\/li>\n<li>Geschwindigkeit: 12 km\/h<\/li>\n<li>Mit hinterer Bremse<\/li>\n<li>Einstellbare Lenkerh\u00f6he<\/li>\n<li>Mit Klappdesign<\/li>\n<li>Achtung: Aufgrund seiner H\u00f6chstgeschwindigkeit ist dieses Spielzeug nicht f\u00fcr Kinder unter 6 Jahren geeignet.<\/li>\n<li>Achtung: Diesen E-Scooter nur auf privaten Wegen verwenden!<\/li>\n<li>WARNHINWEIS: Mit Schutzausr\u00fcstung zu benutzen. Nicht im Stra\u00dfenverkehr zu verwenden.<\/li>\n<\/ul>\n","protected":false},"excerpt":{"rendered":"<ul>\n<li>Farbe: Rosa und Schwarz<\/li>\n<li>Abmessungen: 74 x 36 x 86 cm (L x B x H)<\/li>\n<li>Reifen: 13,75 cm<\/li>\n<li>Maximale Tragf\u00e4higkeit: 50 kg<\/li>\n<li>Motorleistung: 120 W<\/li>\n<li>Geschwindigkeit: 12 km\/h<\/li>\n<li>Mit hinterer Bremse<\/li>\n<li>Einstellbare Lenkerh\u00f6he<\/li>\n<li>Mit Klappdesign<\/li>\n<li>Achtung: Aufgrund seiner H\u00f6chstgeschwindigkeit ist dieses Spielzeug nicht f\u00fcr Kinder unter 6 Jahren geeignet.<\/li>\n<li>Achtung: Diesen E-Scooter nur auf privaten Wegen verwenden!<\/li>\n<li>WARNHINWEIS: Mit Schutzausr\u00fcstung zu benutzen. Nicht im Stra\u00dfenverkehr zu verwenden.<\/li>\n<\/ul>\n","protected":false},"featured_media":10000055835,"comment_status":"closed","ping_status":"closed","template":"","meta":[],"product_brand":[],"product_cat":[6837,6949,6836],"product_tag":[],"class_list":{"0":"post-55835","1":"product","2":"type-product","3":"status-publish","4":"has-post-thumbnail","6":"product_cat-outdoor-aktivitaeten","7":"product_cat-roller","8":"product_cat-sportartikel","10":"first","11":"instock","12":"taxable","13":"shipping-taxable","14":"purchasable","15":"product-type-simple","16":"add-to-wishlist-after_add_to_cart"},"jetpack_sharing_enabled":true,"_links":{"self":[{"href":"https:\/\/de-prime.com\/index.php\/wp-json\/wp\/v2\/product\/55835","targetHints":{"allow":["GET"]}}],"collection":[{"href":"https:\/\/de-prime.com\/index.php\/wp-json\/wp\/v2\/product"}],"about":[{"href":"https:\/\/de-prime.com\/index.php\/wp-json\/wp\/v2\/types\/product"}],"replies":[{"embeddable":true,"href":"https:\/\/de-prime.com\/index.php\/wp-json\/wp\/v2\/comments?post=55835"}],"wp:featuredmedia":[{"embeddable":true,"href":"https:\/\/de-prime.com\/index.php\/wp-json\/"}],"wp:attachment":[{"href":"https:\/\/de-prime.com\/index.php\/wp-json\/wp\/v2\/media?parent=55835"}],"wp:term":[{"taxonomy":"product_brand","embeddable":true,"href":"https:\/\/de-prime.com\/index.php\/wp-json\/wp\/v2\/product_brand?post=55835"},{"taxonomy":"product_cat","embeddable":true,"href":"https:\/\/de-prime.com\/index.php\/wp-json\/wp\/v2\/product_cat?post=55835"},{"taxonomy":"product_tag","embeddable":true,"href":"https:\/\/de-prime.com\/index.php\/wp-json\/wp\/v2\/product_tag?post=55835"}],"curies":[{"name":"wp","href":"https:\/\/api.w.org\/{rel}","templated":true}]}}