{"id":55832,"date":"2024-10-01T16:14:15","date_gmt":"2024-10-01T16:14:15","guid":{"rendered":"https:\/\/de-prime.com\/?p=55832"},"modified":"2024-10-01T16:44:47","modified_gmt":"2024-10-01T16:44:47","slug":"e-scooter-mit-sitz-120-w-rot","status":"publish","type":"product","link":"https:\/\/de-prime.com\/index.php\/product\/e-scooter-mit-sitz-120-w-rot\/","title":{"rendered":"E-Scooter mit Sitz 120 W Rot"},"content":{"rendered":"<p>Dieser sensationelle Elektro-Tretroller ist f\u00fcr Kinder ab 6 Jahren geeignet. Seine maximale Tragf\u00e4higkeit betr\u00e4gt 50 kg. Im Paket sind 1 x E-Scooter, 1 x Ladeger\u00e4t, 1 x Sattelst\u00fctze und Sattel, Montagezubeh\u00f6r und Ersatzsicherungen enthalten.Geeignet f\u00fcr Kinder ab 6 Jahren: Dieser sensationelle Elektroscooter ist f\u00fcr Kinder ab 6 Jahren geeignet. Seine maximale Belastbarkeit betr\u00e4gt 50 kg. Er verf\u00fcgt \u00fcber einen leistungsstarken 120-W-Motor, der eine Geschwindigkeit von bis zu 12 km\/h erm\u00f6glicht.Leistungsstarker Akku: Dieser Elektro-Scooter l\u00e4uft sanft, leise und ist mit einem Elektromotor ausgestattet. Er wird samt einem leistungsstarken Akku geliefert, der eine Laufzeit von bis zu 30 Minuten bietet (je nach Entladung).Robustes Geh\u00e4use: Dieser E-Scooter besitzt ein robustes und klappbares Geh\u00e4use aus Aluminium und Stahl.<\/p>\n<ul>\n<li>Farbe: Rot und Schwarz<\/li>\n<li>Abmessungen: 74 x 36 x 86 cm (L x B x H)<\/li>\n<li>Sitzh\u00f6he: 46-60 cm<\/li>\n<li>Bereifung: 13,75 cm (5.5&#8243;)<\/li>\n<li>Maximale Tragf\u00e4higkeit: 50 kg<\/li>\n<li>Motor: 120 W, 12 km\/h<\/li>\n<li>Achtung: Dieses Spielzeug ist aufgrund seiner maximalen Geschwindigkeit nicht f\u00fcr Kinder unter 6 Jahren geeignet.<\/li>\n<li>Achtung: Diesen E-Scooter nur auf privaten Wegen verwenden!<\/li>\n<li>WARNHINWEIS: Mit Schutzausr\u00fcstung zu benutzen. Nicht im Stra\u00dfenverkehr zu verwenden.<\/li>\n<\/ul>\n","protected":false},"excerpt":{"rendered":"<ul>\n<li>Farbe: Rot und Schwarz<\/li>\n<li>Abmessungen: 74 x 36 x 86 cm (L x B x H)<\/li>\n<li>Sitzh\u00f6he: 46-60 cm<\/li>\n<li>Bereifung: 13,75 cm (5.5&#8243;)<\/li>\n<li>Maximale Tragf\u00e4higkeit: 50 kg<\/li>\n<li>Motor: 120 W, 12 km\/h<\/li>\n<li>Achtung: Dieses Spielzeug ist aufgrund seiner maximalen Geschwindigkeit nicht f\u00fcr Kinder unter 6 Jahren geeignet.<\/li>\n<li>Achtung: Diesen E-Scooter nur auf privaten Wegen verwenden!<\/li>\n<li>WARNHINWEIS: Mit Schutzausr\u00fcstung zu benutzen. Nicht im Stra\u00dfenverkehr zu verwenden.<\/li>\n<\/ul>\n","protected":false},"featured_media":10000055832,"comment_status":"closed","ping_status":"closed","template":"","meta":[],"product_brand":[],"product_cat":[6837,6949,6836],"product_tag":[],"class_list":{"0":"post-55832","1":"product","2":"type-product","3":"status-publish","4":"has-post-thumbnail","6":"product_cat-outdoor-aktivitaeten","7":"product_cat-roller","8":"product_cat-sportartikel","10":"first","11":"instock","12":"taxable","13":"shipping-taxable","14":"purchasable","15":"product-type-simple","16":"add-to-wishlist-after_add_to_cart"},"jetpack_sharing_enabled":true,"_links":{"self":[{"href":"https:\/\/de-prime.com\/index.php\/wp-json\/wp\/v2\/product\/55832","targetHints":{"allow":["GET"]}}],"collection":[{"href":"https:\/\/de-prime.com\/index.php\/wp-json\/wp\/v2\/product"}],"about":[{"href":"https:\/\/de-prime.com\/index.php\/wp-json\/wp\/v2\/types\/product"}],"replies":[{"embeddable":true,"href":"https:\/\/de-prime.com\/index.php\/wp-json\/wp\/v2\/comments?post=55832"}],"wp:featuredmedia":[{"embeddable":true,"href":"https:\/\/de-prime.com\/index.php\/wp-json\/"}],"wp:attachment":[{"href":"https:\/\/de-prime.com\/index.php\/wp-json\/wp\/v2\/media?parent=55832"}],"wp:term":[{"taxonomy":"product_brand","embeddable":true,"href":"https:\/\/de-prime.com\/index.php\/wp-json\/wp\/v2\/product_brand?post=55832"},{"taxonomy":"product_cat","embeddable":true,"href":"https:\/\/de-prime.com\/index.php\/wp-json\/wp\/v2\/product_cat?post=55832"},{"taxonomy":"product_tag","embeddable":true,"href":"https:\/\/de-prime.com\/index.php\/wp-json\/wp\/v2\/product_tag?post=55832"}],"curies":[{"name":"wp","href":"https:\/\/api.w.org\/{rel}","templated":true}]}}