{"id":55827,"date":"2024-10-01T16:14:15","date_gmt":"2024-10-01T16:14:15","guid":{"rendered":"https:\/\/de-prime.com\/?p=55827"},"modified":"2024-10-01T16:37:34","modified_gmt":"2024-10-01T16:37:34","slug":"schwimmweste-50-n-50-70-kg-marineblau","status":"publish","type":"product","link":"https:\/\/de-prime.com\/index.php\/product\/schwimmweste-50-n-50-70-kg-marineblau\/","title":{"rendered":"Schwimmweste 50 N 50-70 kg Marineblau"},"content":{"rendered":"<p>Mit einem Leistungsniveau von 50 ist diese Schwimmweste eine perfekte Schwimmhilfe beim Segeln, Surfen, Bootfahren, Schwimmen oder anderen Wassersportarten. PE-Schaumpolsterung: Die Rettungsweste besteht zu 100 % aus Polyester mit PE-Schaumpolsterung. Nbsp;Einfaches Anziehen und Anpassen: Der Kordelzug und der verstellbare Taillengurt sorgen f\u00fcr eine optimale Passform, sodass die Weste selbst beim Herunterfallen ins Wasser nicht verrutscht.Schwimmweste der Stufe 50: Die Schwimmweste wurde von einer zust\u00e4ndigen Stelle nach der Norm EN ISO 12402-5 getestet. Schwimmhilfen der Stufe 50 sind f\u00fcr erfahrene Schwimmer bestimmt, die sich in der N\u00e4he von Ufern oder K\u00fcsten befinden oder Hilfe und Rettungsmittel in der N\u00e4he haben. Gut zu wissen:Diese Kleidungsst\u00fccke haben ein minimales Volumen, aber sind in unruhigem Wasser von begrenztem Nutzen und es kann nicht erwartet werden, dass sie den Benutzer \u00fcber einen langen Zeitraum sch\u00fctzen. Sie verf\u00fcgen \u00fcber keinen ausreichenden Auftrieb, um Personen zu sch\u00fctzen, die sich nicht selbst helfen k\u00f6nnen. Sie erfordern die aktive Teilnahme des Benutzers.<\/p>\n<ul>\n<li>Farbe: Marineblau<\/li>\n<li>Material: 100 % Polyester mit PE-Schaumpolsterung<\/li>\n<li>Auftriebsklasse: 50 N<\/li>\n<li>Gr\u00f6\u00dfe: M<\/li>\n<li>Geeignet f\u00fcr Personen mit einem Gewicht von 50-70 kg<\/li>\n<li>Mit verstellbarem Taillengurt<\/li>\n<li>Von einer zust\u00e4ndigen Stelle nach der europ\u00e4ischen Norm EN ISO 12402-5 getestet<\/li>\n<li>Gr\u00f6\u00dfeninformationen entnehmen Sie bitte der Tabelle<\/li>\n<li>Wichtig! Die in der Gr\u00f6\u00dfentabelle angegebenen Gr\u00f6\u00dfen sind Kleidungsgr\u00f6\u00dfen<\/li>\n<li>Gr\u00f6\u00dfentoleranz +\/- 1-2 cm<\/li>\n<li>Material: Polyester: 100%<\/li>\n<\/ul>\n","protected":false},"excerpt":{"rendered":"<ul>\n<li>Farbe: Marineblau<\/li>\n<li>Material: 100 % Polyester mit PE-Schaumpolsterung<\/li>\n<li>Auftriebsklasse: 50 N<\/li>\n<li>Gr\u00f6\u00dfe: M<\/li>\n<li>Geeignet f\u00fcr Personen mit einem Gewicht von 50-70 kg<\/li>\n<li>Mit verstellbarem Taillengurt<\/li>\n<li>Von einer zust\u00e4ndigen Stelle nach der europ\u00e4ischen Norm EN ISO 12402-5 getestet<\/li>\n<li>Gr\u00f6\u00dfeninformationen entnehmen Sie bitte der Tabelle<\/li>\n<li>Wichtig! Die in der Gr\u00f6\u00dfentabelle angegebenen Gr\u00f6\u00dfen sind Kleidungsgr\u00f6\u00dfen<\/li>\n<li>Gr\u00f6\u00dfentoleranz +\/- 1-2 cm<\/li>\n<li>Material: Polyester: 100%<\/li>\n<\/ul>\n","protected":false},"featured_media":10000055827,"comment_status":"closed","ping_status":"closed","template":"","meta":[],"product_brand":[],"product_cat":[6855,6947,6837,6948,6836],"product_tag":[],"class_list":{"0":"post-55827","1":"product","2":"type-product","3":"status-publish","4":"has-post-thumbnail","6":"product_cat-boot-wassersport","7":"product_cat-boots-wassersportkleidung","8":"product_cat-outdoor-aktivitaeten","9":"product_cat-rettungswesten","10":"product_cat-sportartikel","12":"first","13":"instock","14":"taxable","15":"shipping-taxable","16":"purchasable","17":"product-type-simple","18":"add-to-wishlist-after_add_to_cart"},"jetpack_sharing_enabled":true,"_links":{"self":[{"href":"https:\/\/de-prime.com\/index.php\/wp-json\/wp\/v2\/product\/55827","targetHints":{"allow":["GET"]}}],"collection":[{"href":"https:\/\/de-prime.com\/index.php\/wp-json\/wp\/v2\/product"}],"about":[{"href":"https:\/\/de-prime.com\/index.php\/wp-json\/wp\/v2\/types\/product"}],"replies":[{"embeddable":true,"href":"https:\/\/de-prime.com\/index.php\/wp-json\/wp\/v2\/comments?post=55827"}],"wp:featuredmedia":[{"embeddable":true,"href":"https:\/\/de-prime.com\/index.php\/wp-json\/"}],"wp:attachment":[{"href":"https:\/\/de-prime.com\/index.php\/wp-json\/wp\/v2\/media?parent=55827"}],"wp:term":[{"taxonomy":"product_brand","embeddable":true,"href":"https:\/\/de-prime.com\/index.php\/wp-json\/wp\/v2\/product_brand?post=55827"},{"taxonomy":"product_cat","embeddable":true,"href":"https:\/\/de-prime.com\/index.php\/wp-json\/wp\/v2\/product_cat?post=55827"},{"taxonomy":"product_tag","embeddable":true,"href":"https:\/\/de-prime.com\/index.php\/wp-json\/wp\/v2\/product_tag?post=55827"}],"curies":[{"name":"wp","href":"https:\/\/api.w.org\/{rel}","templated":true}]}}