{"id":55826,"date":"2024-10-01T16:14:14","date_gmt":"2024-10-01T16:14:14","guid":{"rendered":"https:\/\/de-prime.com\/?p=55826"},"modified":"2024-10-01T16:37:33","modified_gmt":"2024-10-01T16:37:33","slug":"schwimmweste-50-n-30-50-kg-marineblau","status":"publish","type":"product","link":"https:\/\/de-prime.com\/index.php\/product\/schwimmweste-50-n-30-50-kg-marineblau\/","title":{"rendered":"Schwimmweste 50 N 30-50 kg Marineblau"},"content":{"rendered":"<p>Diese Schwimmweste hat eine Auftriebskraft von 50 N und ist das perfekte pers\u00f6nliche Auftriebsmittel beim Segeln, Surfen, Bootfahren, Schwimmen oder anderen Wassersportaktivit\u00e4ten. Die Rettungsweste ist aus 100% Polyester mit PE-Schaumstoffpolsterung gefertigt. Der Kordelzugverschluss und der verstellbare Taillengurt sorgen f\u00fcr eine optimale Passform, so dass die Weste, auch wenn Sie ins Wasser fallen, nicht verrutscht. Die Schwimmweste ist durch eine benannte Stelle gem\u00e4\u00df der europ\u00e4ischen Norm EN ISO 12402-5 getestet. Schwimmhilfen mit Niveau 50 sind nur f\u00fcr die Benutzung durch gute Schwimmer in Ufer- oder K\u00fcstenn\u00e4he oder dort bestimmt, wo Hilfe und Rettung schnell gew\u00e4hrleistet sind. Diese Auftriebshilfen sind \u00e4u\u00dferst kompakt, jedoch nicht f\u00fcr unruhige Gew\u00e4sser geeignet. Es kann nicht davon ausgegangen werden, dass der Benutzer \u00fcber einen l\u00e4ngeren Zeitraum sicher unterst\u00fctzt wird. Die Schwimmhilfen haben nicht gen\u00fcgend Auftriebskraft, um Personen zu sch\u00fctzen, die sich selbst nicht helfen k\u00f6nnen, und erfordern eine aktive Mitwirkung des Benutzers.<\/p>\n<ul>\n<li>Farbe: Marineblau <\/li>\n<li>Material: 100% Polyester mit PE Schaumpolsterung<\/li>\n<li>Auftriebskraft: 50 N<\/li>\n<li>Gr\u00f6\u00dfe: S<\/li>\n<li>Geeignet f\u00fcr Personen mit einem Gewicht von 30 bis 50 kg<\/li>\n<li>Mit einem verstellbaren Taillengurt<\/li>\n<li>Getestet durch eine benannte Stelle gem\u00e4\u00df der europ\u00e4ischen Norm EN ISO 12402-5<\/li>\n<li>Gr\u00f6\u00dfeninformationen entnehmen Sie bitte der Tabelle<\/li>\n<li>Wichtig! Die in der Gr\u00f6\u00dfenangabetabelle genannten Gr\u00f6\u00dfen sind Produktgr\u00f6\u00dfen<\/li>\n<li>Gr\u00f6\u00dfentoleranz +\/- 1-2 cm<\/li>\n<li>Material: Polyester: 100%<\/li>\n<\/ul>\n","protected":false},"excerpt":{"rendered":"<ul>\n<li>Farbe: Marineblau <\/li>\n<li>Material: 100% Polyester mit PE Schaumpolsterung<\/li>\n<li>Auftriebskraft: 50 N<\/li>\n<li>Gr\u00f6\u00dfe: S<\/li>\n<li>Geeignet f\u00fcr Personen mit einem Gewicht von 30 bis 50 kg<\/li>\n<li>Mit einem verstellbaren Taillengurt<\/li>\n<li>Getestet durch eine benannte Stelle gem\u00e4\u00df der europ\u00e4ischen Norm EN ISO 12402-5<\/li>\n<li>Gr\u00f6\u00dfeninformationen entnehmen Sie bitte der Tabelle<\/li>\n<li>Wichtig! Die in der Gr\u00f6\u00dfenangabetabelle genannten Gr\u00f6\u00dfen sind Produktgr\u00f6\u00dfen<\/li>\n<li>Gr\u00f6\u00dfentoleranz +\/- 1-2 cm<\/li>\n<li>Material: Polyester: 100%<\/li>\n<\/ul>\n","protected":false},"featured_media":10000055826,"comment_status":"closed","ping_status":"closed","template":"","meta":[],"product_brand":[],"product_cat":[6855,6947,6837,6948,6836],"product_tag":[],"class_list":{"0":"post-55826","1":"product","2":"type-product","3":"status-publish","4":"has-post-thumbnail","6":"product_cat-boot-wassersport","7":"product_cat-boots-wassersportkleidung","8":"product_cat-outdoor-aktivitaeten","9":"product_cat-rettungswesten","10":"product_cat-sportartikel","12":"first","13":"instock","14":"taxable","15":"shipping-taxable","16":"purchasable","17":"product-type-simple","18":"add-to-wishlist-after_add_to_cart"},"jetpack_sharing_enabled":true,"_links":{"self":[{"href":"https:\/\/de-prime.com\/index.php\/wp-json\/wp\/v2\/product\/55826","targetHints":{"allow":["GET"]}}],"collection":[{"href":"https:\/\/de-prime.com\/index.php\/wp-json\/wp\/v2\/product"}],"about":[{"href":"https:\/\/de-prime.com\/index.php\/wp-json\/wp\/v2\/types\/product"}],"replies":[{"embeddable":true,"href":"https:\/\/de-prime.com\/index.php\/wp-json\/wp\/v2\/comments?post=55826"}],"wp:featuredmedia":[{"embeddable":true,"href":"https:\/\/de-prime.com\/index.php\/wp-json\/"}],"wp:attachment":[{"href":"https:\/\/de-prime.com\/index.php\/wp-json\/wp\/v2\/media?parent=55826"}],"wp:term":[{"taxonomy":"product_brand","embeddable":true,"href":"https:\/\/de-prime.com\/index.php\/wp-json\/wp\/v2\/product_brand?post=55826"},{"taxonomy":"product_cat","embeddable":true,"href":"https:\/\/de-prime.com\/index.php\/wp-json\/wp\/v2\/product_cat?post=55826"},{"taxonomy":"product_tag","embeddable":true,"href":"https:\/\/de-prime.com\/index.php\/wp-json\/wp\/v2\/product_tag?post=55826"}],"curies":[{"name":"wp","href":"https:\/\/api.w.org\/{rel}","templated":true}]}}