{"id":55825,"date":"2024-10-01T16:14:14","date_gmt":"2024-10-01T16:14:14","guid":{"rendered":"https:\/\/de-prime.com\/?p=55825"},"modified":"2024-10-01T16:37:33","modified_gmt":"2024-10-01T16:37:33","slug":"schwimmweste-100-n-90-kg","status":"publish","type":"product","link":"https:\/\/de-prime.com\/index.php\/product\/schwimmweste-100-n-90-kg\/","title":{"rendered":"Schwimmweste 100 N 90+ kg"},"content":{"rendered":"<p>Diese Schwimmweste hat eine Auftriebskraft von 100 N und ist das perfekte pers\u00f6nliche Auftriebsmittel beim Segeln, Surfen, Bootfahren, Schwimmen oder anderen Wassersportaktivit\u00e4ten. Die Schwimmweste ist aus 100% Polyester mit PE-Schaumstoffpolsterung gefertigt. Sie hat einen YKK-Rei\u00dfverschluss, sodass sie sich leicht anlegen und abnehmen lassen. Die drei Reflektorstreifen erh\u00f6hen die Sichtbarkeit vor allem bei schlechten Lichtbedingungen. Der verstellbare Taillengurt sorgt f\u00fcr eine optimale Passform, so dass die Weste, weder bei Kinder noch bei Erwachsenen verrutscht. Die Schwimmweste ist zudem mit einer n\u00fctzlichen Pfeife f\u00fcr Notfallsituationen ausgestattet. Die Rettungsweste ist durch eine benannte Stelle gem\u00e4\u00df der europ\u00e4ischen Norm EN ISO 12402-4 getestet. Die Schwimmweste ist f\u00fcr diejenigen bestimmt, die in gesch\u00fctzten Gew\u00e4ssern auf Rettung warten m\u00fcssen. Die Weste darf nicht unter rauen Bedingungen verwendet werden.<\/p>\n<ul>\n<li>Farbe: Orange<\/li>\n<li>Material: 100% Polyester mit PE Schaumpolsterung<\/li>\n<li>Auftriebskraft: 100 N <\/li>\n<li>Gr\u00f6\u00dfe: XXL<\/li>\n<li>Geeignet f\u00fcr Personen mit einem Gewicht von \u00fcber 90 kg<\/li>\n<li>Mit drei 3M-Reflektorstreifen (5 x 5 cm, 5 x 5 cm, 10 x 5 cm)<\/li>\n<li>Mit einem YKK-Rei\u00dfverschluss<\/li>\n<li>Mit einem verstellbaren Taillengurt<\/li>\n<li>Mit einer Signalpfeife<\/li>\n<li>Gepr\u00fcft durch eine benannte Stelle gem\u00e4\u00df der europ\u00e4ischen Norm EN ISO 12402-4<\/li>\n<li>Gr\u00f6\u00dfeninformationen entnehmen Sie bitte der Tabelle<\/li>\n<li>Wichtig! Die in der Gr\u00f6\u00dfenangabetabelle genannten Gr\u00f6\u00dfen sind Produktgr\u00f6\u00dfen<\/li>\n<li>Gr\u00f6\u00dfentoleranz +\/- 1-2 cm<\/li>\n<li>Material: Polyester: 100%<\/li>\n<\/ul>\n","protected":false},"excerpt":{"rendered":"<ul>\n<li>Farbe: Orange<\/li>\n<li>Material: 100% Polyester mit PE Schaumpolsterung<\/li>\n<li>Auftriebskraft: 100 N <\/li>\n<li>Gr\u00f6\u00dfe: XXL<\/li>\n<li>Geeignet f\u00fcr Personen mit einem Gewicht von \u00fcber 90 kg<\/li>\n<li>Mit drei 3M-Reflektorstreifen (5 x 5 cm, 5 x 5 cm, 10 x 5 cm)<\/li>\n<li>Mit einem YKK-Rei\u00dfverschluss<\/li>\n<li>Mit einem verstellbaren Taillengurt<\/li>\n<li>Mit einer Signalpfeife<\/li>\n<li>Gepr\u00fcft durch eine benannte Stelle gem\u00e4\u00df der europ\u00e4ischen Norm EN ISO 12402-4<\/li>\n<li>Gr\u00f6\u00dfeninformationen entnehmen Sie bitte der Tabelle<\/li>\n<li>Wichtig! Die in der Gr\u00f6\u00dfenangabetabelle genannten Gr\u00f6\u00dfen sind Produktgr\u00f6\u00dfen<\/li>\n<li>Gr\u00f6\u00dfentoleranz +\/- 1-2 cm<\/li>\n<li>Material: Polyester: 100%<\/li>\n<\/ul>\n","protected":false},"featured_media":10000055825,"comment_status":"closed","ping_status":"closed","template":"","meta":[],"product_brand":[],"product_cat":[6855,6947,6837,6948,6836],"product_tag":[],"class_list":{"0":"post-55825","1":"product","2":"type-product","3":"status-publish","4":"has-post-thumbnail","6":"product_cat-boot-wassersport","7":"product_cat-boots-wassersportkleidung","8":"product_cat-outdoor-aktivitaeten","9":"product_cat-rettungswesten","10":"product_cat-sportartikel","12":"first","13":"instock","14":"taxable","15":"shipping-taxable","16":"purchasable","17":"product-type-simple","18":"add-to-wishlist-after_add_to_cart"},"jetpack_sharing_enabled":true,"_links":{"self":[{"href":"https:\/\/de-prime.com\/index.php\/wp-json\/wp\/v2\/product\/55825","targetHints":{"allow":["GET"]}}],"collection":[{"href":"https:\/\/de-prime.com\/index.php\/wp-json\/wp\/v2\/product"}],"about":[{"href":"https:\/\/de-prime.com\/index.php\/wp-json\/wp\/v2\/types\/product"}],"replies":[{"embeddable":true,"href":"https:\/\/de-prime.com\/index.php\/wp-json\/wp\/v2\/comments?post=55825"}],"wp:featuredmedia":[{"embeddable":true,"href":"https:\/\/de-prime.com\/index.php\/wp-json\/"}],"wp:attachment":[{"href":"https:\/\/de-prime.com\/index.php\/wp-json\/wp\/v2\/media?parent=55825"}],"wp:term":[{"taxonomy":"product_brand","embeddable":true,"href":"https:\/\/de-prime.com\/index.php\/wp-json\/wp\/v2\/product_brand?post=55825"},{"taxonomy":"product_cat","embeddable":true,"href":"https:\/\/de-prime.com\/index.php\/wp-json\/wp\/v2\/product_cat?post=55825"},{"taxonomy":"product_tag","embeddable":true,"href":"https:\/\/de-prime.com\/index.php\/wp-json\/wp\/v2\/product_tag?post=55825"}],"curies":[{"name":"wp","href":"https:\/\/api.w.org\/{rel}","templated":true}]}}