{"id":55817,"date":"2024-10-01T16:14:14","date_gmt":"2024-10-01T16:14:14","guid":{"rendered":"https:\/\/de-prime.com\/?p=55817"},"modified":"2024-10-01T16:37:29","modified_gmt":"2024-10-01T16:37:29","slug":"schwimmwesten-4-stk-50-n-30-50-kg-marineblau","status":"publish","type":"product","link":"https:\/\/de-prime.com\/index.php\/product\/schwimmwesten-4-stk-50-n-30-50-kg-marineblau\/","title":{"rendered":"Schwimmwesten 4 Stk. 50 N 30-50 kg Marineblau"},"content":{"rendered":"<p>Dieses 4-teilige Schwimmwesten-Set gew\u00e4hrleistet einen Auftriebskraft von 50 N und ist das perfekte pers\u00f6nliche Auftriebsmittel beim Segeln, Surfen, Bootfahren, Schwimmen oder anderen Wassersportaktivit\u00e4ten. Sie k\u00f6nnen auch dazu verwendet werden, um unerfahrenen Schwimmern mehr Selbstvertrauen zu geben. Die Schwimmwesten sind aus 100% Polyester mit PE-Schaumstoffpolsterung gefertigt. Der Kordelzugverschluss und der verstellbare Taillengurt sorgen f\u00fcr eine optimale Passform, so dass die Weste, selbst wenn die Person ins Wasser f\u00e4llt, nicht verrutscht. Die Schwimmwesten sind durch eine benannte Stelle gem\u00e4\u00df der europ\u00e4ischen Norm EN ISO 12402-5 getestet worden. Im Lieferumfang sind 4 Schwimmwesten enthalten. Schwimmhilfen mit einem Auftriebskraft von 50 N sind nur f\u00fcr die Benutzung durch gute Schwimmer in gesch\u00fctzten Gew\u00e4ssern bestimmt. Diese Auftriebshilfen sind \u00e4u\u00dferst kompakt, jedoch f\u00fcr unruhige Gew\u00e4sser nur begrenzt geeignet. Es kann nicht davon ausgegangen werden, dass der Benutzer \u00fcber einen l\u00e4ngeren Zeitraum sicher gehalten wird. Die Schwimmhilfen haben nicht gen\u00fcgend Auftriebskraft, um Personen zu sch\u00fctzen, die im Wasser unbeholfen sind; sie erfordern eine aktive Mitwirkung des Benutzers.<\/p>\n<ul>\n<li>Farbe: Marineblau<\/li>\n<li>Material: Gewebe mit PE-Schaumpolsterung<\/li>\n<li>Auftriebskraft: 50 N<\/li>\n<li>Gr\u00f6\u00dfe: S<\/li>\n<li>Geeignet f\u00fcr Personen mit einem Gewicht von 30 bis 50 kg<\/li>\n<li>Mit einem verstellbaren Taillengurt<\/li>\n<li>Getestet durch eine benannte Stelle gem\u00e4\u00df der europ\u00e4ischen Norm EN ISO 12402-5<\/li>\n<li>Informationen zu Gr\u00f6\u00dfenangabe entnehmen Sie bitte der Tabelle<\/li>\n<li>Wichtig! Die in der Gr\u00f6\u00dfenangabetabelle genannten Gr\u00f6\u00dfen sind Produktgr\u00f6\u00dfen<\/li>\n<li>Gr\u00f6\u00dfentoleranz +\/- 1-2 cm<\/li>\n<li>Die Lieferung umfasst 4 Schwimmwesten<\/li>\n<li>Material: Polyester: 100%<\/li>\n<\/ul>\n","protected":false},"excerpt":{"rendered":"<ul>\n<li>Farbe: Marineblau<\/li>\n<li>Material: Gewebe mit PE-Schaumpolsterung<\/li>\n<li>Auftriebskraft: 50 N<\/li>\n<li>Gr\u00f6\u00dfe: S<\/li>\n<li>Geeignet f\u00fcr Personen mit einem Gewicht von 30 bis 50 kg<\/li>\n<li>Mit einem verstellbaren Taillengurt<\/li>\n<li>Getestet durch eine benannte Stelle gem\u00e4\u00df der europ\u00e4ischen Norm EN ISO 12402-5<\/li>\n<li>Informationen zu Gr\u00f6\u00dfenangabe entnehmen Sie bitte der Tabelle<\/li>\n<li>Wichtig! Die in der Gr\u00f6\u00dfenangabetabelle genannten Gr\u00f6\u00dfen sind Produktgr\u00f6\u00dfen<\/li>\n<li>Gr\u00f6\u00dfentoleranz +\/- 1-2 cm<\/li>\n<li>Die Lieferung umfasst 4 Schwimmwesten<\/li>\n<li>Material: Polyester: 100%<\/li>\n<\/ul>\n","protected":false},"featured_media":10000055817,"comment_status":"closed","ping_status":"closed","template":"","meta":[],"product_brand":[],"product_cat":[6855,6947,6837,6948,6836],"product_tag":[],"class_list":{"0":"post-55817","1":"product","2":"type-product","3":"status-publish","4":"has-post-thumbnail","6":"product_cat-boot-wassersport","7":"product_cat-boots-wassersportkleidung","8":"product_cat-outdoor-aktivitaeten","9":"product_cat-rettungswesten","10":"product_cat-sportartikel","12":"first","13":"instock","14":"taxable","15":"shipping-taxable","16":"purchasable","17":"product-type-simple","18":"add-to-wishlist-after_add_to_cart"},"jetpack_sharing_enabled":true,"_links":{"self":[{"href":"https:\/\/de-prime.com\/index.php\/wp-json\/wp\/v2\/product\/55817","targetHints":{"allow":["GET"]}}],"collection":[{"href":"https:\/\/de-prime.com\/index.php\/wp-json\/wp\/v2\/product"}],"about":[{"href":"https:\/\/de-prime.com\/index.php\/wp-json\/wp\/v2\/types\/product"}],"replies":[{"embeddable":true,"href":"https:\/\/de-prime.com\/index.php\/wp-json\/wp\/v2\/comments?post=55817"}],"wp:featuredmedia":[{"embeddable":true,"href":"https:\/\/de-prime.com\/index.php\/wp-json\/"}],"wp:attachment":[{"href":"https:\/\/de-prime.com\/index.php\/wp-json\/wp\/v2\/media?parent=55817"}],"wp:term":[{"taxonomy":"product_brand","embeddable":true,"href":"https:\/\/de-prime.com\/index.php\/wp-json\/wp\/v2\/product_brand?post=55817"},{"taxonomy":"product_cat","embeddable":true,"href":"https:\/\/de-prime.com\/index.php\/wp-json\/wp\/v2\/product_cat?post=55817"},{"taxonomy":"product_tag","embeddable":true,"href":"https:\/\/de-prime.com\/index.php\/wp-json\/wp\/v2\/product_tag?post=55817"}],"curies":[{"name":"wp","href":"https:\/\/api.w.org\/{rel}","templated":true}]}}