{"id":55812,"date":"2024-10-01T16:14:13","date_gmt":"2024-10-01T16:14:13","guid":{"rendered":"https:\/\/de-prime.com\/?p=55812"},"modified":"2024-10-01T16:40:35","modified_gmt":"2024-10-01T16:40:35","slug":"tender-toys-24-tlg-rennstrecken-spielset-grau-und-blau","status":"publish","type":"product","link":"https:\/\/de-prime.com\/index.php\/product\/tender-toys-24-tlg-rennstrecken-spielset-grau-und-blau\/","title":{"rendered":"Tender Toys 24-tlg. Rennstrecken-Spielset Grau und Blau"},"content":{"rendered":"<p>Baue dieses Auto-Spielset von Tender Toys zu einer atemberaubenden Rennbahn zusammen, auf der du mit den zwei bunten Spielzeugautos rasen kannst! Kinder und Erwachsene werden sich beim Spielen sicher nicht langweilen! Autorennen mit unglaublicher Geschwindigkeit: Die Spielzeug-Rennbahn enth\u00e4lt viele Aktivit\u00e4ten f\u00fcr die Kleinen.Mit 2 Spielzeugautos: Auf dieser Spielzeug-Rennbahn ist in jeder Richtung reichlich Platz f\u00fcr regen Verkehr. Es gibt auch zwei Spielzeugautos in heiteren Farben.Lustiges Rennbahn-Spielset: Dieses lustige Spielzeug-Set f\u00f6rdert die Fantasie und Kreativit\u00e4t und verbessert die Geschicklichkeit und die Hand-Augen-Koordination.<\/p>\n<ul>\n<li>Farbe: Grau und Blau<\/li>\n<li>Material: Polypropylen<\/li>\n<li>Gr\u00f6\u00dfe (aufgebaut): 108 x 33 cm (L x B)<\/li>\n<li>Spielzeugauto-Abmessungen: 7,7 x 3,2 x 2 cm (L x B x H)<\/li>\n<li>Rennstrecken-L\u00e4nge: 163 cm<\/li>\n<li>24-tlg. Rennstrecken-Spielset<\/li>\n<li>Einfacher Zusammenbau<\/li>\n<li>Empfohlenes Alter: ab 6 Jahren<\/li>\n<p><strong>Lieferung umfasst<\/strong>:<\/p>\n<li>2 x Spielzeugauto (gelb und silber)<\/li>\n<li>WARNHINWEIS: Nicht f\u00fcr Kinder unter 36 Monaten geeignet.<\/li>\n<\/ul>\n","protected":false},"excerpt":{"rendered":"<ul>\n<li>Farbe: Grau und Blau<\/li>\n<li>Material: Polypropylen<\/li>\n<li>Gr\u00f6\u00dfe (aufgebaut): 108 x 33 cm (L x B)<\/li>\n<li>Spielzeugauto-Abmessungen: 7,7 x 3,2 x 2 cm (L x B x H)<\/li>\n<li>Rennstrecken-L\u00e4nge: 163 cm<\/li>\n<li>24-tlg. Rennstrecken-Spielset<\/li>\n<li>Einfacher Zusammenbau<\/li>\n<li>Empfohlenes Alter: ab 6 Jahren<\/li>\n<p><strong>Lieferung umfasst<\/strong>:<\/p>\n<li>2 x Spielzeugauto (gelb und silber)<\/li>\n<li>WARNHINWEIS: Nicht f\u00fcr Kinder unter 36 Monaten geeignet.<\/li>\n<\/ul>\n","protected":false},"featured_media":10000055812,"comment_status":"closed","ping_status":"closed","template":"","meta":[],"product_brand":[],"product_cat":[6357,6853,6852,6946],"product_tag":[],"class_list":{"0":"post-55812","1":"product","2":"type-product","3":"status-publish","4":"has-post-thumbnail","6":"product_cat-rennbahnen","7":"product_cat-spielzeuge","8":"product_cat-spielzeuge-spiele","9":"product_cat-spielzeugfahrzeuge","11":"first","12":"instock","13":"taxable","14":"shipping-taxable","15":"purchasable","16":"product-type-simple","17":"add-to-wishlist-after_add_to_cart"},"jetpack_sharing_enabled":true,"_links":{"self":[{"href":"https:\/\/de-prime.com\/index.php\/wp-json\/wp\/v2\/product\/55812","targetHints":{"allow":["GET"]}}],"collection":[{"href":"https:\/\/de-prime.com\/index.php\/wp-json\/wp\/v2\/product"}],"about":[{"href":"https:\/\/de-prime.com\/index.php\/wp-json\/wp\/v2\/types\/product"}],"replies":[{"embeddable":true,"href":"https:\/\/de-prime.com\/index.php\/wp-json\/wp\/v2\/comments?post=55812"}],"wp:featuredmedia":[{"embeddable":true,"href":"https:\/\/de-prime.com\/index.php\/wp-json\/"}],"wp:attachment":[{"href":"https:\/\/de-prime.com\/index.php\/wp-json\/wp\/v2\/media?parent=55812"}],"wp:term":[{"taxonomy":"product_brand","embeddable":true,"href":"https:\/\/de-prime.com\/index.php\/wp-json\/wp\/v2\/product_brand?post=55812"},{"taxonomy":"product_cat","embeddable":true,"href":"https:\/\/de-prime.com\/index.php\/wp-json\/wp\/v2\/product_cat?post=55812"},{"taxonomy":"product_tag","embeddable":true,"href":"https:\/\/de-prime.com\/index.php\/wp-json\/wp\/v2\/product_tag?post=55812"}],"curies":[{"name":"wp","href":"https:\/\/api.w.org\/{rel}","templated":true}]}}