{"id":55810,"date":"2024-10-01T16:14:13","date_gmt":"2024-10-01T16:14:13","guid":{"rendered":"https:\/\/de-prime.com\/?p=55810"},"modified":"2024-10-01T16:42:27","modified_gmt":"2024-10-01T16:42:27","slug":"dressur-marker-4-stk-stahl-2","status":"publish","type":"product","link":"https:\/\/de-prime.com\/index.php\/product\/dressur-marker-4-stk-stahl-2\/","title":{"rendered":"Dressur-Marker 4 Stk. Stahl"},"content":{"rendered":"<p>Richte deine eigene Dressurarena mit diesen Markern ein! Langlebiges Material: Diese Dressurmarker bestehen aus Stahl, der robust und wetterfest ist.Stabiler Rahmen: Die Punkte sind auf stabilen Stahlrahmen montiert, die sich leicht in den Boden stecken lassen, um lange Arenen zu markieren.Einfache Montage: Diese Dressurviereck-Markierungen lassen sich ohne Spezialwerkzeug oder professionelle Hilfe einfach in den Boden stecken.Praktische \u00c4sthetik: Die optimale Gr\u00f6\u00dfe bietet dem Reiter eine optimale Sicht und erm\u00f6glicht einen sanften Richtungswechsel, um die allgemeine Kommunikation und Leistung zu verbessern. Und die Dressur-Marker in Schwarz und Wei\u00df weisen Raffinesse und Eleganz in einem traditionellen und schlichten Look auf.<\/p>\n<ul>\n<li>Farbe: Schwarz und Wei\u00df<\/li>\n<li>Material: Stahl<\/li>\n<li>Gr\u00f6\u00dfe: 22,5 x 69,5 cm (B x H)<\/li>\n<li><strong>Lieferung umfasst:<\/strong><\/li>\n<li>4 x Dressur-Marker<\/li>\n<\/ul>\n","protected":false},"excerpt":{"rendered":"<ul>\n<li>Farbe: Schwarz und Wei\u00df<\/li>\n<li>Material: Stahl<\/li>\n<li>Gr\u00f6\u00dfe: 22,5 x 69,5 cm (B x H)<\/li>\n<li><strong>Lieferung umfasst:<\/strong><\/li>\n<li>4 x Dressur-Marker<\/li>\n<\/ul>\n","protected":false},"featured_media":10000055810,"comment_status":"closed","ping_status":"closed","template":"","meta":[],"product_brand":[],"product_cat":[6837,6945,6896,6836],"product_tag":[],"class_list":{"0":"post-55810","1":"product","2":"type-product","3":"status-publish","4":"has-post-thumbnail","6":"product_cat-outdoor-aktivitaeten","7":"product_cat-reitbekleidung-reitbedarf","8":"product_cat-reitsport-zubehoer","9":"product_cat-sportartikel","11":"first","12":"instock","13":"taxable","14":"shipping-taxable","15":"purchasable","16":"product-type-simple","17":"add-to-wishlist-after_add_to_cart"},"jetpack_sharing_enabled":true,"_links":{"self":[{"href":"https:\/\/de-prime.com\/index.php\/wp-json\/wp\/v2\/product\/55810","targetHints":{"allow":["GET"]}}],"collection":[{"href":"https:\/\/de-prime.com\/index.php\/wp-json\/wp\/v2\/product"}],"about":[{"href":"https:\/\/de-prime.com\/index.php\/wp-json\/wp\/v2\/types\/product"}],"replies":[{"embeddable":true,"href":"https:\/\/de-prime.com\/index.php\/wp-json\/wp\/v2\/comments?post=55810"}],"wp:featuredmedia":[{"embeddable":true,"href":"https:\/\/de-prime.com\/index.php\/wp-json\/"}],"wp:attachment":[{"href":"https:\/\/de-prime.com\/index.php\/wp-json\/wp\/v2\/media?parent=55810"}],"wp:term":[{"taxonomy":"product_brand","embeddable":true,"href":"https:\/\/de-prime.com\/index.php\/wp-json\/wp\/v2\/product_brand?post=55810"},{"taxonomy":"product_cat","embeddable":true,"href":"https:\/\/de-prime.com\/index.php\/wp-json\/wp\/v2\/product_cat?post=55810"},{"taxonomy":"product_tag","embeddable":true,"href":"https:\/\/de-prime.com\/index.php\/wp-json\/wp\/v2\/product_tag?post=55810"}],"curies":[{"name":"wp","href":"https:\/\/api.w.org\/{rel}","templated":true}]}}