{"id":55808,"date":"2024-10-01T16:14:13","date_gmt":"2024-10-01T16:14:13","guid":{"rendered":"https:\/\/de-prime.com\/?p=55808"},"modified":"2024-10-01T16:42:26","modified_gmt":"2024-10-01T16:42:26","slug":"stiefelspanner-fuer-reitstiefel-1-paar-schwarz-pp-und-stahl","status":"publish","type":"product","link":"https:\/\/de-prime.com\/index.php\/product\/stiefelspanner-fuer-reitstiefel-1-paar-schwarz-pp-und-stahl\/","title":{"rendered":"Stiefelspanner f\u00fcr Reitstiefel 1 Paar Schwarz PP und Stahl"},"content":{"rendered":"<p>Halte deine Reitstiefel in gutem Zustand mit diesen Spannern. Sie verhindern Risse und Falten und verl\u00e4ngern die Lebensdauer deiner Stiefel. Langlebiges Material: Die Stiefelformer bestehen aus PP, das eine optimale Passform erm\u00f6glicht. Sie sind dadurch auf eine lange Lebensdauer ausgelegt und bekommen nicht leicht Risse. Praktisches Design: Das gefederte Design bietet genau die richtige Spannung f\u00fcr deine Reitstiefel. Die Stiefelspanner lassen sich aufh\u00e4ngen, um eine gute Luftzirkulation zu erm\u00f6glichen und Platz zu sparen.Einfacher Einsatz: Die Stiefelspanner lassen sich einfach verwenden und erfordern keinen Zusammenbau. Halten den Griff der Stiefelformer fest und stecke sie senkrecht in die Stiefel ein, bevor du den Griff losl\u00e4sst. H\u00e4nge Sie dann an einer beliebigen Stelle auf.Breite Anwendung: Die Stiefelformer eignen sich f\u00fcr Reitstiefel f\u00fcr Damen und Herren.<\/p>\n<ul>\n<li>Farbe: Schwarz<\/li>\n<li>Material: PP (Polypropylen), Stahl<\/li>\n<li>Abmessungen: 16,5 x 7 x 44,5 cm (L x B x H)<\/li>\n<li><strong>Lieferung umfasst:<\/strong><\/li>\n<li>1 x Paar Stiefelspanner<\/li>\n<\/ul>\n","protected":false},"excerpt":{"rendered":"<ul>\n<li>Farbe: Schwarz<\/li>\n<li>Material: PP (Polypropylen), Stahl<\/li>\n<li>Abmessungen: 16,5 x 7 x 44,5 cm (L x B x H)<\/li>\n<li><strong>Lieferung umfasst:<\/strong><\/li>\n<li>1 x Paar Stiefelspanner<\/li>\n<\/ul>\n","protected":false},"featured_media":10000055808,"comment_status":"closed","ping_status":"closed","template":"","meta":[],"product_brand":[],"product_cat":[6837,6945,6896,6836],"product_tag":[],"class_list":{"0":"post-55808","1":"product","2":"type-product","3":"status-publish","4":"has-post-thumbnail","6":"product_cat-outdoor-aktivitaeten","7":"product_cat-reitbekleidung-reitbedarf","8":"product_cat-reitsport-zubehoer","9":"product_cat-sportartikel","11":"first","12":"outofstock","13":"taxable","14":"shipping-taxable","15":"purchasable","16":"product-type-simple","17":"add-to-wishlist-after_add_to_cart"},"jetpack_sharing_enabled":true,"_links":{"self":[{"href":"https:\/\/de-prime.com\/index.php\/wp-json\/wp\/v2\/product\/55808","targetHints":{"allow":["GET"]}}],"collection":[{"href":"https:\/\/de-prime.com\/index.php\/wp-json\/wp\/v2\/product"}],"about":[{"href":"https:\/\/de-prime.com\/index.php\/wp-json\/wp\/v2\/types\/product"}],"replies":[{"embeddable":true,"href":"https:\/\/de-prime.com\/index.php\/wp-json\/wp\/v2\/comments?post=55808"}],"wp:featuredmedia":[{"embeddable":true,"href":"https:\/\/de-prime.com\/index.php\/wp-json\/"}],"wp:attachment":[{"href":"https:\/\/de-prime.com\/index.php\/wp-json\/wp\/v2\/media?parent=55808"}],"wp:term":[{"taxonomy":"product_brand","embeddable":true,"href":"https:\/\/de-prime.com\/index.php\/wp-json\/wp\/v2\/product_brand?post=55808"},{"taxonomy":"product_cat","embeddable":true,"href":"https:\/\/de-prime.com\/index.php\/wp-json\/wp\/v2\/product_cat?post=55808"},{"taxonomy":"product_tag","embeddable":true,"href":"https:\/\/de-prime.com\/index.php\/wp-json\/wp\/v2\/product_tag?post=55808"}],"curies":[{"name":"wp","href":"https:\/\/api.w.org\/{rel}","templated":true}]}}