{"id":55807,"date":"2024-10-01T16:14:13","date_gmt":"2024-10-01T16:14:13","guid":{"rendered":"https:\/\/de-prime.com\/?p=55807"},"modified":"2024-10-01T16:42:25","modified_gmt":"2024-10-01T16:42:25","slug":"namensschild-fuer-pferdebox-schwarz-stahl","status":"publish","type":"product","link":"https:\/\/de-prime.com\/index.php\/product\/namensschild-fuer-pferdebox-schwarz-stahl\/","title":{"rendered":"Namensschild f\u00fcr Pferdebox Schwarz Stahl"},"content":{"rendered":"<p>Dieses Stallschild l\u00e4sst sich sowohl mit dem Namen des Pferdes als auch mit dem Namen des Besitzers beschriften und ist somit eine ideale personalisierte Dekoration f\u00fcr die Pferdebox. Langlebiges und robustes Material: Das Namensschild ist aus Stahl gefertigt, der stark und robust ist und sich nicht leicht verbiegen oder verformen l\u00e4sst.Personalisiertes Design: Du kannst den Namen deines Pferdes oder einen beliebigen anderen Text auf diesem Namensschild hinzuf\u00fcgen.Einfache Montage: Dieses Stallschild verf\u00fcgt \u00fcber 5 L\u00f6cher zur einfachen Montage.Dekoration: Dank seines charmanten Designs verleiht dieses Stallschild der Pferdebox eine dekorative Note und passt zu verschiedenen Dekorationsstilen. Gut zu wissen:Die Befestigungsschrauben sind nicht im Lieferumfang enthalten.<\/p>\n<ul>\n<li>Farbe: Schwarz<\/li>\n<li>Material: Stahl<\/li>\n<li>Gr\u00f6\u00dfe: 25 x 26,5 cm (L x B)<\/li>\n<\/ul>\n","protected":false},"excerpt":{"rendered":"<ul>\n<li>Farbe: Schwarz<\/li>\n<li>Material: Stahl<\/li>\n<li>Gr\u00f6\u00dfe: 25 x 26,5 cm (L x B)<\/li>\n<\/ul>\n","protected":false},"featured_media":10000055807,"comment_status":"closed","ping_status":"closed","template":"","meta":[],"product_brand":[],"product_cat":[6837,6945,6896,6836],"product_tag":[],"class_list":{"0":"post-55807","1":"product","2":"type-product","3":"status-publish","4":"has-post-thumbnail","6":"product_cat-outdoor-aktivitaeten","7":"product_cat-reitbekleidung-reitbedarf","8":"product_cat-reitsport-zubehoer","9":"product_cat-sportartikel","11":"first","12":"outofstock","13":"taxable","14":"shipping-taxable","15":"purchasable","16":"product-type-simple","17":"add-to-wishlist-after_add_to_cart"},"jetpack_sharing_enabled":true,"_links":{"self":[{"href":"https:\/\/de-prime.com\/index.php\/wp-json\/wp\/v2\/product\/55807","targetHints":{"allow":["GET"]}}],"collection":[{"href":"https:\/\/de-prime.com\/index.php\/wp-json\/wp\/v2\/product"}],"about":[{"href":"https:\/\/de-prime.com\/index.php\/wp-json\/wp\/v2\/types\/product"}],"replies":[{"embeddable":true,"href":"https:\/\/de-prime.com\/index.php\/wp-json\/wp\/v2\/comments?post=55807"}],"wp:featuredmedia":[{"embeddable":true,"href":"https:\/\/de-prime.com\/index.php\/wp-json\/"}],"wp:attachment":[{"href":"https:\/\/de-prime.com\/index.php\/wp-json\/wp\/v2\/media?parent=55807"}],"wp:term":[{"taxonomy":"product_brand","embeddable":true,"href":"https:\/\/de-prime.com\/index.php\/wp-json\/wp\/v2\/product_brand?post=55807"},{"taxonomy":"product_cat","embeddable":true,"href":"https:\/\/de-prime.com\/index.php\/wp-json\/wp\/v2\/product_cat?post=55807"},{"taxonomy":"product_tag","embeddable":true,"href":"https:\/\/de-prime.com\/index.php\/wp-json\/wp\/v2\/product_tag?post=55807"}],"curies":[{"name":"wp","href":"https:\/\/api.w.org\/{rel}","templated":true}]}}