{"id":55805,"date":"2024-10-01T16:14:13","date_gmt":"2024-10-01T16:14:13","guid":{"rendered":"https:\/\/de-prime.com\/?p=55805"},"modified":"2024-10-01T16:37:23","modified_gmt":"2024-10-01T16:37:23","slug":"hi-puzzletisch-mit-4-schubladen-76x57x45-cm-holz","status":"publish","type":"product","link":"https:\/\/de-prime.com\/index.php\/product\/hi-puzzletisch-mit-4-schubladen-76x57x45-cm-holz\/","title":{"rendered":"HI Puzzletisch mit 4 Schubladen 76x57x4,5 cm Holz"},"content":{"rendered":"<p>Mit diesem Puzzletisch von HI k\u00f6nnen Sie das Puzzle ganz einfach aufr\u00e4umen. Der Puzzletisch verf\u00fcgt \u00fcber 4 seitliche Schubladen, sodass das Puzzle leicht vervollst\u00e4ndigt werden kann. Sie k\u00f6nnen die losen Teile einfach in den Schubladen verstauen, damit sie nicht verloren gehen.<\/p>\n<ul>\n<li>Material: MDF, Kiefernholz<\/li>\n<li>Abmessungen: 76 x 57 x 4,5 cm (L x B x H)<\/li>\n<li>Mit 4 seitlichen Schubladen<\/li>\n<\/ul>\n","protected":false},"excerpt":{"rendered":"<ul>\n<li>Material: MDF, Kiefernholz<\/li>\n<li>Abmessungen: 76 x 57 x 4,5 cm (L x B x H)<\/li>\n<li>Mit 4 seitlichen Schubladen<\/li>\n<\/ul>\n","protected":false},"featured_media":10000055805,"comment_status":"closed","ping_status":"closed","template":"","meta":[],"product_brand":[],"product_cat":[6363,6908,6852],"product_tag":[],"class_list":{"0":"post-55805","1":"product","2":"type-product","3":"status-publish","4":"has-post-thumbnail","6":"product_cat-puzzle-zubehoer","7":"product_cat-puzzles-geduldspiele","8":"product_cat-spielzeuge-spiele","10":"first","11":"outofstock","12":"taxable","13":"shipping-taxable","14":"purchasable","15":"product-type-simple","16":"add-to-wishlist-after_add_to_cart"},"jetpack_sharing_enabled":true,"_links":{"self":[{"href":"https:\/\/de-prime.com\/index.php\/wp-json\/wp\/v2\/product\/55805","targetHints":{"allow":["GET"]}}],"collection":[{"href":"https:\/\/de-prime.com\/index.php\/wp-json\/wp\/v2\/product"}],"about":[{"href":"https:\/\/de-prime.com\/index.php\/wp-json\/wp\/v2\/types\/product"}],"replies":[{"embeddable":true,"href":"https:\/\/de-prime.com\/index.php\/wp-json\/wp\/v2\/comments?post=55805"}],"wp:featuredmedia":[{"embeddable":true,"href":"https:\/\/de-prime.com\/index.php\/wp-json\/"}],"wp:attachment":[{"href":"https:\/\/de-prime.com\/index.php\/wp-json\/wp\/v2\/media?parent=55805"}],"wp:term":[{"taxonomy":"product_brand","embeddable":true,"href":"https:\/\/de-prime.com\/index.php\/wp-json\/wp\/v2\/product_brand?post=55805"},{"taxonomy":"product_cat","embeddable":true,"href":"https:\/\/de-prime.com\/index.php\/wp-json\/wp\/v2\/product_cat?post=55805"},{"taxonomy":"product_tag","embeddable":true,"href":"https:\/\/de-prime.com\/index.php\/wp-json\/wp\/v2\/product_tag?post=55805"}],"curies":[{"name":"wp","href":"https:\/\/api.w.org\/{rel}","templated":true}]}}