{"id":55802,"date":"2024-10-01T16:14:13","date_gmt":"2024-10-01T16:14:13","guid":{"rendered":"https:\/\/de-prime.com\/?p=55802"},"modified":"2024-10-01T16:37:12","modified_gmt":"2024-10-01T16:37:12","slug":"lernpult-staffelei-fuer-kinder-verstellbar","status":"publish","type":"product","link":"https:\/\/de-prime.com\/index.php\/product\/lernpult-staffelei-fuer-kinder-verstellbar\/","title":{"rendered":"Lernpult &#038; Staffelei f\u00fcr Kinder Verstellbar"},"content":{"rendered":"<p>Mit der multifunktionalen Lerntafel f\u00fcr Kinder und der Staffelei macht das Lernen f\u00fcr Kinder Spa\u00df. Das Lernset f\u00fcr Kinder gibt dem Kind die Freiheit, so zu zeichnen, wie es sein Herz begehrt. Der Hocker vervollst\u00e4ndigt dieses entz\u00fcckende Set und tr\u00e4gt dazu bei, dass sich Kinder beim Zeichnen ihrer Meisterwerke wohlf\u00fchlen. Au\u00dferdem bietet die Ablagefl\u00e4che unter dem Schreibtisch reichlich Platz f\u00fcr Buntstifte, Farbe, Papier und mehr. Der Schreibtisch ist zusammenklappbar, so dass er leicht zu verstauen und zu transportieren ist.<\/p>\n<ul>\n<li>Farbe: Mehrfarbig<\/li>\n<li>Material: PP<\/li>\n<li>Ma\u00dfe: 48 x 38 x 68 cm (B x T x H)<\/li>\n<li>Stauraum unter dem Schreibtisch<\/li>\n<li>Inklusive eines Hockers<\/li>\n<li>Zusammenbau erforderlich: Ja<\/li>\n<li><strong>Achtung:<\/strong> Maximales Benutzergewicht: 25 kg<\/li>\n<li><strong>Achtung:<\/strong>Kleine Teile. Erstickungsgefahr!<\/li>\n<li>WARNHINWEIS: Nicht f\u00fcr Kinder unter 36 Monaten geeignet.<\/li>\n<\/ul>\n","protected":false},"excerpt":{"rendered":"<ul>\n<li>Farbe: Mehrfarbig<\/li>\n<li>Material: PP<\/li>\n<li>Ma\u00dfe: 48 x 38 x 68 cm (B x T x H)<\/li>\n<li>Stauraum unter dem Schreibtisch<\/li>\n<li>Inklusive eines Hockers<\/li>\n<li>Zusammenbau erforderlich: Ja<\/li>\n<li><strong>Achtung:<\/strong> Maximales Benutzergewicht: 25 kg<\/li>\n<li><strong>Achtung:<\/strong>Kleine Teile. Erstickungsgefahr!<\/li>\n<li>WARNHINWEIS: Nicht f\u00fcr Kinder unter 36 Monaten geeignet.<\/li>\n<\/ul>\n","protected":false},"featured_media":10000055802,"comment_status":"closed","ping_status":"closed","template":"","meta":[],"product_brand":[],"product_cat":[6354,6853,6852],"product_tag":[],"class_list":{"0":"post-55802","1":"product","2":"type-product","3":"status-publish","4":"has-post-thumbnail","6":"product_cat-puppen-spielsets-spielzeugfiguren","7":"product_cat-spielzeuge","8":"product_cat-spielzeuge-spiele","10":"first","11":"instock","12":"taxable","13":"shipping-taxable","14":"purchasable","15":"product-type-simple","16":"add-to-wishlist-after_add_to_cart"},"jetpack_sharing_enabled":true,"_links":{"self":[{"href":"https:\/\/de-prime.com\/index.php\/wp-json\/wp\/v2\/product\/55802","targetHints":{"allow":["GET"]}}],"collection":[{"href":"https:\/\/de-prime.com\/index.php\/wp-json\/wp\/v2\/product"}],"about":[{"href":"https:\/\/de-prime.com\/index.php\/wp-json\/wp\/v2\/types\/product"}],"replies":[{"embeddable":true,"href":"https:\/\/de-prime.com\/index.php\/wp-json\/wp\/v2\/comments?post=55802"}],"wp:featuredmedia":[{"embeddable":true,"href":"https:\/\/de-prime.com\/index.php\/wp-json\/"}],"wp:attachment":[{"href":"https:\/\/de-prime.com\/index.php\/wp-json\/wp\/v2\/media?parent=55802"}],"wp:term":[{"taxonomy":"product_brand","embeddable":true,"href":"https:\/\/de-prime.com\/index.php\/wp-json\/wp\/v2\/product_brand?post=55802"},{"taxonomy":"product_cat","embeddable":true,"href":"https:\/\/de-prime.com\/index.php\/wp-json\/wp\/v2\/product_cat?post=55802"},{"taxonomy":"product_tag","embeddable":true,"href":"https:\/\/de-prime.com\/index.php\/wp-json\/wp\/v2\/product_tag?post=55802"}],"curies":[{"name":"wp","href":"https:\/\/api.w.org\/{rel}","templated":true}]}}