{"id":55801,"date":"2024-10-01T16:14:13","date_gmt":"2024-10-01T16:14:13","guid":{"rendered":"https:\/\/de-prime.com\/?p=55801"},"modified":"2024-10-01T16:37:12","modified_gmt":"2024-10-01T16:37:12","slug":"2-1-staffelei-kreidetafel-und-schreibwand-fuer-kinder","status":"publish","type":"product","link":"https:\/\/de-prime.com\/index.php\/product\/2-1-staffelei-kreidetafel-und-schreibwand-fuer-kinder\/","title":{"rendered":"2-1 Staffelei, Kreidetafel und Schreibwand f\u00fcr Kinder"},"content":{"rendered":"<p>Lernen sollte sich nicht nur auf das Klassenzimmer beschr\u00e4nken. Bringen Sie die Fantasie Ihres Kindes mit dieser multifunktionalen Lernstaffelei f\u00fcr Kinder in den Himmel! Dieses Set aus magnetischer Tafel, Kreidetafel und Malstaffelei kann zum Erlernen einfacher mathematischer Gleichungen, grundlegender W\u00f6rter und des Alphabets sowie zum Zeichnen verwendet werden. Diese zweiseitige Staffelei verf\u00fcgt auf der einen Seite \u00fcber eine Magnettafel und auf der anderen Seite \u00fcber eine Kreidetafel, so dass Ihr Kind eine Vielzahl von M\u00f6glichkeiten hat und stundenlang kreativ sein kann. Unter der doppelseitigen Staffelei befindet sich eine praktische Ablage, in der Sie wichtige Gegenst\u00e4nde griffbereit aufbewahren k\u00f6nnen. Au\u00dferdem verf\u00fcgt sie \u00fcber Klammern, um das Papier zu befestigen, auf dem Ihre Kinder mit Markern oder Buntstiften zeichnen k\u00f6nnen.<\/p>\n<ul>\n<li>Farbe: Mehrfarbig<\/li>\n<li>Material: PP, PE<\/li>\n<li>Ma\u00dfe: 45 x 41 x 94 cm (L x B x H)<\/li>\n<li>2 in 1: Wei\u00dfe Magnettafel und Kreidetafel<\/li>\n<li>Enth\u00e4lt magnetische Buchstaben, Zahlen und mathematische Symbole<\/li>\n<li>Inklusive Farbkreiden und Schwammradierer<\/li>\n<li>Zusammenbau erforderlich: Ja<\/li>\n<li><strong>Achtung:<\/strong>Kleine Teile. Erstickungsgefahr!<\/li>\n<li>WARNHINWEIS: Nicht f\u00fcr Kinder unter 36 Monaten geeignet.<\/li>\n<\/ul>\n","protected":false},"excerpt":{"rendered":"<ul>\n<li>Farbe: Mehrfarbig<\/li>\n<li>Material: PP, PE<\/li>\n<li>Ma\u00dfe: 45 x 41 x 94 cm (L x B x H)<\/li>\n<li>2 in 1: Wei\u00dfe Magnettafel und Kreidetafel<\/li>\n<li>Enth\u00e4lt magnetische Buchstaben, Zahlen und mathematische Symbole<\/li>\n<li>Inklusive Farbkreiden und Schwammradierer<\/li>\n<li>Zusammenbau erforderlich: Ja<\/li>\n<li><strong>Achtung:<\/strong>Kleine Teile. Erstickungsgefahr!<\/li>\n<li>WARNHINWEIS: Nicht f\u00fcr Kinder unter 36 Monaten geeignet.<\/li>\n<\/ul>\n","protected":false},"featured_media":10000055801,"comment_status":"closed","ping_status":"closed","template":"","meta":[],"product_brand":[],"product_cat":[6354,6853,6852],"product_tag":[],"class_list":{"0":"post-55801","1":"product","2":"type-product","3":"status-publish","4":"has-post-thumbnail","6":"product_cat-puppen-spielsets-spielzeugfiguren","7":"product_cat-spielzeuge","8":"product_cat-spielzeuge-spiele","10":"first","11":"instock","12":"taxable","13":"shipping-taxable","14":"purchasable","15":"product-type-simple","16":"add-to-wishlist-after_add_to_cart"},"jetpack_sharing_enabled":true,"_links":{"self":[{"href":"https:\/\/de-prime.com\/index.php\/wp-json\/wp\/v2\/product\/55801","targetHints":{"allow":["GET"]}}],"collection":[{"href":"https:\/\/de-prime.com\/index.php\/wp-json\/wp\/v2\/product"}],"about":[{"href":"https:\/\/de-prime.com\/index.php\/wp-json\/wp\/v2\/types\/product"}],"replies":[{"embeddable":true,"href":"https:\/\/de-prime.com\/index.php\/wp-json\/wp\/v2\/comments?post=55801"}],"wp:featuredmedia":[{"embeddable":true,"href":"https:\/\/de-prime.com\/index.php\/wp-json\/"}],"wp:attachment":[{"href":"https:\/\/de-prime.com\/index.php\/wp-json\/wp\/v2\/media?parent=55801"}],"wp:term":[{"taxonomy":"product_brand","embeddable":true,"href":"https:\/\/de-prime.com\/index.php\/wp-json\/wp\/v2\/product_brand?post=55801"},{"taxonomy":"product_cat","embeddable":true,"href":"https:\/\/de-prime.com\/index.php\/wp-json\/wp\/v2\/product_cat?post=55801"},{"taxonomy":"product_tag","embeddable":true,"href":"https:\/\/de-prime.com\/index.php\/wp-json\/wp\/v2\/product_tag?post=55801"}],"curies":[{"name":"wp","href":"https:\/\/api.w.org\/{rel}","templated":true}]}}