{"id":55783,"date":"2024-10-01T16:14:12","date_gmt":"2024-10-01T16:14:12","guid":{"rendered":"https:\/\/de-prime.com\/?p=55783"},"modified":"2024-10-01T16:42:36","modified_gmt":"2024-10-01T16:42:36","slug":"sechsteilige-pferdeschermaschine-350-w","status":"publish","type":"product","link":"https:\/\/de-prime.com\/index.php\/product\/sechsteilige-pferdeschermaschine-350-w\/","title":{"rendered":"Sechsteilige Pferdeschermaschine 350 W"},"content":{"rendered":"<p>Wenn es w\u00e4rmer wird, ist es Zeit Ihr Pferd von seinem Winterfell zu erl\u00f6sen. Diese Pferdeschermaschine wird Ihnen dabei helfen. Das schmale Geh\u00e4use beherbergt einen hocheffizienten Motor mit 350 W Leistung und ist somit stark genug, um durch die dicken Pferdehaare zu schneiden, aber immer noch kompakt genug, damit Sie die Maschine noch bequem halten k\u00f6nnen. Seine H\u00f6chstgeschwindigkeit betr\u00e4gt 2400 RPM und erlaubt so einen unglaublich sauberen, schnellen Schnitt f\u00fcr Sie und Ihr Pferd. Die Maschine ist leise und vibriert nur wenig und ist so leicht und bequem zu benutzen. Die Schermaschine wird mit Schmier\u00f6l und einem langen Kabel geliefert. Der Scherer und sein Zubeh\u00f6r passen perfekt in den mitgelieferten Transportkoffer, so dass Sie alle ben\u00f6tigten Werkzeuge immer dabei haben und Ihr Pferd \u00fcberall pflegen k\u00f6nnen.<\/p>\n<ul>\n<li>Farbe: Schwarz und Rot<\/li>\n<li>Koffer-Abmessungen: 43 x 18 x 10 cm (L x B x H)<\/li>\n<li>Schermaschine-Abmessungen: 30,5 x 6,5 x 6 cm (L x B x H)<\/li>\n<li>Kabel-L\u00e4nge: 5 m<\/li>\n<li>Leistung: 350 W<\/li>\n<li>Klingengeschwindigkeit: 2400 U\/min<\/li>\n<li>Spannung \/ Frequenz: 220 &#8211; 240 V \/ 50 Hz<\/li>\n<li>Geeignete Umgebungstemperatur: 0-40 \u00b0 C<\/li>\n<li>Lieferung im praktischen Tragekoffer<\/li>\n<li><strong>Lieferung beinhaltet:<\/strong><\/li>\n<li>1 x Pferdeschermaschine<\/li>\n<li>2 x Kohleb\u00fcrste<\/li>\n<li>1 x Schraubendreher<\/li>\n<li>1 x Schmier\u00f6l<\/li>\n<li>1 x Reinigungsb\u00fcrste<\/li>\n<\/ul>\n","protected":false},"excerpt":{"rendered":"<ul>\n<li>Farbe: Schwarz und Rot<\/li>\n<li>Koffer-Abmessungen: 43 x 18 x 10 cm (L x B x H)<\/li>\n<li>Schermaschine-Abmessungen: 30,5 x 6,5 x 6 cm (L x B x H)<\/li>\n<li>Kabel-L\u00e4nge: 5 m<\/li>\n<li>Leistung: 350 W<\/li>\n<li>Klingengeschwindigkeit: 2400 U\/min<\/li>\n<li>Spannung \/ Frequenz: 220 &#8211; 240 V \/ 50 Hz<\/li>\n<li>Geeignete Umgebungstemperatur: 0-40 \u00b0 C<\/li>\n<li>Lieferung im praktischen Tragekoffer<\/li>\n<li><strong>Lieferung beinhaltet:<\/strong><\/li>\n<li>1 x Pferdeschermaschine<\/li>\n<li>2 x Kohleb\u00fcrste<\/li>\n<li>1 x Schraubendreher<\/li>\n<li>1 x Schmier\u00f6l<\/li>\n<li>1 x Reinigungsb\u00fcrste<\/li>\n<\/ul>\n","protected":false},"featured_media":10000055783,"comment_status":"closed","ping_status":"closed","template":"","meta":[],"product_brand":[],"product_cat":[6837,6941,6923,6924,6896,6836],"product_tag":[],"class_list":{"0":"post-55783","1":"product","2":"type-product","3":"status-publish","4":"has-post-thumbnail","6":"product_cat-outdoor-aktivitaeten","7":"product_cat-pferde-schermaschinen","8":"product_cat-pferdebedarf","9":"product_cat-pferdepflege","10":"product_cat-reitsport-zubehoer","11":"product_cat-sportartikel","13":"first","14":"instock","15":"taxable","16":"shipping-taxable","17":"purchasable","18":"product-type-simple","19":"add-to-wishlist-after_add_to_cart"},"jetpack_sharing_enabled":true,"_links":{"self":[{"href":"https:\/\/de-prime.com\/index.php\/wp-json\/wp\/v2\/product\/55783","targetHints":{"allow":["GET"]}}],"collection":[{"href":"https:\/\/de-prime.com\/index.php\/wp-json\/wp\/v2\/product"}],"about":[{"href":"https:\/\/de-prime.com\/index.php\/wp-json\/wp\/v2\/types\/product"}],"replies":[{"embeddable":true,"href":"https:\/\/de-prime.com\/index.php\/wp-json\/wp\/v2\/comments?post=55783"}],"wp:featuredmedia":[{"embeddable":true,"href":"https:\/\/de-prime.com\/index.php\/wp-json\/"}],"wp:attachment":[{"href":"https:\/\/de-prime.com\/index.php\/wp-json\/wp\/v2\/media?parent=55783"}],"wp:term":[{"taxonomy":"product_brand","embeddable":true,"href":"https:\/\/de-prime.com\/index.php\/wp-json\/wp\/v2\/product_brand?post=55783"},{"taxonomy":"product_cat","embeddable":true,"href":"https:\/\/de-prime.com\/index.php\/wp-json\/wp\/v2\/product_cat?post=55783"},{"taxonomy":"product_tag","embeddable":true,"href":"https:\/\/de-prime.com\/index.php\/wp-json\/wp\/v2\/product_tag?post=55783"}],"curies":[{"name":"wp","href":"https:\/\/api.w.org\/{rel}","templated":true}]}}