{"id":55782,"date":"2024-10-01T16:14:11","date_gmt":"2024-10-01T16:14:11","guid":{"rendered":"https:\/\/de-prime.com\/?p=55782"},"modified":"2024-10-01T16:44:48","modified_gmt":"2024-10-01T16:44:48","slug":"recurvebogen-pfeile-30-076-cm-carbon-12-stk","status":"publish","type":"product","link":"https:\/\/de-prime.com\/index.php\/product\/recurvebogen-pfeile-30-076-cm-carbon-12-stk\/","title":{"rendered":"Recurvebogen-Pfeile 30&#8243; 0,76 cm Carbon 12 Stk."},"content":{"rendered":"<p>F\u00fclle deinen K\u00f6cher mit diesen hochwertigen Pfeilen aus starkem und dennoch leichtem Carbon. Mit einem maximalen Zuggewicht von 40 lb eignen sich diese Bogenpfeile f\u00fcr eine Vielzahl von Sch\u00fctzen. Die Lieferung beinhaltet 12 St\u00fcck Carbonpfeile.<\/p>\n<ul>\n<li>Material: Carbon<\/li>\n<li>Gesamtl\u00e4nge: 30 Zoll (76,2 cm)<\/li>\n<li>Durchmesser der Pfeilsch\u00e4fte: 0,76 cm<\/li>\n<li>Max. Zuggewicht: 40 lb (ca. 18,1 kg)<\/li>\n<li>Achtung: Dies ist kein Spielzeug!<\/li>\n<li>Warnung: Nur zur Verwendung durch Erwachsene \u00fcber 18 Jahre<\/li>\n<li>Die Lieferung beinhaltet 12 Carbonpfeile<\/li>\n<\/ul>\n","protected":false},"excerpt":{"rendered":"<ul>\n<li>Material: Carbon<\/li>\n<li>Gesamtl\u00e4nge: 30 Zoll (76,2 cm)<\/li>\n<li>Durchmesser der Pfeilsch\u00e4fte: 0,76 cm<\/li>\n<li>Max. Zuggewicht: 40 lb (ca. 18,1 kg)<\/li>\n<li>Achtung: Dies ist kein Spielzeug!<\/li>\n<li>Warnung: Nur zur Verwendung durch Erwachsene \u00fcber 18 Jahre<\/li>\n<li>Die Lieferung beinhaltet 12 Carbonpfeile<\/li>\n<\/ul>\n","protected":false},"featured_media":10000055782,"comment_status":"closed","ping_status":"closed","template":"","meta":[],"product_brand":[],"product_cat":[6867,6866,6837,6940,6836],"product_tag":[],"class_list":{"0":"post-55782","1":"product","2":"type-product","3":"status-publish","4":"has-post-thumbnail","6":"product_cat-bogenschiessen","7":"product_cat-jagen-und-schiessen","8":"product_cat-outdoor-aktivitaeten","9":"product_cat-pfeile-bolzen","10":"product_cat-sportartikel","12":"first","13":"instock","14":"taxable","15":"shipping-taxable","16":"purchasable","17":"product-type-simple","18":"add-to-wishlist-after_add_to_cart"},"jetpack_sharing_enabled":true,"_links":{"self":[{"href":"https:\/\/de-prime.com\/index.php\/wp-json\/wp\/v2\/product\/55782","targetHints":{"allow":["GET"]}}],"collection":[{"href":"https:\/\/de-prime.com\/index.php\/wp-json\/wp\/v2\/product"}],"about":[{"href":"https:\/\/de-prime.com\/index.php\/wp-json\/wp\/v2\/types\/product"}],"replies":[{"embeddable":true,"href":"https:\/\/de-prime.com\/index.php\/wp-json\/wp\/v2\/comments?post=55782"}],"wp:featuredmedia":[{"embeddable":true,"href":"https:\/\/de-prime.com\/index.php\/wp-json\/"}],"wp:attachment":[{"href":"https:\/\/de-prime.com\/index.php\/wp-json\/wp\/v2\/media?parent=55782"}],"wp:term":[{"taxonomy":"product_brand","embeddable":true,"href":"https:\/\/de-prime.com\/index.php\/wp-json\/wp\/v2\/product_brand?post=55782"},{"taxonomy":"product_cat","embeddable":true,"href":"https:\/\/de-prime.com\/index.php\/wp-json\/wp\/v2\/product_cat?post=55782"},{"taxonomy":"product_tag","embeddable":true,"href":"https:\/\/de-prime.com\/index.php\/wp-json\/wp\/v2\/product_tag?post=55782"}],"curies":[{"name":"wp","href":"https:\/\/api.w.org\/{rel}","templated":true}]}}