{"id":55778,"date":"2024-10-01T16:14:11","date_gmt":"2024-10-01T16:14:11","guid":{"rendered":"https:\/\/de-prime.com\/?p=55778"},"modified":"2024-10-01T16:37:31","modified_gmt":"2024-10-01T16:37:31","slug":"sup-board-set-aufblasbar-gruen-360x81x10-cm","status":"publish","type":"product","link":"https:\/\/de-prime.com\/index.php\/product\/sup-board-set-aufblasbar-gruen-360x81x10-cm\/","title":{"rendered":"SUP-Board-Set Aufblasbar Gr\u00fcn 360x81x10 cm"},"content":{"rendered":"<p>Dieses SUP-Board bietet Komfort und Stabilit\u00e4t und ist ideal f\u00fcr Anf\u00e4nger, Freizeitsportler und das Reiten kleinerer Wellen. Das Paddelbrett l\u00e4sst sich einfach und schnell aufblasen und entleeren. Dieses SUP-Board ist mit dem perfekten Grad an Kurve entworfen, was seine Steifigkeit f\u00fcr eine stabilere Fahrt erh\u00f6ht. Dieses Stand-Up-Paddle-Board gleitet m\u00fchelos durch flache Gew\u00e4sser und f\u00e4hrt geschmeidig in der Brandung. Das aufblasbare SUP-Paddelbrett ist pannensicher und UV-best\u00e4ndig und h\u00e4lt auch extremen nautischen Bedingungen stand. Das Set enth\u00e4lt einen abnehmbaren Sitz. Durch das Fenster kann man auch den Unterwasserblick genie\u00dfen; das macht Spa\u00df und ist spannend. Au\u00dferdem ist eine praktische Tragetasche f\u00fcr den einfachen und schnellen Transport enthalten. Bitte beachten Sie, dass dieses Board f\u00fcr Erwachsene entwickelt wurde.<\/p>\n<ul>\n<li>Farbe: Gr\u00fcn<\/li>\n<li>Material: PVC<\/li>\n<li>Abmessungen: 360 x 81 x 10 cm (L x B x H)<\/li>\n<li>Mit einem Sichtfenster f\u00fcr Unterwassersicht<\/li>\n<li>Maximale Anzahl der Personen: 1 Erwachsener<\/li>\n<li>Maximale Belastbarkeit: 120 kg<\/li>\n<li>Maximaler Arbeitsdruck: 12 psi<\/li>\n<li>Zusammenbau erforderlich: Ja<\/li>\n<li><strong>Lieferung enth\u00e4lt:<\/strong><\/li>\n<li>1 x Surfbrett<\/li>\n<li>1 x Paddel<\/li>\n<li>1 x Pumpe<\/li>\n<li>1 x Sitz<\/li>\n<li>1 x Reparaturset<\/li>\n<li>1 x Leine<\/li>\n<li>1 x Tasche<\/li>\n<\/ul>\n","protected":false},"excerpt":{"rendered":"<ul>\n<li>Farbe: Gr\u00fcn<\/li>\n<li>Material: PVC<\/li>\n<li>Abmessungen: 360 x 81 x 10 cm (L x B x H)<\/li>\n<li>Mit einem Sichtfenster f\u00fcr Unterwassersicht<\/li>\n<li>Maximale Anzahl der Personen: 1 Erwachsener<\/li>\n<li>Maximale Belastbarkeit: 120 kg<\/li>\n<li>Maximaler Arbeitsdruck: 12 psi<\/li>\n<li>Zusammenbau erforderlich: Ja<\/li>\n<li><strong>Lieferung enth\u00e4lt:<\/strong><\/li>\n<li>1 x Surfbrett<\/li>\n<li>1 x Paddel<\/li>\n<li>1 x Pumpe<\/li>\n<li>1 x Sitz<\/li>\n<li>1 x Reparaturset<\/li>\n<li>1 x Leine<\/li>\n<li>1 x Tasche<\/li>\n<\/ul>\n","protected":false},"featured_media":10000055778,"comment_status":"closed","ping_status":"closed","template":"","meta":[],"product_brand":[],"product_cat":[6855,6837,6939,6836,6856],"product_tag":[],"class_list":{"0":"post-55778","1":"product","2":"type-product","3":"status-publish","4":"has-post-thumbnail","6":"product_cat-boot-wassersport","7":"product_cat-outdoor-aktivitaeten","8":"product_cat-paddelboards","9":"product_cat-sportartikel","10":"product_cat-surfen","12":"first","13":"instock","14":"taxable","15":"shipping-taxable","16":"purchasable","17":"product-type-simple","18":"add-to-wishlist-after_add_to_cart"},"jetpack_sharing_enabled":true,"_links":{"self":[{"href":"https:\/\/de-prime.com\/index.php\/wp-json\/wp\/v2\/product\/55778","targetHints":{"allow":["GET"]}}],"collection":[{"href":"https:\/\/de-prime.com\/index.php\/wp-json\/wp\/v2\/product"}],"about":[{"href":"https:\/\/de-prime.com\/index.php\/wp-json\/wp\/v2\/types\/product"}],"replies":[{"embeddable":true,"href":"https:\/\/de-prime.com\/index.php\/wp-json\/wp\/v2\/comments?post=55778"}],"wp:featuredmedia":[{"embeddable":true,"href":"https:\/\/de-prime.com\/index.php\/wp-json\/"}],"wp:attachment":[{"href":"https:\/\/de-prime.com\/index.php\/wp-json\/wp\/v2\/media?parent=55778"}],"wp:term":[{"taxonomy":"product_brand","embeddable":true,"href":"https:\/\/de-prime.com\/index.php\/wp-json\/wp\/v2\/product_brand?post=55778"},{"taxonomy":"product_cat","embeddable":true,"href":"https:\/\/de-prime.com\/index.php\/wp-json\/wp\/v2\/product_cat?post=55778"},{"taxonomy":"product_tag","embeddable":true,"href":"https:\/\/de-prime.com\/index.php\/wp-json\/wp\/v2\/product_tag?post=55778"}],"curies":[{"name":"wp","href":"https:\/\/api.w.org\/{rel}","templated":true}]}}