{"id":55765,"date":"2024-10-01T16:14:10","date_gmt":"2024-10-01T16:14:10","guid":{"rendered":"https:\/\/de-prime.com\/?p=55765"},"modified":"2024-10-01T16:37:25","modified_gmt":"2024-10-01T16:37:25","slug":"bestway-hydro-force-oceana-aufblasbares-sup-stand-up-paddelbrett","status":"publish","type":"product","link":"https:\/\/de-prime.com\/index.php\/product\/bestway-hydro-force-oceana-aufblasbares-sup-stand-up-paddelbrett\/","title":{"rendered":"Bestway Hydro-Force Oceana Aufblasbares SUP Stand-Up-Paddelbrett"},"content":{"rendered":"<p>Dieses aufblasbare Hydro-Force Oceana SUP von Bestway ist eine ausgezeichnete Wahl f\u00fcr Sportliebhaber oder diejenigen, die sich auf dem Wasser entspannen m\u00f6chten. Dieses Paddelbrett mit einer breiteren Unterlage und einem dickeren Brett erm\u00f6glicht eine bessere Kontrolle und macht Fahrten mit einem Haustier m\u00f6glich! Dieses Paddleboard ist aus Tri-Tech- und Fallstich-Material gefertigt und bietet beispiellose Festigkeit, Stabilit\u00e4t und Haltbarkeit. Ein rutschfestes Traktionspolster auf der Oberfl\u00e4che des SUP bietet beim Stehen einen besseren Halt und erleichtert das Gleichgewichthalten auf dem Brett und die volle Kontrolle auf dem Wasser. Mit einer elastischen Schnur k\u00f6nnen Sie Fracht am SUP befestigen. Mit dem praktischen Deckgriff k\u00f6nnen Sie das SUP problemlos ins und aus dem Wasser ziehen, und die mitgelieferte Spulenleine erh\u00f6ht die Paddelsicherheit. Es enth\u00e4lt ein 217 cm verstellbares Paddel, das Ihren pers\u00f6nlichen Anforderungen entspricht. Mit dem aufsteckbaren Sitz mit R\u00fcckenlehne und Fu\u00dfst\u00fctze k\u00f6nnen Sie das SUP schnell in ein Sitzkajak verwandeln und Seen, Fl\u00fcsse und Wasserwege entspannt erkunden. Das Board kann mit einer mitgelieferten Handpumpe schnell aufgeblasen werden. Bei Nichtgebrauch k\u00f6nnen Sie die Luft ablassen und das Ganze im Aufbewahrungsbeutel aufbewahren.<\/p>\n<ul>\n<li>Farbe: Blau<\/li>\n<li>Material: PVC<\/li>\n<li>Aufgeblasene Abmessungen: 305 x 84 x 12 cm (L x B x H)<\/li>\n<li>Flossengr\u00f6\u00dfe: 19,5 x 19 cm (B x H)<\/li>\n<li>Benutzerkapazit\u00e4t: 1 Erwachsener<\/li>\n<li>Belastbarkeit: 120 kg<\/li>\n<li>Innenvolumen: 256 L<\/li>\n<li>Anti-Rutsch-Traktionskissen<\/li>\n<li>Praktischer Griff zum einfachen Aufnehmen und Tragen des SUP-Boards<\/li>\n<li>Gummiband f\u00fcr Gep\u00e4ck<\/li>\n<li>Einstellbares 2,17 m Paddel<\/li>\n<li>Abnehmbarer Sitz mit R\u00fcckenlehne und Fu\u00dfst\u00fctze<\/li>\n<li>Bestway Artikelnummer: 65350<\/li>\n<li><strong>Lieferung enth\u00e4lt:<\/strong><\/li>\n<li>1 x SUP-Board<\/li>\n<li>1 x Paddel<\/li>\n<li>1 x Mittelfinne zum Einschieben<\/li>\n<li>1 x Handpumpe<\/li>\n<li>1 x Spiralleine<\/li>\n<li>1 x abnehmbarer Sitz<\/li>\n<li>1 x Rucksack<\/li>\n<li>1 x Reparaturset<\/li>\n<\/ul>\n","protected":false},"excerpt":{"rendered":"<ul>\n<li>Farbe: Blau<\/li>\n<li>Material: PVC<\/li>\n<li>Aufgeblasene Abmessungen: 305 x 84 x 12 cm (L x B x H)<\/li>\n<li>Flossengr\u00f6\u00dfe: 19,5 x 19 cm (B x H)<\/li>\n<li>Benutzerkapazit\u00e4t: 1 Erwachsener<\/li>\n<li>Belastbarkeit: 120 kg<\/li>\n<li>Innenvolumen: 256 L<\/li>\n<li>Anti-Rutsch-Traktionskissen<\/li>\n<li>Praktischer Griff zum einfachen Aufnehmen und Tragen des SUP-Boards<\/li>\n<li>Gummiband f\u00fcr Gep\u00e4ck<\/li>\n<li>Einstellbares 2,17 m Paddel<\/li>\n<li>Abnehmbarer Sitz mit R\u00fcckenlehne und Fu\u00dfst\u00fctze<\/li>\n<li>Bestway Artikelnummer: 65350<\/li>\n<li><strong>Lieferung enth\u00e4lt:<\/strong><\/li>\n<li>1 x SUP-Board<\/li>\n<li>1 x Paddel<\/li>\n<li>1 x Mittelfinne zum Einschieben<\/li>\n<li>1 x Handpumpe<\/li>\n<li>1 x Spiralleine<\/li>\n<li>1 x abnehmbarer Sitz<\/li>\n<li>1 x Rucksack<\/li>\n<li>1 x Reparaturset<\/li>\n<\/ul>\n","protected":false},"featured_media":10000055765,"comment_status":"closed","ping_status":"closed","template":"","meta":[],"product_brand":[],"product_cat":[6855,6837,6939,6836,6856],"product_tag":[],"class_list":{"0":"post-55765","1":"product","2":"type-product","3":"status-publish","4":"has-post-thumbnail","6":"product_cat-boot-wassersport","7":"product_cat-outdoor-aktivitaeten","8":"product_cat-paddelboards","9":"product_cat-sportartikel","10":"product_cat-surfen","12":"first","13":"instock","14":"taxable","15":"shipping-taxable","16":"purchasable","17":"product-type-simple","18":"add-to-wishlist-after_add_to_cart"},"jetpack_sharing_enabled":true,"_links":{"self":[{"href":"https:\/\/de-prime.com\/index.php\/wp-json\/wp\/v2\/product\/55765","targetHints":{"allow":["GET"]}}],"collection":[{"href":"https:\/\/de-prime.com\/index.php\/wp-json\/wp\/v2\/product"}],"about":[{"href":"https:\/\/de-prime.com\/index.php\/wp-json\/wp\/v2\/types\/product"}],"replies":[{"embeddable":true,"href":"https:\/\/de-prime.com\/index.php\/wp-json\/wp\/v2\/comments?post=55765"}],"wp:featuredmedia":[{"embeddable":true,"href":"https:\/\/de-prime.com\/index.php\/wp-json\/"}],"wp:attachment":[{"href":"https:\/\/de-prime.com\/index.php\/wp-json\/wp\/v2\/media?parent=55765"}],"wp:term":[{"taxonomy":"product_brand","embeddable":true,"href":"https:\/\/de-prime.com\/index.php\/wp-json\/wp\/v2\/product_brand?post=55765"},{"taxonomy":"product_cat","embeddable":true,"href":"https:\/\/de-prime.com\/index.php\/wp-json\/wp\/v2\/product_cat?post=55765"},{"taxonomy":"product_tag","embeddable":true,"href":"https:\/\/de-prime.com\/index.php\/wp-json\/wp\/v2\/product_tag?post=55765"}],"curies":[{"name":"wp","href":"https:\/\/api.w.org\/{rel}","templated":true}]}}