{"id":55762,"date":"2024-10-01T16:14:10","date_gmt":"2024-10-01T16:14:10","guid":{"rendered":"https:\/\/de-prime.com\/?p=55762"},"modified":"2024-10-01T16:37:23","modified_gmt":"2024-10-01T16:37:23","slug":"sup-board-set-aufblasbar-305x76x15-cm-schwarz","status":"publish","type":"product","link":"https:\/\/de-prime.com\/index.php\/product\/sup-board-set-aufblasbar-305x76x15-cm-schwarz\/","title":{"rendered":"SUP-Board-Set Aufblasbar 305x76x15 cm Schwarz"},"content":{"rendered":"<p>Dieses aufblasbare SUP-Board bereitet grenzenlosen Spa\u00df auf dem Wasser. Es ist eine ideale Wahl f\u00fcr Paddler und kombiniert \u00fcberlegene Stabilit\u00e4t und Robustheit mit h\u00f6chster Allround-Leistung. Die gro\u00dfz\u00fcgige Breite und Dicke sorgen f\u00fcr angenehmes und stabiles Paddeln. Stabil und sicher: Durch die perfekte Form wird die Steifigkeit dieses SUP-Boards erh\u00f6ht, um mehr Stabilit\u00e4t zu bieten. Dieses Board gleitet m\u00fchelos durch flaches Wasser und bewegt sich stabil in der Brandung.Aufblasbar: Das aufblasbare SUP-Board ist durchstichsicher und UV-best\u00e4ndig. Mit speziellen Hochdruck-Schraubventilen ausgestattet, l\u00e4sst es sich schnell und m\u00fchelos aufblasen und entleeren.Mit Aufdruck: Mit seinem besonderen Aufdruck wird das Stehpaddelbrett mit Sicherheit die Herzen der Paddler erobern. Gut zu wissen:Dieses SUP-Set ist f\u00fcr Erwachsene bestimmt.<\/p>\n<ul>\n<li>Farbe: Schwarz<\/li>\n<li>Material: PVC, EVA, Aluminium<\/li>\n<li>Abmessungen (aufgeblasen): 305 x 76 x 15 cm (L x B x H)<\/li>\n<li>Maximale Anzahl der Personen: 1 Erwachsener<\/li>\n<li>Maximale Tragf\u00e4higkeit: 140 kg<\/li>\n<li>Maximaler Arbeitsdruck: 0,8 bar (12 psi)<\/li>\n<li>Durchschlagsicher und UV-best\u00e4ndig<\/li>\n<li><strong>Lieferung umfasst:<\/strong><\/li>\n<li>1 x SUP-Board<\/li>\n<li>1 x Aluminiumpaddel<\/li>\n<li>1 x Abnehmbare Flosse<\/li>\n<li>1 x Hochdruck-Handpumpe mit Hochdruck-Manometer<\/li>\n<li>1x Reparaturset<\/li>\n<li>1 x Leash<\/li>\n<li>1 x Tragetasche<\/li>\n<\/ul>\n","protected":false},"excerpt":{"rendered":"<ul>\n<li>Farbe: Schwarz<\/li>\n<li>Material: PVC, EVA, Aluminium<\/li>\n<li>Abmessungen (aufgeblasen): 305 x 76 x 15 cm (L x B x H)<\/li>\n<li>Maximale Anzahl der Personen: 1 Erwachsener<\/li>\n<li>Maximale Tragf\u00e4higkeit: 140 kg<\/li>\n<li>Maximaler Arbeitsdruck: 0,8 bar (12 psi)<\/li>\n<li>Durchschlagsicher und UV-best\u00e4ndig<\/li>\n<li><strong>Lieferung umfasst:<\/strong><\/li>\n<li>1 x SUP-Board<\/li>\n<li>1 x Aluminiumpaddel<\/li>\n<li>1 x Abnehmbare Flosse<\/li>\n<li>1 x Hochdruck-Handpumpe mit Hochdruck-Manometer<\/li>\n<li>1x Reparaturset<\/li>\n<li>1 x Leash<\/li>\n<li>1 x Tragetasche<\/li>\n<\/ul>\n","protected":false},"featured_media":10000055762,"comment_status":"closed","ping_status":"closed","template":"","meta":[],"product_brand":[],"product_cat":[6855,6837,6939,6836,6856],"product_tag":[],"class_list":{"0":"post-55762","1":"product","2":"type-product","3":"status-publish","4":"has-post-thumbnail","6":"product_cat-boot-wassersport","7":"product_cat-outdoor-aktivitaeten","8":"product_cat-paddelboards","9":"product_cat-sportartikel","10":"product_cat-surfen","12":"first","13":"instock","14":"taxable","15":"shipping-taxable","16":"purchasable","17":"product-type-simple","18":"add-to-wishlist-after_add_to_cart"},"jetpack_sharing_enabled":true,"_links":{"self":[{"href":"https:\/\/de-prime.com\/index.php\/wp-json\/wp\/v2\/product\/55762","targetHints":{"allow":["GET"]}}],"collection":[{"href":"https:\/\/de-prime.com\/index.php\/wp-json\/wp\/v2\/product"}],"about":[{"href":"https:\/\/de-prime.com\/index.php\/wp-json\/wp\/v2\/types\/product"}],"replies":[{"embeddable":true,"href":"https:\/\/de-prime.com\/index.php\/wp-json\/wp\/v2\/comments?post=55762"}],"wp:featuredmedia":[{"embeddable":true,"href":"https:\/\/de-prime.com\/index.php\/wp-json\/"}],"wp:attachment":[{"href":"https:\/\/de-prime.com\/index.php\/wp-json\/wp\/v2\/media?parent=55762"}],"wp:term":[{"taxonomy":"product_brand","embeddable":true,"href":"https:\/\/de-prime.com\/index.php\/wp-json\/wp\/v2\/product_brand?post=55762"},{"taxonomy":"product_cat","embeddable":true,"href":"https:\/\/de-prime.com\/index.php\/wp-json\/wp\/v2\/product_cat?post=55762"},{"taxonomy":"product_tag","embeddable":true,"href":"https:\/\/de-prime.com\/index.php\/wp-json\/wp\/v2\/product_tag?post=55762"}],"curies":[{"name":"wp","href":"https:\/\/api.w.org\/{rel}","templated":true}]}}