{"id":55759,"date":"2024-10-01T16:14:10","date_gmt":"2024-10-01T16:14:10","guid":{"rendered":"https:\/\/de-prime.com\/?p=55759"},"modified":"2024-10-01T16:37:21","modified_gmt":"2024-10-01T16:37:21","slug":"sup-board-set-aufblasbar-366x76x15-cm-gruen","status":"publish","type":"product","link":"https:\/\/de-prime.com\/index.php\/product\/sup-board-set-aufblasbar-366x76x15-cm-gruen\/","title":{"rendered":"SUP-Board-Set Aufblasbar 366x76x15 cm Gr\u00fcn"},"content":{"rendered":"<p>Dieses aufblasbare SUP-Board bereitet grenzenlosen Spa\u00df auf dem Wasser. Es ist eine ideale Wahl f\u00fcr Paddler und kombiniert \u00fcberlegene Stabilit\u00e4t und Robustheit mit h\u00f6chster Allround-Leistung. Die gro\u00dfz\u00fcgige Breite und Dicke sorgen f\u00fcr angenehmes und stabiles Paddeln. Laufruhe: Durch die perfekte Form wird die Steifigkeit dieses SUP-Boards erh\u00f6ht, um mehr Stabilit\u00e4t zu bieten. Dieses Board gleitet m\u00fchelos durch flaches Wasser und bewegt sich stabil in der Brandung. Aufblasbar: Mit speziellen Hochdruck-Schraubventilen ausgestattet, l\u00e4sst es sich schnell und m\u00fchelos aufblasen und entleeren. Praktisches Design: Dieses aufblasbare SUP-Board ist durchstichsicher und UV-best\u00e4ndig. Die abnehmbare Finne ist robust genug, um dem Druck beim Paddeln standzuhalten. Das rutschfeste Traktionspad sorgt f\u00fcr einen besseren Halt. Eine praktische Tragetasche ist ebenfalls im Lieferumfang enthalten, um den Transport zu erleichtern.Breite Anwendung: Dieses SUP-Board bietet Komfort und Stabilit\u00e4t und eignet sich ideal f\u00fcr Anf\u00e4nger, Freizeitsportler und das Reiten kleinerer Wellen. Es l\u00e4sst sich auch als Paddelbrett oder Kajak verwenden, sowohl von Anf\u00e4ngern als auch von fortgeschrittenen Wassersportlern. Gut zu wissen: Dieses Produkt ist f\u00fcr Erwachsene bestimmt.<\/p>\n<ul>\n<li>Farbe: Gr\u00fcn<\/li>\n<li>Material: PVC, EVA, Aluminium<\/li>\n<li>Abmessungen (aufgeblasen): 366 x 76 x 15 cm (L x B x H)<\/li>\n<li>Maximale Anzahl der Personen: 1 Erwachsener<\/li>\n<li>Maximale Belastbarkeit: 180 kg<\/li>\n<li>Maximaler Arbeitsdruck: 0,8 bar (12 psi)<\/li>\n<li>Durchschlagsicher und UV-best\u00e4ndig<\/li>\n<li><strong>Lieferung enth\u00e4lt:<\/strong><\/li>\n<li>1 x SUP-Board<\/li>\n<li>1 x Aluminiumpaddel<\/li>\n<li>1 x Abnehmbare Flosse<\/li>\n<li>1 x Hochdruck-Handpumpe mit Hochdruck-Manometer<\/li>\n<li>1x Reparaturset<\/li>\n<li>1 x Leash<\/li>\n<li>1 x Tragetasche<\/li>\n<\/ul>\n","protected":false},"excerpt":{"rendered":"<ul>\n<li>Farbe: Gr\u00fcn<\/li>\n<li>Material: PVC, EVA, Aluminium<\/li>\n<li>Abmessungen (aufgeblasen): 366 x 76 x 15 cm (L x B x H)<\/li>\n<li>Maximale Anzahl der Personen: 1 Erwachsener<\/li>\n<li>Maximale Belastbarkeit: 180 kg<\/li>\n<li>Maximaler Arbeitsdruck: 0,8 bar (12 psi)<\/li>\n<li>Durchschlagsicher und UV-best\u00e4ndig<\/li>\n<li><strong>Lieferung enth\u00e4lt:<\/strong><\/li>\n<li>1 x SUP-Board<\/li>\n<li>1 x Aluminiumpaddel<\/li>\n<li>1 x Abnehmbare Flosse<\/li>\n<li>1 x Hochdruck-Handpumpe mit Hochdruck-Manometer<\/li>\n<li>1x Reparaturset<\/li>\n<li>1 x Leash<\/li>\n<li>1 x Tragetasche<\/li>\n<\/ul>\n","protected":false},"featured_media":10000055759,"comment_status":"closed","ping_status":"closed","template":"","meta":[],"product_brand":[],"product_cat":[6855,6837,6939,6836,6856],"product_tag":[],"class_list":{"0":"post-55759","1":"product","2":"type-product","3":"status-publish","4":"has-post-thumbnail","6":"product_cat-boot-wassersport","7":"product_cat-outdoor-aktivitaeten","8":"product_cat-paddelboards","9":"product_cat-sportartikel","10":"product_cat-surfen","12":"first","13":"instock","14":"taxable","15":"shipping-taxable","16":"purchasable","17":"product-type-simple","18":"add-to-wishlist-after_add_to_cart"},"jetpack_sharing_enabled":true,"_links":{"self":[{"href":"https:\/\/de-prime.com\/index.php\/wp-json\/wp\/v2\/product\/55759","targetHints":{"allow":["GET"]}}],"collection":[{"href":"https:\/\/de-prime.com\/index.php\/wp-json\/wp\/v2\/product"}],"about":[{"href":"https:\/\/de-prime.com\/index.php\/wp-json\/wp\/v2\/types\/product"}],"replies":[{"embeddable":true,"href":"https:\/\/de-prime.com\/index.php\/wp-json\/wp\/v2\/comments?post=55759"}],"wp:featuredmedia":[{"embeddable":true,"href":"https:\/\/de-prime.com\/index.php\/wp-json\/"}],"wp:attachment":[{"href":"https:\/\/de-prime.com\/index.php\/wp-json\/wp\/v2\/media?parent=55759"}],"wp:term":[{"taxonomy":"product_brand","embeddable":true,"href":"https:\/\/de-prime.com\/index.php\/wp-json\/wp\/v2\/product_brand?post=55759"},{"taxonomy":"product_cat","embeddable":true,"href":"https:\/\/de-prime.com\/index.php\/wp-json\/wp\/v2\/product_cat?post=55759"},{"taxonomy":"product_tag","embeddable":true,"href":"https:\/\/de-prime.com\/index.php\/wp-json\/wp\/v2\/product_tag?post=55759"}],"curies":[{"name":"wp","href":"https:\/\/api.w.org\/{rel}","templated":true}]}}