{"id":55754,"date":"2024-10-01T16:14:09","date_gmt":"2024-10-01T16:14:09","guid":{"rendered":"https:\/\/de-prime.com\/?p=55754"},"modified":"2024-10-01T16:37:19","modified_gmt":"2024-10-01T16:37:19","slug":"aufblasbares-stand-up-paddle-board-set-305x76x15-cm-blau","status":"publish","type":"product","link":"https:\/\/de-prime.com\/index.php\/product\/aufblasbares-stand-up-paddle-board-set-305x76x15-cm-blau\/","title":{"rendered":"Aufblasbares Stand Up Paddle Board Set 305x76x15 cm Blau"},"content":{"rendered":"<p>Das SUP-Board ist ideal zum Lernen, zum Freizeitpaddeln und zum Surfen auf kleinen Wellen mit Komfort und Stabilit\u00e4t. Es kann von Anf\u00e4ngern bis zu fortgeschrittenen Stand Up Paddlern als Paddelbrett oder Kajak genutzt werden. Dieses SUP-Board hat ein perfektes Design, was seine Festigkeit f\u00fcr stabilere Fahrten erh\u00f6ht. Dieses Paddelbrett gleitet m\u00fchelos durch flaches Wasser und f\u00e4hrt sich sanft in der Brandung. Das aufblasbare SUP Board ist pannensicher und UV-best\u00e4ndig. Ausgestattet mit speziellen Hochdruck-Schraubventilen l\u00e4sst er sich einfach und schnell aufpumpen und entleeren. Die abnehmbare Flosse h\u00e4lt dem Druck beim Paddeln stand. Das rutschfeste Traktionspad sorgt f\u00fcr den Halt auf dem Board. F\u00fcr den einfachen und schnellen Transport ist zudem eine praktische Tragetasche im Lieferumfang enthalten. Bitte beachten Sie, dass dieses Board f\u00fcr Erwachsene entwickelt wurde.<\/p>\n<ul>\n<li>Farbe: Blau<\/li>\n<li>Material: PVC, EVA, Aluminium<\/li>\n<li>Ma\u00dfe (aufgeblasen): 305 x 76 x 15 cm (L x B x H)<\/li>\n<li>Maximale Anzahl der Personen: 1 Erwachsener<\/li>\n<li>Maximale Tragf\u00e4higkeit: 140 kg<\/li>\n<li>Maximaler Arbeitsdruck: 0,8 bar (12 psi)<\/li>\n<li>Durchschlagsicher und UV-best\u00e4ndig<\/li>\n<li><strong>Lieferung enth\u00e4lt:<\/strong><\/li>\n<li>1 x SUP-Board<\/li>\n<li>1 x Aluminium-Ruder<\/li>\n<li>1 x Abnehmbare Flosse<\/li>\n<li>1 x Hochdruck-Handpumpe mit Hochdruck-Manometer<\/li>\n<li>1 x Reparaturset<\/li>\n<li>1 x Leine<\/li>\n<li>1 x Tragetasche<\/li>\n<\/ul>\n","protected":false},"excerpt":{"rendered":"<ul>\n<li>Farbe: Blau<\/li>\n<li>Material: PVC, EVA, Aluminium<\/li>\n<li>Ma\u00dfe (aufgeblasen): 305 x 76 x 15 cm (L x B x H)<\/li>\n<li>Maximale Anzahl der Personen: 1 Erwachsener<\/li>\n<li>Maximale Tragf\u00e4higkeit: 140 kg<\/li>\n<li>Maximaler Arbeitsdruck: 0,8 bar (12 psi)<\/li>\n<li>Durchschlagsicher und UV-best\u00e4ndig<\/li>\n<li><strong>Lieferung enth\u00e4lt:<\/strong><\/li>\n<li>1 x SUP-Board<\/li>\n<li>1 x Aluminium-Ruder<\/li>\n<li>1 x Abnehmbare Flosse<\/li>\n<li>1 x Hochdruck-Handpumpe mit Hochdruck-Manometer<\/li>\n<li>1 x Reparaturset<\/li>\n<li>1 x Leine<\/li>\n<li>1 x Tragetasche<\/li>\n<\/ul>\n","protected":false},"featured_media":10000055754,"comment_status":"closed","ping_status":"closed","template":"","meta":[],"product_brand":[],"product_cat":[6855,6837,6939,6836,6856],"product_tag":[],"class_list":{"0":"post-55754","1":"product","2":"type-product","3":"status-publish","4":"has-post-thumbnail","6":"product_cat-boot-wassersport","7":"product_cat-outdoor-aktivitaeten","8":"product_cat-paddelboards","9":"product_cat-sportartikel","10":"product_cat-surfen","12":"first","13":"instock","14":"taxable","15":"shipping-taxable","16":"purchasable","17":"product-type-simple","18":"add-to-wishlist-after_add_to_cart"},"jetpack_sharing_enabled":true,"_links":{"self":[{"href":"https:\/\/de-prime.com\/index.php\/wp-json\/wp\/v2\/product\/55754","targetHints":{"allow":["GET"]}}],"collection":[{"href":"https:\/\/de-prime.com\/index.php\/wp-json\/wp\/v2\/product"}],"about":[{"href":"https:\/\/de-prime.com\/index.php\/wp-json\/wp\/v2\/types\/product"}],"replies":[{"embeddable":true,"href":"https:\/\/de-prime.com\/index.php\/wp-json\/wp\/v2\/comments?post=55754"}],"wp:featuredmedia":[{"embeddable":true,"href":"https:\/\/de-prime.com\/index.php\/wp-json\/"}],"wp:attachment":[{"href":"https:\/\/de-prime.com\/index.php\/wp-json\/wp\/v2\/media?parent=55754"}],"wp:term":[{"taxonomy":"product_brand","embeddable":true,"href":"https:\/\/de-prime.com\/index.php\/wp-json\/wp\/v2\/product_brand?post=55754"},{"taxonomy":"product_cat","embeddable":true,"href":"https:\/\/de-prime.com\/index.php\/wp-json\/wp\/v2\/product_cat?post=55754"},{"taxonomy":"product_tag","embeddable":true,"href":"https:\/\/de-prime.com\/index.php\/wp-json\/wp\/v2\/product_tag?post=55754"}],"curies":[{"name":"wp","href":"https:\/\/api.w.org\/{rel}","templated":true}]}}