{"id":55752,"date":"2024-10-01T16:14:09","date_gmt":"2024-10-01T16:14:09","guid":{"rendered":"https:\/\/de-prime.com\/?p=55752"},"modified":"2024-10-01T16:37:18","modified_gmt":"2024-10-01T16:37:18","slug":"aufblasbares-sup-board-mit-segel-set-gruen-und-weiss","status":"publish","type":"product","link":"https:\/\/de-prime.com\/index.php\/product\/aufblasbares-sup-board-mit-segel-set-gruen-und-weiss\/","title":{"rendered":"Aufblasbares SUP-Board mit Segel Set Gr\u00fcn und Wei\u00df"},"content":{"rendered":"<p>Dieses Stand-up-Paddleboard bietet Komfort und Stabilit\u00e4t und ist ideal f\u00fcr Anf\u00e4nger, Freizeitsportler und zum Reiten kleinerer Wellen. Ausgestattet mit speziellen Hochdruck-Schraubventilen, l\u00e4sst sich das Paddelbrett einfach und schnell aufblasen und entleeren. Die zwei vormontierten Flossen und die abnehmbare Flosse sind sehr strapazierf\u00e4hig, um dem Druck beim Paddeln standhalten zu k\u00f6nnen. Eine praktische Tragetasche zum einfachen und schnellen Transport ist auch im Lieferumfang enthalten. Das SUP-Paddelbrett ist auf h\u00f6chste Stabilit\u00e4t ausgelegt, sodass Sie eine standfeste Haltung beim Man\u00f6vrieren oder Richtungswechsel beibehalten k\u00f6nnen. Es gleitet m\u00fchelos durch flaches Wasser und geschmeidig durch die Wellen. Das aufblasbare SUP-Board ist durchschlagsicher, UV-best\u00e4ndig und kann extremen nautischen Bedingungen standhalten. Bitte beachten Sie, dass dieser Artikel f\u00fcr Erwachsene konzipiert ist.<\/p>\n<ul>\n<li>Farbe: Gr\u00fcn und Wei\u00df<\/li>\n<li>Material: PVC, EVA, Aluminium, Stoff (100 % Polyester)<\/li>\n<li>Ma\u00dfe (aufgeblasen): 330 x 72 x 10 cm (L x B x H)<\/li>\n<li>Finnen-Gr\u00f6\u00dfe: 25,5 x 18,5 cm (L x B)<\/li>\n<li>Ruder-L\u00e4nge: 215 cm<\/li>\n<li>Segel-Gr\u00f6\u00dfe: 3 m\u00b2<\/li>\n<li>Maximale Anzahl der Personen: 1 Erwachsener<\/li>\n<li>Maximale Belastbarkeit: 100 kg<\/li>\n<li>Maximaler Arbeitsdruck: 1 bar (15 psi)<\/li>\n<li>Durchschlagsicher und UV-best\u00e4ndig<\/li>\n<li><strong>Lieferung enth\u00e4lt:<\/strong><\/li>\n<li>1 x Paddelbrett\/Surfbrett<\/li>\n<li>1 x Ruder<\/li>\n<li>1 x Segel<\/li>\n<li>1 x Abnehmbare Flosse<\/li>\n<li>1 x Hochdruck-Handpumpe mit Hochdruck-Manometer<\/li>\n<li>1 x Reparatursatz: Klebstoff &amp; 3-lagiges Pflaster<\/li>\n<li>1 x Tragetasche<\/li>\n<\/ul>\n","protected":false},"excerpt":{"rendered":"<ul>\n<li>Farbe: Gr\u00fcn und Wei\u00df<\/li>\n<li>Material: PVC, EVA, Aluminium, Stoff (100 % Polyester)<\/li>\n<li>Ma\u00dfe (aufgeblasen): 330 x 72 x 10 cm (L x B x H)<\/li>\n<li>Finnen-Gr\u00f6\u00dfe: 25,5 x 18,5 cm (L x B)<\/li>\n<li>Ruder-L\u00e4nge: 215 cm<\/li>\n<li>Segel-Gr\u00f6\u00dfe: 3 m\u00b2<\/li>\n<li>Maximale Anzahl der Personen: 1 Erwachsener<\/li>\n<li>Maximale Belastbarkeit: 100 kg<\/li>\n<li>Maximaler Arbeitsdruck: 1 bar (15 psi)<\/li>\n<li>Durchschlagsicher und UV-best\u00e4ndig<\/li>\n<li><strong>Lieferung enth\u00e4lt:<\/strong><\/li>\n<li>1 x Paddelbrett\/Surfbrett<\/li>\n<li>1 x Ruder<\/li>\n<li>1 x Segel<\/li>\n<li>1 x Abnehmbare Flosse<\/li>\n<li>1 x Hochdruck-Handpumpe mit Hochdruck-Manometer<\/li>\n<li>1 x Reparatursatz: Klebstoff &amp; 3-lagiges Pflaster<\/li>\n<li>1 x Tragetasche<\/li>\n<\/ul>\n","protected":false},"featured_media":10000055752,"comment_status":"closed","ping_status":"closed","template":"","meta":[],"product_brand":[],"product_cat":[6855,6837,6939,6836,6856],"product_tag":[],"class_list":{"0":"post-55752","1":"product","2":"type-product","3":"status-publish","4":"has-post-thumbnail","6":"product_cat-boot-wassersport","7":"product_cat-outdoor-aktivitaeten","8":"product_cat-paddelboards","9":"product_cat-sportartikel","10":"product_cat-surfen","12":"first","13":"instock","14":"taxable","15":"shipping-taxable","16":"purchasable","17":"product-type-simple","18":"add-to-wishlist-after_add_to_cart"},"jetpack_sharing_enabled":true,"_links":{"self":[{"href":"https:\/\/de-prime.com\/index.php\/wp-json\/wp\/v2\/product\/55752","targetHints":{"allow":["GET"]}}],"collection":[{"href":"https:\/\/de-prime.com\/index.php\/wp-json\/wp\/v2\/product"}],"about":[{"href":"https:\/\/de-prime.com\/index.php\/wp-json\/wp\/v2\/types\/product"}],"replies":[{"embeddable":true,"href":"https:\/\/de-prime.com\/index.php\/wp-json\/wp\/v2\/comments?post=55752"}],"wp:featuredmedia":[{"embeddable":true,"href":"https:\/\/de-prime.com\/index.php\/wp-json\/"}],"wp:attachment":[{"href":"https:\/\/de-prime.com\/index.php\/wp-json\/wp\/v2\/media?parent=55752"}],"wp:term":[{"taxonomy":"product_brand","embeddable":true,"href":"https:\/\/de-prime.com\/index.php\/wp-json\/wp\/v2\/product_brand?post=55752"},{"taxonomy":"product_cat","embeddable":true,"href":"https:\/\/de-prime.com\/index.php\/wp-json\/wp\/v2\/product_cat?post=55752"},{"taxonomy":"product_tag","embeddable":true,"href":"https:\/\/de-prime.com\/index.php\/wp-json\/wp\/v2\/product_tag?post=55752"}],"curies":[{"name":"wp","href":"https:\/\/api.w.org\/{rel}","templated":true}]}}