{"id":55739,"date":"2024-10-01T16:14:08","date_gmt":"2024-10-01T16:14:08","guid":{"rendered":"https:\/\/de-prime.com\/?p=55739"},"modified":"2024-10-01T16:37:12","modified_gmt":"2024-10-01T16:37:12","slug":"sup-board-aufblasbar-blau-und-weiss-2","status":"publish","type":"product","link":"https:\/\/de-prime.com\/index.php\/product\/sup-board-aufblasbar-blau-und-weiss-2\/","title":{"rendered":"SUP-Board Aufblasbar Blau und Wei\u00df"},"content":{"rendered":"<p>Dieses SUP Surfboard-Set wurde f\u00fcr ultimativen Wasserspa\u00df entwickelt. Es ist eine ideale Wahl f\u00fcr Paddler und kombiniert \u00fcberlegene Stabilit\u00e4t und Robustheit mit h\u00f6chster Allround-Performance. Die gro\u00dfe Breite und Dicke sorgen f\u00fcr ein angenehmes und stabiles Paddeln. Aufblasbar: Mit speziellen Hochdruck-Schraubventilen ausgestattet, l\u00e4sst es sich schnell und m\u00fchelos aufblasen und entleeren. Praktisches Design: Dieses aufblasbare SUP-Board ist durchstichsicher, UV-best\u00e4ndig und h\u00e4lt extremen nautischen Bedingungen stand. Die zwei vormontierten Finnen und die abnehmbare Finne sind robust genug, um dem Druck beim Paddeln standzuhalten. Eine praktische Tragetasche ist ebenfalls im Lieferumfang enthalten, um den Transport zu erleichtern. Laufruhe: Durch die perfekte Form wird die Steifigkeit dieses SUP-Boards erh\u00f6ht, um mehr Stabilit\u00e4t zu bieten. Dieses Board gleitet m\u00fchelos durch flaches Wasser und bewegt sich stabil in der Brandung.Breite Anwendung: Dieses SUP-Board bietet Komfort und Stabilit\u00e4t und eignet sich ideal f\u00fcr Anf\u00e4nger, Freizeitsportler und das Reiten kleinerer Wellen. Gut zu wissen:Dieses Produkt ist f\u00fcr Erwachsene bestimmt.<\/p>\n<ul>\n<li>Farbe: Blau und Wei\u00df<\/li>\n<li>Material: EVA, Aluminium<\/li>\n<li>Gr\u00f6\u00dfe im aufgeblasenen Zustand: 360 x 81 x 10 cm (L x B x H)<\/li>\n<li>Breite der Finne: 18,3 cm<\/li>\n<li>Ruder-L\u00e4nge: 215 cm<\/li>\n<li>Maximale Anzahl der Personen: 1 Erwachsener<\/li>\n<li>Max. Tragf\u00e4higkeit: 120 kg<\/li>\n<li>Maximaler Arbeitsdruck: 1 bar (12 psi)<\/li>\n<li>Durchschlagsicher und UV-best\u00e4ndig<\/li>\n<li>Zusammenbau erforderlich: Ja<\/li>\n<li><strong>Lieferung umfasst<\/strong>:<\/li>\n<li>1 x Paddelbrett\/Surfbrett<\/li>\n<li>1 x Ruder<\/li>\n<li>1 x Abnehmbare Flosse<\/li>\n<li>1 x Hochdruck-Handpumpe mit Hochdruck-Manometer<\/li>\n<li>1 x Reparatursatz: Klebstoff &amp; 3-lagiges Pflaster<\/li>\n<li>1 x Tragetasche<\/li>\n<\/ul>\n","protected":false},"excerpt":{"rendered":"<ul>\n<li>Farbe: Blau und Wei\u00df<\/li>\n<li>Material: EVA, Aluminium<\/li>\n<li>Gr\u00f6\u00dfe im aufgeblasenen Zustand: 360 x 81 x 10 cm (L x B x H)<\/li>\n<li>Breite der Finne: 18,3 cm<\/li>\n<li>Ruder-L\u00e4nge: 215 cm<\/li>\n<li>Maximale Anzahl der Personen: 1 Erwachsener<\/li>\n<li>Max. Tragf\u00e4higkeit: 120 kg<\/li>\n<li>Maximaler Arbeitsdruck: 1 bar (12 psi)<\/li>\n<li>Durchschlagsicher und UV-best\u00e4ndig<\/li>\n<li>Zusammenbau erforderlich: Ja<\/li>\n<li><strong>Lieferung umfasst<\/strong>:<\/li>\n<li>1 x Paddelbrett\/Surfbrett<\/li>\n<li>1 x Ruder<\/li>\n<li>1 x Abnehmbare Flosse<\/li>\n<li>1 x Hochdruck-Handpumpe mit Hochdruck-Manometer<\/li>\n<li>1 x Reparatursatz: Klebstoff &amp; 3-lagiges Pflaster<\/li>\n<li>1 x Tragetasche<\/li>\n<\/ul>\n","protected":false},"featured_media":10000055739,"comment_status":"closed","ping_status":"closed","template":"","meta":[],"product_brand":[],"product_cat":[6855,6837,6939,6836,6856],"product_tag":[],"class_list":{"0":"post-55739","1":"product","2":"type-product","3":"status-publish","4":"has-post-thumbnail","6":"product_cat-boot-wassersport","7":"product_cat-outdoor-aktivitaeten","8":"product_cat-paddelboards","9":"product_cat-sportartikel","10":"product_cat-surfen","12":"first","13":"instock","14":"taxable","15":"shipping-taxable","16":"purchasable","17":"product-type-simple","18":"add-to-wishlist-after_add_to_cart"},"jetpack_sharing_enabled":true,"_links":{"self":[{"href":"https:\/\/de-prime.com\/index.php\/wp-json\/wp\/v2\/product\/55739","targetHints":{"allow":["GET"]}}],"collection":[{"href":"https:\/\/de-prime.com\/index.php\/wp-json\/wp\/v2\/product"}],"about":[{"href":"https:\/\/de-prime.com\/index.php\/wp-json\/wp\/v2\/types\/product"}],"replies":[{"embeddable":true,"href":"https:\/\/de-prime.com\/index.php\/wp-json\/wp\/v2\/comments?post=55739"}],"wp:featuredmedia":[{"embeddable":true,"href":"https:\/\/de-prime.com\/index.php\/wp-json\/"}],"wp:attachment":[{"href":"https:\/\/de-prime.com\/index.php\/wp-json\/wp\/v2\/media?parent=55739"}],"wp:term":[{"taxonomy":"product_brand","embeddable":true,"href":"https:\/\/de-prime.com\/index.php\/wp-json\/wp\/v2\/product_brand?post=55739"},{"taxonomy":"product_cat","embeddable":true,"href":"https:\/\/de-prime.com\/index.php\/wp-json\/wp\/v2\/product_cat?post=55739"},{"taxonomy":"product_tag","embeddable":true,"href":"https:\/\/de-prime.com\/index.php\/wp-json\/wp\/v2\/product_tag?post=55739"}],"curies":[{"name":"wp","href":"https:\/\/api.w.org\/{rel}","templated":true}]}}