{"id":55737,"date":"2024-10-01T16:14:08","date_gmt":"2024-10-01T16:14:08","guid":{"rendered":"https:\/\/de-prime.com\/?p=55737"},"modified":"2024-10-01T16:37:11","modified_gmt":"2024-10-01T16:37:11","slug":"bestway-hydro-force-aufblasbares-surfbrett-243x57x7-cm","status":"publish","type":"product","link":"https:\/\/de-prime.com\/index.php\/product\/bestway-hydro-force-aufblasbares-surfbrett-243x57x7-cm\/","title":{"rendered":"Bestway Hydro-Force Aufblasbares Surfbrett 243\u00d757\u00d77 cm"},"content":{"rendered":"<p>Erleben Sie Ihr n\u00e4chstes Wasserabenteuer mit diesem aufblasbaren Hydro Force Surfboard von Bestway! Es eignet sich f\u00fcr Benutzer jedes Niveaus, von Anf\u00e4ngern bis hin zu Profis, und ist eine hervorragende Wahl zum Surfen in Teichen, Seen, auf dem Meer oder wo immer Sie Spa\u00df auf dem Wasser haben m\u00f6chten! Das Surfbrett besteht aus Tritech-Material mit Drop-Stitch-Konstruktion, das \u00fcberragende Festigkeit, Stabilit\u00e4t und Haltbarkeit bietet. Mit einer maximalen Belastbarkeit von 90 kg ist das Surfboard stabil und f\u00fcr alle Bedingungen gut geeignet. Das rutschfeste Deck sorgt f\u00fcr einen sicheren Stand und ist f\u00fcr ganzt\u00e4giges Surfen ganz bequem. Die Einzelfinne sorgt f\u00fcr exzellentes Gleiten, Kontrolle und Stabilit\u00e4t ohne den zus\u00e4tzlichen Widerstand, der durch seitlichen Finnen verursacht wird. Die Finne kann abgenommen werden, um die Aufbewahrung und den Einsatz in Fl\u00fcssen oder Ozeanen zu erleichtern. Der Edelstahlring befindet sich hinten zum Einh\u00e4ngen der Leine. Dank des bequemen Bands k\u00f6nnen Sie die Leine am Kn\u00f6chel oder an der Wade tragen. Mit der im Lieferumfang enthalten Handpumpe k\u00f6nnen Sie Ihr Board ganz einfach aufpumpen und im Nu auf Wasser gelangen. Bei Nichtgebrauch l\u00e4sst es sich kompakt zusammenfalten und mit der Tragetasche leicht transportieren. Dieses Brett kann auch als Stand-Up-Paddleboard verwendet werden. Die Lieferung umfasst Surfbrett, Handpumpe, Tragetasche, Surfleine sowie Reparaturkit.<\/p>\n<ul>\n<li>Farbe: Blau und Wei\u00df<\/li>\n<li>Material: Tritech<\/li>\n<li>Abmessungen: 243 x 57 x 7 cm (L x B x H)<\/li>\n<li>Mit 1 abnehmbaren Finne<\/li>\n<li>Anti-Rutsch-Traktionskissen<\/li>\n<li>Edelstahlring befindet sich hinten zum Einhaken der Leine <\/li>\n<li>Die Lieferung umfasst aufblasbares Surfbrett, Handpumpe, Tragetasche, Surfleine und Reparaturkit<\/li>\n<li>Bestway Artikelnummer: 65336<\/li>\n<\/ul>\n","protected":false},"excerpt":{"rendered":"<ul>\n<li>Farbe: Blau und Wei\u00df<\/li>\n<li>Material: Tritech<\/li>\n<li>Abmessungen: 243 x 57 x 7 cm (L x B x H)<\/li>\n<li>Mit 1 abnehmbaren Finne<\/li>\n<li>Anti-Rutsch-Traktionskissen<\/li>\n<li>Edelstahlring befindet sich hinten zum Einhaken der Leine <\/li>\n<li>Die Lieferung umfasst aufblasbares Surfbrett, Handpumpe, Tragetasche, Surfleine und Reparaturkit<\/li>\n<li>Bestway Artikelnummer: 65336<\/li>\n<\/ul>\n","protected":false},"featured_media":10000055737,"comment_status":"closed","ping_status":"closed","template":"","meta":[],"product_brand":[],"product_cat":[6855,6837,6939,6836,6856],"product_tag":[],"class_list":{"0":"post-55737","1":"product","2":"type-product","3":"status-publish","4":"has-post-thumbnail","6":"product_cat-boot-wassersport","7":"product_cat-outdoor-aktivitaeten","8":"product_cat-paddelboards","9":"product_cat-sportartikel","10":"product_cat-surfen","12":"first","13":"instock","14":"taxable","15":"shipping-taxable","16":"purchasable","17":"product-type-simple","18":"add-to-wishlist-after_add_to_cart"},"jetpack_sharing_enabled":true,"_links":{"self":[{"href":"https:\/\/de-prime.com\/index.php\/wp-json\/wp\/v2\/product\/55737","targetHints":{"allow":["GET"]}}],"collection":[{"href":"https:\/\/de-prime.com\/index.php\/wp-json\/wp\/v2\/product"}],"about":[{"href":"https:\/\/de-prime.com\/index.php\/wp-json\/wp\/v2\/types\/product"}],"replies":[{"embeddable":true,"href":"https:\/\/de-prime.com\/index.php\/wp-json\/wp\/v2\/comments?post=55737"}],"wp:featuredmedia":[{"embeddable":true,"href":"https:\/\/de-prime.com\/index.php\/wp-json\/"}],"wp:attachment":[{"href":"https:\/\/de-prime.com\/index.php\/wp-json\/wp\/v2\/media?parent=55737"}],"wp:term":[{"taxonomy":"product_brand","embeddable":true,"href":"https:\/\/de-prime.com\/index.php\/wp-json\/wp\/v2\/product_brand?post=55737"},{"taxonomy":"product_cat","embeddable":true,"href":"https:\/\/de-prime.com\/index.php\/wp-json\/wp\/v2\/product_cat?post=55737"},{"taxonomy":"product_tag","embeddable":true,"href":"https:\/\/de-prime.com\/index.php\/wp-json\/wp\/v2\/product_tag?post=55737"}],"curies":[{"name":"wp","href":"https:\/\/api.w.org\/{rel}","templated":true}]}}