{"id":55730,"date":"2024-10-01T16:14:08","date_gmt":"2024-10-01T16:14:08","guid":{"rendered":"https:\/\/de-prime.com\/?p=55730"},"modified":"2024-10-01T16:44:46","modified_gmt":"2024-10-01T16:44:46","slug":"xq-max-surfboard-245-cm-blau-und-schwarz","status":"publish","type":"product","link":"https:\/\/de-prime.com\/index.php\/product\/xq-max-surfboard-245-cm-blau-und-schwarz\/","title":{"rendered":"XQ Max Surfboard 245 cm Blau und Schwarz"},"content":{"rendered":"<p>Mit diesem wundersch\u00f6nen, 245 cm langen Surfboard von XQ Max in Blau und Schwarz k\u00f6nnen Sie mit Leichtigkeit surfen! Das Surfboard-Set verf\u00fcgt \u00fcber ein Allround-Design f\u00fcr Wellenreiten und Stehpaddeln. Es ist auf beiden Seiten mit zus\u00e4tzlichem PVC-Streifen verst\u00e4rkt. Das aufblasbare Paddelbrett l\u00e4sst sich einfach und schnell aufpumpen und entleeren. Es gleitet m\u00fchelos durch flaches Wasser und reitet sanft in der Brandung. Steigen Sie also in den neuesten Fitnesstrend ein und genie\u00dfen Sie die Freizeit auf dem Wasser! Das SUP-Board-Set ist f\u00fcr ein maximales Gewicht von 90 kg geeignet. Im Lieferumfang enthalten sind eine Kn\u00f6chelleine, ein Reparaturset, eine PSI-Pumpe und eine Tragetasche f\u00fcr den einfachen und schnellen Transport. Hinweis: Das Paddel ist nicht im Lieferumfang enthalten.<\/p>\n<ul>\n<li>Farbe: Blau und Schwarz<\/li>\n<li>Material: Polypropylen<\/li>\n<li>Abmessungen: 245 x 57 x 10 cm (L x B x H)<\/li>\n<li>Belastbarkeit: Max. 90 kg<\/li>\n<li>Mit rutschfesten Pads<\/li>\n<li>Verst\u00e4rkt mit zus\u00e4tzlichem Streifen auf beiden Seiten<\/li>\n<li>Empfohlenes Alter: Ab 14 Jahren<\/li>\n<li><strong>Lieferung beinhaltet:<\/strong><\/li>\n<li>1 x Kn\u00f6chelleine<\/li>\n<li>1 x Reparaturset<\/li>\n<li>1 x PSI-Pumpe<\/li>\n<li>1 x Tragetasche<\/li>\n<li>1 x Handbuch<\/li>\n<li>WARNHINWEIS: Nicht f\u00fcr Kinder unter 36 Monaten geeignet.<\/li>\n<li>WARNHINWEIS: Benutzung unter unmittelbarer Aufsicht von Erwachsenen.<\/li>\n<\/ul>\n","protected":false},"excerpt":{"rendered":"<ul>\n<li>Farbe: Blau und Schwarz<\/li>\n<li>Material: Polypropylen<\/li>\n<li>Abmessungen: 245 x 57 x 10 cm (L x B x H)<\/li>\n<li>Belastbarkeit: Max. 90 kg<\/li>\n<li>Mit rutschfesten Pads<\/li>\n<li>Verst\u00e4rkt mit zus\u00e4tzlichem Streifen auf beiden Seiten<\/li>\n<li>Empfohlenes Alter: Ab 14 Jahren<\/li>\n<li><strong>Lieferung beinhaltet:<\/strong><\/li>\n<li>1 x Kn\u00f6chelleine<\/li>\n<li>1 x Reparaturset<\/li>\n<li>1 x PSI-Pumpe<\/li>\n<li>1 x Tragetasche<\/li>\n<li>1 x Handbuch<\/li>\n<li>WARNHINWEIS: Nicht f\u00fcr Kinder unter 36 Monaten geeignet.<\/li>\n<li>WARNHINWEIS: Benutzung unter unmittelbarer Aufsicht von Erwachsenen.<\/li>\n<\/ul>\n","protected":false},"featured_media":10000055730,"comment_status":"closed","ping_status":"closed","template":"","meta":[],"product_brand":[],"product_cat":[6855,6837,6939,6836,6856],"product_tag":[],"class_list":{"0":"post-55730","1":"product","2":"type-product","3":"status-publish","4":"has-post-thumbnail","6":"product_cat-boot-wassersport","7":"product_cat-outdoor-aktivitaeten","8":"product_cat-paddelboards","9":"product_cat-sportartikel","10":"product_cat-surfen","12":"first","13":"instock","14":"taxable","15":"shipping-taxable","16":"purchasable","17":"product-type-simple","18":"add-to-wishlist-after_add_to_cart"},"jetpack_sharing_enabled":true,"_links":{"self":[{"href":"https:\/\/de-prime.com\/index.php\/wp-json\/wp\/v2\/product\/55730","targetHints":{"allow":["GET"]}}],"collection":[{"href":"https:\/\/de-prime.com\/index.php\/wp-json\/wp\/v2\/product"}],"about":[{"href":"https:\/\/de-prime.com\/index.php\/wp-json\/wp\/v2\/types\/product"}],"replies":[{"embeddable":true,"href":"https:\/\/de-prime.com\/index.php\/wp-json\/wp\/v2\/comments?post=55730"}],"wp:featuredmedia":[{"embeddable":true,"href":"https:\/\/de-prime.com\/index.php\/wp-json\/"}],"wp:attachment":[{"href":"https:\/\/de-prime.com\/index.php\/wp-json\/wp\/v2\/media?parent=55730"}],"wp:term":[{"taxonomy":"product_brand","embeddable":true,"href":"https:\/\/de-prime.com\/index.php\/wp-json\/wp\/v2\/product_brand?post=55730"},{"taxonomy":"product_cat","embeddable":true,"href":"https:\/\/de-prime.com\/index.php\/wp-json\/wp\/v2\/product_cat?post=55730"},{"taxonomy":"product_tag","embeddable":true,"href":"https:\/\/de-prime.com\/index.php\/wp-json\/wp\/v2\/product_tag?post=55730"}],"curies":[{"name":"wp","href":"https:\/\/api.w.org\/{rel}","templated":true}]}}