{"id":55728,"date":"2024-10-01T16:14:08","date_gmt":"2024-10-01T16:14:08","guid":{"rendered":"https:\/\/de-prime.com\/?p=55728"},"modified":"2024-10-01T16:44:45","modified_gmt":"2024-10-01T16:44:45","slug":"xq-max-stand-up-paddle-board-285-cm-aufblasbar-blau-schwarz","status":"publish","type":"product","link":"https:\/\/de-prime.com\/index.php\/product\/xq-max-stand-up-paddle-board-285-cm-aufblasbar-blau-schwarz\/","title":{"rendered":"XQ Max Stand-up-Paddle-Board 285 cm Aufblasbar Blau &#038; Schwarz"},"content":{"rendered":"<p>Dieses blaue und schwarze Stand-Up-Paddle-Board von XQ Max ist 285 cm lang und verf\u00fcgt \u00fcber ein Allround-Design mit einer breiten, rutschfester Standfl\u00e4che, wodurch es bequem und stabil genug zum Lernen, Freizeitpaddeln und kurze Strecken ist. Das aufblasbare SUP-Paddelbrett l\u00e4sst sich einfach und schnell aufpumpen und entleeren. Es gleitet m\u00fchelos durch flaches Wasser und reitet sanft in der Brandung. Steigen Sie also in den neuesten Fitnesstrend ein und beginnen Sie mit dem Paddeln! Das SUP-Board-Set ist f\u00fcr ein maximales Gewicht von 100 kg geeignet. Im Lieferumfang enthalten sind ein ausziehbares Paddel, eine Kn\u00f6chelleine, ein Reparaturset, eine PSI-Pumpe und eine Tragetasche f\u00fcr den einfachen und schnellen Transport.<\/p>\n<ul>\n<li>Farbe: Blau und Schwarz<\/li>\n<li>Material: Polypropylen<\/li>\n<li>Abmessungen: 285 x 71 x 10 cm (L x B x H)<\/li>\n<li>Mit gro\u00dfem, rutschfestem EVA-Pad<\/li>\n<li>F\u00fcr Steh- und Sitzposition<\/li>\n<li>Belastbarkeit: Max. 100 kg<\/li>\n<li>Empfohlenes Alter: Ab 14 Jahren<\/li>\n<li><strong>Lieferung beinhaltet:<\/strong><\/li>\n<li>1 x verl\u00e4ngerbares Paddel (170 &#8211; 210 cm)<\/li>\n<li>1 x Kn\u00f6chelleine\/Leash<\/li>\n<li>1 x Reparaturset<\/li>\n<li>1 x PSI-Pumpe<\/li>\n<li>1 x Tragetasche<\/li>\n<li>1 x Handbuch<\/li>\n<li>WARNHINWEIS: Nicht f\u00fcr Kinder unter 36 Monaten geeignet.<\/li>\n<li>WARNHINWEIS: Benutzung unter unmittelbarer Aufsicht von Erwachsenen.<\/li>\n<\/ul>\n","protected":false},"excerpt":{"rendered":"<ul>\n<li>Farbe: Blau und Schwarz<\/li>\n<li>Material: Polypropylen<\/li>\n<li>Abmessungen: 285 x 71 x 10 cm (L x B x H)<\/li>\n<li>Mit gro\u00dfem, rutschfestem EVA-Pad<\/li>\n<li>F\u00fcr Steh- und Sitzposition<\/li>\n<li>Belastbarkeit: Max. 100 kg<\/li>\n<li>Empfohlenes Alter: Ab 14 Jahren<\/li>\n<li><strong>Lieferung beinhaltet:<\/strong><\/li>\n<li>1 x verl\u00e4ngerbares Paddel (170 &#8211; 210 cm)<\/li>\n<li>1 x Kn\u00f6chelleine\/Leash<\/li>\n<li>1 x Reparaturset<\/li>\n<li>1 x PSI-Pumpe<\/li>\n<li>1 x Tragetasche<\/li>\n<li>1 x Handbuch<\/li>\n<li>WARNHINWEIS: Nicht f\u00fcr Kinder unter 36 Monaten geeignet.<\/li>\n<li>WARNHINWEIS: Benutzung unter unmittelbarer Aufsicht von Erwachsenen.<\/li>\n<\/ul>\n","protected":false},"featured_media":10000055728,"comment_status":"closed","ping_status":"closed","template":"","meta":[],"product_brand":[],"product_cat":[6855,6837,6939,6836,6856],"product_tag":[],"class_list":{"0":"post-55728","1":"product","2":"type-product","3":"status-publish","4":"has-post-thumbnail","6":"product_cat-boot-wassersport","7":"product_cat-outdoor-aktivitaeten","8":"product_cat-paddelboards","9":"product_cat-sportartikel","10":"product_cat-surfen","12":"first","13":"instock","14":"taxable","15":"shipping-taxable","16":"purchasable","17":"product-type-simple","18":"add-to-wishlist-after_add_to_cart"},"jetpack_sharing_enabled":true,"_links":{"self":[{"href":"https:\/\/de-prime.com\/index.php\/wp-json\/wp\/v2\/product\/55728","targetHints":{"allow":["GET"]}}],"collection":[{"href":"https:\/\/de-prime.com\/index.php\/wp-json\/wp\/v2\/product"}],"about":[{"href":"https:\/\/de-prime.com\/index.php\/wp-json\/wp\/v2\/types\/product"}],"replies":[{"embeddable":true,"href":"https:\/\/de-prime.com\/index.php\/wp-json\/wp\/v2\/comments?post=55728"}],"wp:featuredmedia":[{"embeddable":true,"href":"https:\/\/de-prime.com\/index.php\/wp-json\/"}],"wp:attachment":[{"href":"https:\/\/de-prime.com\/index.php\/wp-json\/wp\/v2\/media?parent=55728"}],"wp:term":[{"taxonomy":"product_brand","embeddable":true,"href":"https:\/\/de-prime.com\/index.php\/wp-json\/wp\/v2\/product_brand?post=55728"},{"taxonomy":"product_cat","embeddable":true,"href":"https:\/\/de-prime.com\/index.php\/wp-json\/wp\/v2\/product_cat?post=55728"},{"taxonomy":"product_tag","embeddable":true,"href":"https:\/\/de-prime.com\/index.php\/wp-json\/wp\/v2\/product_tag?post=55728"}],"curies":[{"name":"wp","href":"https:\/\/api.w.org\/{rel}","templated":true}]}}