{"id":55721,"date":"2024-10-01T16:14:07","date_gmt":"2024-10-01T16:14:07","guid":{"rendered":"https:\/\/de-prime.com\/?p=55721"},"modified":"2024-10-01T16:37:22","modified_gmt":"2024-10-01T16:37:22","slug":"aufblasbare-schwimmmatte-blau-und-weiss-300x150x15-cm","status":"publish","type":"product","link":"https:\/\/de-prime.com\/index.php\/product\/aufblasbare-schwimmmatte-blau-und-weiss-300x150x15-cm\/","title":{"rendered":"Aufblasbare Schwimmmatte Blau und Wei\u00df 300x150x15 cm"},"content":{"rendered":"<p>Suchen Sie eine schwimmende Plattform, um Spa\u00df zu haben? Diese aufblasbare Schwimmmatte ist eine kluge Wahl. Es ist ideal zum Sonnenbaden, Seepartys usw. Diese schwimmende Plattform aus hochdichtem PVC mit Tropfenstich ist robust und strapazierf\u00e4hig. Dank der Ringe an der Ecke k\u00f6nnen Sie Ihr Deck ganz einfach an einem Boot oder Seegrund befestigen. Jede Seite verf\u00fcgt \u00fcber zwei Griffe, mit denen Sie bequem auf- und absteigen k\u00f6nnen. Das Deck l\u00e4sst sich leicht aufblasen und entleeren, was die Lagerung und den Transport erleichtert. Im Lieferumfang ist alles enthalten, was Sie brauchen: eine Pumpe, eine praktische Tragetasche und ein Reparaturset.<\/p>\n<ul>\n<li>Farbe: Blau und Wei\u00df<\/li>\n<li>Material: Hochdichtes PVC, PVC-Gewebe <\/li>\n<li>Abmessungen: 300 x 150 x 15 cm (L x B x T)<\/li>\n<li><strong>Lieferung enth\u00e4lt:<\/strong><\/li>\n<li>1 x aufblasbare Schwimmmatte<\/li>\n<li>1 x Pumpe<\/li>\n<li>1 x Tasche<\/li>\n<li>Reparatursatz<\/li>\n<\/ul>\n","protected":false},"excerpt":{"rendered":"<ul>\n<li>Farbe: Blau und Wei\u00df<\/li>\n<li>Material: Hochdichtes PVC, PVC-Gewebe <\/li>\n<li>Abmessungen: 300 x 150 x 15 cm (L x B x T)<\/li>\n<li><strong>Lieferung enth\u00e4lt:<\/strong><\/li>\n<li>1 x aufblasbare Schwimmmatte<\/li>\n<li>1 x Pumpe<\/li>\n<li>1 x Tasche<\/li>\n<li>Reparatursatz<\/li>\n<\/ul>\n","protected":false},"featured_media":10000055721,"comment_status":"closed","ping_status":"closed","template":"","meta":[],"product_brand":[],"product_cat":[6837,6836],"product_tag":[],"class_list":{"0":"post-55721","1":"product","2":"type-product","3":"status-publish","4":"has-post-thumbnail","6":"product_cat-outdoor-aktivitaeten","7":"product_cat-sportartikel","9":"first","10":"instock","11":"taxable","12":"shipping-taxable","13":"purchasable","14":"product-type-simple","15":"add-to-wishlist-after_add_to_cart"},"jetpack_sharing_enabled":true,"_links":{"self":[{"href":"https:\/\/de-prime.com\/index.php\/wp-json\/wp\/v2\/product\/55721","targetHints":{"allow":["GET"]}}],"collection":[{"href":"https:\/\/de-prime.com\/index.php\/wp-json\/wp\/v2\/product"}],"about":[{"href":"https:\/\/de-prime.com\/index.php\/wp-json\/wp\/v2\/types\/product"}],"replies":[{"embeddable":true,"href":"https:\/\/de-prime.com\/index.php\/wp-json\/wp\/v2\/comments?post=55721"}],"wp:featuredmedia":[{"embeddable":true,"href":"https:\/\/de-prime.com\/index.php\/wp-json\/"}],"wp:attachment":[{"href":"https:\/\/de-prime.com\/index.php\/wp-json\/wp\/v2\/media?parent=55721"}],"wp:term":[{"taxonomy":"product_brand","embeddable":true,"href":"https:\/\/de-prime.com\/index.php\/wp-json\/wp\/v2\/product_brand?post=55721"},{"taxonomy":"product_cat","embeddable":true,"href":"https:\/\/de-prime.com\/index.php\/wp-json\/wp\/v2\/product_cat?post=55721"},{"taxonomy":"product_tag","embeddable":true,"href":"https:\/\/de-prime.com\/index.php\/wp-json\/wp\/v2\/product_tag?post=55721"}],"curies":[{"name":"wp","href":"https:\/\/api.w.org\/{rel}","templated":true}]}}