{"id":55719,"date":"2024-10-01T16:14:07","date_gmt":"2024-10-01T16:14:07","guid":{"rendered":"https:\/\/de-prime.com\/?p=55719"},"modified":"2024-10-01T16:37:21","modified_gmt":"2024-10-01T16:37:21","slug":"kundenstopper-schwarz-45x7x845-cm-hdpe","status":"publish","type":"product","link":"https:\/\/de-prime.com\/index.php\/product\/kundenstopper-schwarz-45x7x845-cm-hdpe\/","title":{"rendered":"Kundenstopper Schwarz 45x7x84,5 cm HDPE"},"content":{"rendered":"<p>Mit diesem Kundenstopper mit A-Rahmen kannst du die Aufmerksamkeit der Menschen erregen und deine Botschaft mit erh\u00f6hter Sichtbarkeit verbreiten. Langlebiges Material: Polyethylen hoher Dichte (HDPE) bietet eine starke Oberfl\u00e4chenbest\u00e4ndigkeit und ist sto\u00df- und kratzfest. Zudem ist es UV-best\u00e4ndig, was es vor Sonnensch\u00e4den und Verf\u00e4rbungen sch\u00fctzt.Hohle Konstruktion: Durch das hohle Design kannst du Wasser in den Werbeaufsteller f\u00fcllen, um sein Gewicht und seine Standfestigkeit zu erh\u00f6hen.Zwei Anzeigefl\u00e4chen: Du kannst Plakate sowohl auf der Vorder- als auch auf der R\u00fcckseite anbringen, wodurch sich die Sichtbarkeit deiner Werbung erh\u00f6ht.Bequemer Transport: Mit dem eingebauten Griff kannst du die Werbetafel einfach zusammenklappen und tragen. Gut zu wissen:Um die Montage so einfach wie m\u00f6glich zu machen, wird jedes Produkt mit einer Anleitung geliefert.<\/p>\n<ul>\n<li>Farbe: Schwarz<\/li>\n<li>Material: HDPE (hochdichtes Polyethylen)<\/li>\n<li>Abmessungen (geklappt): 45 x 7 x 84,5 cm (L x B x H)<\/li>\n<li>Abmessungen (ge\u00f6ffnet): 45 x 41 x 84,5 cm (L x B x H)<\/li>\n<li>Mit 2 PET-Folien<\/li>\n<\/ul>\n","protected":false},"excerpt":{"rendered":"<ul>\n<li>Farbe: Schwarz<\/li>\n<li>Material: HDPE (hochdichtes Polyethylen)<\/li>\n<li>Abmessungen (geklappt): 45 x 7 x 84,5 cm (L x B x H)<\/li>\n<li>Abmessungen (ge\u00f6ffnet): 45 x 41 x 84,5 cm (L x B x H)<\/li>\n<li>Mit 2 PET-Folien<\/li>\n<\/ul>\n","protected":false},"featured_media":10000055719,"comment_status":"closed","ping_status":"closed","template":"","meta":[],"product_brand":[],"product_cat":[6837,6836],"product_tag":[],"class_list":{"0":"post-55719","1":"product","2":"type-product","3":"status-publish","4":"has-post-thumbnail","6":"product_cat-outdoor-aktivitaeten","7":"product_cat-sportartikel","9":"first","10":"instock","11":"taxable","12":"shipping-taxable","13":"purchasable","14":"product-type-simple","15":"add-to-wishlist-after_add_to_cart"},"jetpack_sharing_enabled":true,"_links":{"self":[{"href":"https:\/\/de-prime.com\/index.php\/wp-json\/wp\/v2\/product\/55719","targetHints":{"allow":["GET"]}}],"collection":[{"href":"https:\/\/de-prime.com\/index.php\/wp-json\/wp\/v2\/product"}],"about":[{"href":"https:\/\/de-prime.com\/index.php\/wp-json\/wp\/v2\/types\/product"}],"replies":[{"embeddable":true,"href":"https:\/\/de-prime.com\/index.php\/wp-json\/wp\/v2\/comments?post=55719"}],"wp:featuredmedia":[{"embeddable":true,"href":"https:\/\/de-prime.com\/index.php\/wp-json\/"}],"wp:attachment":[{"href":"https:\/\/de-prime.com\/index.php\/wp-json\/wp\/v2\/media?parent=55719"}],"wp:term":[{"taxonomy":"product_brand","embeddable":true,"href":"https:\/\/de-prime.com\/index.php\/wp-json\/wp\/v2\/product_brand?post=55719"},{"taxonomy":"product_cat","embeddable":true,"href":"https:\/\/de-prime.com\/index.php\/wp-json\/wp\/v2\/product_cat?post=55719"},{"taxonomy":"product_tag","embeddable":true,"href":"https:\/\/de-prime.com\/index.php\/wp-json\/wp\/v2\/product_tag?post=55719"}],"curies":[{"name":"wp","href":"https:\/\/api.w.org\/{rel}","templated":true}]}}