{"id":55716,"date":"2024-10-01T16:14:07","date_gmt":"2024-10-01T16:14:07","guid":{"rendered":"https:\/\/de-prime.com\/?p=55716"},"modified":"2024-10-01T16:37:24","modified_gmt":"2024-10-01T16:37:24","slug":"hi-ueberlebenskit-10-tlg-schwarz","status":"publish","type":"product","link":"https:\/\/de-prime.com\/index.php\/product\/hi-ueberlebenskit-10-tlg-schwarz\/","title":{"rendered":"HI \u00dcberlebenskit 10-tlg. Schwarz"},"content":{"rendered":"<p>Dieses \u00dcberlebenskit von HI enth\u00e4lt n\u00fctzliche und praktische Werkzeuge, um Ihre Outdoor-Aktivit\u00e4ten und -Situationen zu bew\u00e4ltigen. Alle Werkzeuge werden in einer wasserdichten und sto\u00dffesten Aufbewahrungsbox aufbewahrt. Die Box ist leicht, so dass sie leicht zu tragen ist. Das Survival-Kit besteht aus einem gro\u00dfen Flint und Stein, einem multifunktionalen Survival-Armband, einer Hochfrequenz-Doppelloch-Pfeife, einer Taschenlampe, einem Multifunktions-Klappmesser, einer verbesserten \u00dcberlebenskarte, einer Laubs\u00e4ge, einer Wasserflasche und ein Fensterbruchsicherungsstift; diese erweisen sich f\u00fcr verschiedene Zwecke und Notf\u00e4lle als praktisch.<\/p>\n<ul>\n<li>Farbe: Schwarz <\/li>\n<li>Material: Stahl<\/li>\n<li>Abmessungen: 17 x 10 x 5 cm (L x B x H)<\/li>\n<li>Gewicht: 500 g<\/li>\n<li><strong>Lieferung enth\u00e4lt:<\/strong><\/li>\n<li>1 x Gro\u00dfer Flint und Stein<\/li>\n<li>1 x Multifunktions-\u00dcberlebensarmband<\/li>\n<li>1 x Hochfrequenz-Doppellochpfeife<\/li>\n<li>1 x Hochleistungs-Taschenlampe<\/li>\n<li>1 x Multifunktions-Klappmesser<\/li>\n<li>1 x verbesserte \u00dcberlebenskarte<\/li>\n<li>1 x Laubs\u00e4ge<\/li>\n<li>1 x MOLLE-Systemband-Wasserflasche<\/li>\n<li>1 x Wolfram-Fensterbruchschutzstift<\/li>\n<li>1 x Wasserdichte und sto\u00dffeste Aufbewahrungsbox<\/li>\n<\/ul>\n","protected":false},"excerpt":{"rendered":"<ul>\n<li>Farbe: Schwarz <\/li>\n<li>Material: Stahl<\/li>\n<li>Abmessungen: 17 x 10 x 5 cm (L x B x H)<\/li>\n<li>Gewicht: 500 g<\/li>\n<li><strong>Lieferung enth\u00e4lt:<\/strong><\/li>\n<li>1 x Gro\u00dfer Flint und Stein<\/li>\n<li>1 x Multifunktions-\u00dcberlebensarmband<\/li>\n<li>1 x Hochfrequenz-Doppellochpfeife<\/li>\n<li>1 x Hochleistungs-Taschenlampe<\/li>\n<li>1 x Multifunktions-Klappmesser<\/li>\n<li>1 x verbesserte \u00dcberlebenskarte<\/li>\n<li>1 x Laubs\u00e4ge<\/li>\n<li>1 x MOLLE-Systemband-Wasserflasche<\/li>\n<li>1 x Wolfram-Fensterbruchschutzstift<\/li>\n<li>1 x Wasserdichte und sto\u00dffeste Aufbewahrungsbox<\/li>\n<\/ul>\n","protected":false},"featured_media":10000055716,"comment_status":"closed","ping_status":"closed","template":"","meta":[],"product_brand":[],"product_cat":[6859,6865,6936,6837,6836],"product_tag":[],"class_list":{"0":"post-55716","1":"product","2":"type-product","3":"status-publish","4":"has-post-thumbnail","6":"product_cat-camping-wandern","7":"product_cat-campingprodukte","8":"product_cat-multifunktionswerkzeuge-messer","9":"product_cat-outdoor-aktivitaeten","10":"product_cat-sportartikel","12":"first","13":"instock","14":"taxable","15":"shipping-taxable","16":"purchasable","17":"product-type-simple","18":"add-to-wishlist-after_add_to_cart"},"jetpack_sharing_enabled":true,"_links":{"self":[{"href":"https:\/\/de-prime.com\/index.php\/wp-json\/wp\/v2\/product\/55716","targetHints":{"allow":["GET"]}}],"collection":[{"href":"https:\/\/de-prime.com\/index.php\/wp-json\/wp\/v2\/product"}],"about":[{"href":"https:\/\/de-prime.com\/index.php\/wp-json\/wp\/v2\/types\/product"}],"replies":[{"embeddable":true,"href":"https:\/\/de-prime.com\/index.php\/wp-json\/wp\/v2\/comments?post=55716"}],"wp:featuredmedia":[{"embeddable":true,"href":"https:\/\/de-prime.com\/index.php\/wp-json\/"}],"wp:attachment":[{"href":"https:\/\/de-prime.com\/index.php\/wp-json\/wp\/v2\/media?parent=55716"}],"wp:term":[{"taxonomy":"product_brand","embeddable":true,"href":"https:\/\/de-prime.com\/index.php\/wp-json\/wp\/v2\/product_brand?post=55716"},{"taxonomy":"product_cat","embeddable":true,"href":"https:\/\/de-prime.com\/index.php\/wp-json\/wp\/v2\/product_cat?post=55716"},{"taxonomy":"product_tag","embeddable":true,"href":"https:\/\/de-prime.com\/index.php\/wp-json\/wp\/v2\/product_tag?post=55716"}],"curies":[{"name":"wp","href":"https:\/\/api.w.org\/{rel}","templated":true}]}}