{"id":55715,"date":"2024-10-01T16:14:07","date_gmt":"2024-10-01T16:14:07","guid":{"rendered":"https:\/\/de-prime.com\/?p=55715"},"modified":"2024-10-01T16:42:17","modified_gmt":"2024-10-01T16:42:17","slug":"moskitonetz-bett-zwei-stueck-quadratisches-set-3-oeffnungen","status":"publish","type":"product","link":"https:\/\/de-prime.com\/index.php\/product\/moskitonetz-bett-zwei-stueck-quadratisches-set-3-oeffnungen\/","title":{"rendered":"Moskitonetz Bett zwei St\u00fcck quadratisches Set 3 \u00d6ffnungen"},"content":{"rendered":"<p>Dieses zwei St\u00fcck Moskitonetz Set ist perfekt um das Eindringen von den furchtbaren, st\u00f6renden, fliegenden Insekten zu verhindern und um Ihnen und Ihrer Familie einen komfortablen Schlafplatz anzubieten. Dieses Moskitonetz ist ein quadratisches Bett mit Vorhang, das aus 100% Polyester gefertigt wurde. Die feine Masche (156 Maschen pro Quadratzoll-WHO-Empfehlung) des quadratischen Moskitonetzes sichert sowohl eine perfekte Luftzirkulation als auch eine Schutzma\u00dfnahme gegen Insektenstiche, um einen friedlichen Raum f\u00fcr Sie zu schaffen, wo Sie lesen, schlafen oder sich entspannen k\u00f6nnen. Wenn man dieses wei\u00dfe Moskitonetz Set im Haus montiert, schafft man f\u00fcr sich nicht nur einen friedvollen Raum, da die st\u00f6renden, fliegenden Insekten wie M\u00fccken und Wanzen ferngehalten werden, sondern verleiht man dem Schlafzimmer eine romantische und elegante Note. Hinzu kommt dass Sie jederzeit das Moskitonetz auspacken k\u00f6nnen, da es einfach zu montieren und leichtgewichtig ist. Im Lieferumfang gibt es zwei St\u00fccke. Dieses quadratische Moskitonetz Set ist eine ideale Wahl, zu Hause an hei\u00dfen Sommertagen verwendet zu werden! Hinweis: Der Rahmen des Moskitonetz ist nicht im Lieferumfang enthalten.<\/p>\n<ul>\n<li>Farbe: wei\u00df<\/li>\n<li>St\u00fcckzahl: 2<\/li>\n<li>Gr\u00f6\u00dfe: 220 x 200 x 210 cm (L x B x H)<\/li>\n<li>Form: quadratisch mit drei \u00d6ffnungen<\/li>\n<li>Netz: 156 Maschen pro Quadratzoll (WHO-Empfehlung)<\/li>\n<li>ideal f\u00fcr Einzel- und Doppelbetten<\/li>\n<li><strong>Lieferumfang<\/strong>:<\/li>\n<li>2 x Moskitonetz<\/li>\n<li>8 x Haken<\/li>\n<li>8 x Stecker<\/li>\n<li>Material: Polyester: 100%<\/li>\n<\/ul>\n","protected":false},"excerpt":{"rendered":"<ul>\n<li>Farbe: wei\u00df<\/li>\n<li>St\u00fcckzahl: 2<\/li>\n<li>Gr\u00f6\u00dfe: 220 x 200 x 210 cm (L x B x H)<\/li>\n<li>Form: quadratisch mit drei \u00d6ffnungen<\/li>\n<li>Netz: 156 Maschen pro Quadratzoll (WHO-Empfehlung)<\/li>\n<li>ideal f\u00fcr Einzel- und Doppelbetten<\/li>\n<li><strong>Lieferumfang<\/strong>:<\/li>\n<li>2 x Moskitonetz<\/li>\n<li>8 x Haken<\/li>\n<li>8 x Stecker<\/li>\n<li>Material: Polyester: 100%<\/li>\n<\/ul>\n","protected":false},"featured_media":10000055715,"comment_status":"closed","ping_status":"closed","template":"","meta":[],"product_brand":[],"product_cat":[6859,6935,6837,6836],"product_tag":[],"class_list":{"0":"post-55715","1":"product","2":"type-product","3":"status-publish","4":"has-post-thumbnail","6":"product_cat-camping-wandern","7":"product_cat-moskitonetze-fliegengitter","8":"product_cat-outdoor-aktivitaeten","9":"product_cat-sportartikel","11":"first","12":"instock","13":"taxable","14":"shipping-taxable","15":"purchasable","16":"product-type-simple","17":"add-to-wishlist-after_add_to_cart"},"jetpack_sharing_enabled":true,"_links":{"self":[{"href":"https:\/\/de-prime.com\/index.php\/wp-json\/wp\/v2\/product\/55715","targetHints":{"allow":["GET"]}}],"collection":[{"href":"https:\/\/de-prime.com\/index.php\/wp-json\/wp\/v2\/product"}],"about":[{"href":"https:\/\/de-prime.com\/index.php\/wp-json\/wp\/v2\/types\/product"}],"replies":[{"embeddable":true,"href":"https:\/\/de-prime.com\/index.php\/wp-json\/wp\/v2\/comments?post=55715"}],"wp:featuredmedia":[{"embeddable":true,"href":"https:\/\/de-prime.com\/index.php\/wp-json\/"}],"wp:attachment":[{"href":"https:\/\/de-prime.com\/index.php\/wp-json\/wp\/v2\/media?parent=55715"}],"wp:term":[{"taxonomy":"product_brand","embeddable":true,"href":"https:\/\/de-prime.com\/index.php\/wp-json\/wp\/v2\/product_brand?post=55715"},{"taxonomy":"product_cat","embeddable":true,"href":"https:\/\/de-prime.com\/index.php\/wp-json\/wp\/v2\/product_cat?post=55715"},{"taxonomy":"product_tag","embeddable":true,"href":"https:\/\/de-prime.com\/index.php\/wp-json\/wp\/v2\/product_tag?post=55715"}],"curies":[{"name":"wp","href":"https:\/\/api.w.org\/{rel}","templated":true}]}}