{"id":55713,"date":"2024-10-01T16:14:07","date_gmt":"2024-10-01T16:14:07","guid":{"rendered":"https:\/\/de-prime.com\/?p=55713"},"modified":"2024-10-01T16:42:15","modified_gmt":"2024-10-01T16:42:15","slug":"nature-moskitonetz-1-x-2m-aluminium-grau","status":"publish","type":"product","link":"https:\/\/de-prime.com\/index.php\/product\/nature-moskitonetz-1-x-2m-aluminium-grau\/","title":{"rendered":"Nature Moskitonetz 1 x 2m Aluminium Grau"},"content":{"rendered":"<p>Das Moskitonetz von Nature sorgt daf\u00fcr, dass M\u00fccken und andere l\u00e4stige Insekten nicht ins Haus gelangen! Wenn drau\u00dfen die Sonne scheint, ist nichts sch\u00f6ner, als das Fenster zu \u00f6ffnen, damit die W\u00e4rme entweichen kann und man eine sch\u00f6ne Brise im Inneren hat, aber ein offenes Fenster gibt auch M\u00fccken und anderen Insekten die M\u00f6glichkeit, hereinzukommen. Mit diesem Moskitonetz haben Sie alles was Sie ben\u00f6tigen, um einen Schutz gegen diese unerw\u00fcnschten Insekten zu schaffen. Das Netz besteht aus widerstandsf\u00e4higem Aluminium, ist leicht zu montieren und kann leicht in die gew\u00fcnschte Gr\u00f6\u00dfe geschnitten werden.<\/p>\n<ul>\n<li>Farbe: Grau<\/li>\n<li>Material: Aluminium<\/li>\n<li>Ma\u00dfe: 100 x 200 cm (B x H)<\/li>\n<li>Mit einer quadratischen Maschenweite von 1,4 x 1,8 mm<\/li>\n<li>Einfache Montage<\/li>\n<li>Einfach zu schneiden<\/li>\n<\/ul>\n","protected":false},"excerpt":{"rendered":"<ul>\n<li>Farbe: Grau<\/li>\n<li>Material: Aluminium<\/li>\n<li>Ma\u00dfe: 100 x 200 cm (B x H)<\/li>\n<li>Mit einer quadratischen Maschenweite von 1,4 x 1,8 mm<\/li>\n<li>Einfache Montage<\/li>\n<li>Einfach zu schneiden<\/li>\n<\/ul>\n","protected":false},"featured_media":10000055713,"comment_status":"closed","ping_status":"closed","template":"","meta":[],"product_brand":[],"product_cat":[6859,6935,6837,6836],"product_tag":[],"class_list":{"0":"post-55713","1":"product","2":"type-product","3":"status-publish","4":"has-post-thumbnail","6":"product_cat-camping-wandern","7":"product_cat-moskitonetze-fliegengitter","8":"product_cat-outdoor-aktivitaeten","9":"product_cat-sportartikel","11":"first","12":"instock","13":"taxable","14":"shipping-taxable","15":"purchasable","16":"product-type-simple","17":"add-to-wishlist-after_add_to_cart"},"jetpack_sharing_enabled":true,"_links":{"self":[{"href":"https:\/\/de-prime.com\/index.php\/wp-json\/wp\/v2\/product\/55713","targetHints":{"allow":["GET"]}}],"collection":[{"href":"https:\/\/de-prime.com\/index.php\/wp-json\/wp\/v2\/product"}],"about":[{"href":"https:\/\/de-prime.com\/index.php\/wp-json\/wp\/v2\/types\/product"}],"replies":[{"embeddable":true,"href":"https:\/\/de-prime.com\/index.php\/wp-json\/wp\/v2\/comments?post=55713"}],"wp:featuredmedia":[{"embeddable":true,"href":"https:\/\/de-prime.com\/index.php\/wp-json\/"}],"wp:attachment":[{"href":"https:\/\/de-prime.com\/index.php\/wp-json\/wp\/v2\/media?parent=55713"}],"wp:term":[{"taxonomy":"product_brand","embeddable":true,"href":"https:\/\/de-prime.com\/index.php\/wp-json\/wp\/v2\/product_brand?post=55713"},{"taxonomy":"product_cat","embeddable":true,"href":"https:\/\/de-prime.com\/index.php\/wp-json\/wp\/v2\/product_cat?post=55713"},{"taxonomy":"product_tag","embeddable":true,"href":"https:\/\/de-prime.com\/index.php\/wp-json\/wp\/v2\/product_tag?post=55713"}],"curies":[{"name":"wp","href":"https:\/\/api.w.org\/{rel}","templated":true}]}}