{"id":55707,"date":"2024-10-01T16:14:06","date_gmt":"2024-10-01T16:14:06","guid":{"rendered":"https:\/\/de-prime.com\/?p=55707"},"modified":"2024-10-01T16:42:11","modified_gmt":"2024-10-01T16:42:11","slug":"moskitonetz-zum-aufhaengen-156-mesh-weiss-220x120x150-cm","status":"publish","type":"product","link":"https:\/\/de-prime.com\/index.php\/product\/moskitonetz-zum-aufhaengen-156-mesh-weiss-220x120x150-cm\/","title":{"rendered":"Moskitonetz zum Aufh\u00e4ngen 156 Mesh Wei\u00df 220x120x150 cm"},"content":{"rendered":"<p>Dieses Moskitonetz stellt eine gute Kombination aus Stil und Funktionalit\u00e4t dar.Gro\u00dfz\u00fcgiger Innenraum: Das H\u00e4ngemodell bietet viel mehr Platz im Inneren und verhindert auch, dass du das Netz w\u00e4hrend der Nacht mit deinem Arm ber\u00fchrst.Langlebiges Material: Das Bett-Moskitonetz besteht zu 100 % aus Polyester und ist somit strapazierf\u00e4hig und langlebig ist.Benutzerfreundlich: Du kannst das Moskitonetz jederzeit auspacken, da es sich ganz einfach anbringen l\u00e4sst.<\/p>\n<ul>\n<li>Farbe: Wei\u00df<\/li>\n<li>Material: Polyester<\/li>\n<li>Abmessungen: 220 x 120 x 150 cm (L x B x H)<\/li>\n<li>Maschenweite: 156 L\u00f6cher pro Quadratzoll<\/li>\n<li>Untere L\u00e4nge: 850 cm<\/li>\n<li>Form: Rechteckig<\/li>\n<li>Mit einem Eingang<\/li>\n<li>Mit einem zus\u00e4tzlichen Seil von 6 m<\/li>\n<\/ul>\n","protected":false},"excerpt":{"rendered":"<ul>\n<li>Farbe: Wei\u00df<\/li>\n<li>Material: Polyester<\/li>\n<li>Abmessungen: 220 x 120 x 150 cm (L x B x H)<\/li>\n<li>Maschenweite: 156 L\u00f6cher pro Quadratzoll<\/li>\n<li>Untere L\u00e4nge: 850 cm<\/li>\n<li>Form: Rechteckig<\/li>\n<li>Mit einem Eingang<\/li>\n<li>Mit einem zus\u00e4tzlichen Seil von 6 m<\/li>\n<\/ul>\n","protected":false},"featured_media":10000055707,"comment_status":"closed","ping_status":"closed","template":"","meta":[],"product_brand":[],"product_cat":[6859,6935,6837,6836],"product_tag":[],"class_list":{"0":"post-55707","1":"product","2":"type-product","3":"status-publish","4":"has-post-thumbnail","6":"product_cat-camping-wandern","7":"product_cat-moskitonetze-fliegengitter","8":"product_cat-outdoor-aktivitaeten","9":"product_cat-sportartikel","11":"first","12":"instock","13":"taxable","14":"shipping-taxable","15":"purchasable","16":"product-type-simple","17":"add-to-wishlist-after_add_to_cart"},"jetpack_sharing_enabled":true,"_links":{"self":[{"href":"https:\/\/de-prime.com\/index.php\/wp-json\/wp\/v2\/product\/55707","targetHints":{"allow":["GET"]}}],"collection":[{"href":"https:\/\/de-prime.com\/index.php\/wp-json\/wp\/v2\/product"}],"about":[{"href":"https:\/\/de-prime.com\/index.php\/wp-json\/wp\/v2\/types\/product"}],"replies":[{"embeddable":true,"href":"https:\/\/de-prime.com\/index.php\/wp-json\/wp\/v2\/comments?post=55707"}],"wp:featuredmedia":[{"embeddable":true,"href":"https:\/\/de-prime.com\/index.php\/wp-json\/"}],"wp:attachment":[{"href":"https:\/\/de-prime.com\/index.php\/wp-json\/wp\/v2\/media?parent=55707"}],"wp:term":[{"taxonomy":"product_brand","embeddable":true,"href":"https:\/\/de-prime.com\/index.php\/wp-json\/wp\/v2\/product_brand?post=55707"},{"taxonomy":"product_cat","embeddable":true,"href":"https:\/\/de-prime.com\/index.php\/wp-json\/wp\/v2\/product_cat?post=55707"},{"taxonomy":"product_tag","embeddable":true,"href":"https:\/\/de-prime.com\/index.php\/wp-json\/wp\/v2\/product_tag?post=55707"}],"curies":[{"name":"wp","href":"https:\/\/api.w.org\/{rel}","templated":true}]}}