{"id":55704,"date":"2024-10-01T16:14:06","date_gmt":"2024-10-01T16:14:06","guid":{"rendered":"https:\/\/de-prime.com\/?p=55704"},"modified":"2024-10-01T16:42:10","modified_gmt":"2024-10-01T16:42:10","slug":"moskitonetz-fuer-bett-220-mesh-weiss-56x56x220-cm-2","status":"publish","type":"product","link":"https:\/\/de-prime.com\/index.php\/product\/moskitonetz-fuer-bett-220-mesh-weiss-56x56x220-cm-2\/","title":{"rendered":"Moskitonetz f\u00fcr Bett 220 Mesh Wei\u00df 56x56x220 cm"},"content":{"rendered":"<p>Dieses Moskitonetz eignet sich perfekt, um l\u00e4stige, fliegende Insekten fernzuhalten. So bietet es dir und deiner Familien einen bequemen Schlafplatz.Langlebiges Material: Dieses Moskitonetz besteht aus Polyester und ist somit weich, strapazierf\u00e4hig und langlebig.Einfache Aufbewahrung: Dieses Moskitonetz l\u00e4sst sich zusammenfalten und der obere Ring kann leicht zusammengeklappt oder aufgerollt werden. Daher l\u00e4sst sich das Netz platzsparend und bequem aufbewahren.Benutzerfreundlich: Das Bett-Moskitonetz wird samt Dehnschrauben, einem Haken sowie einem 50 cm langen Seil geliefert und l\u00e4sst sich daher nicht nur einfach aufh\u00e4ngen, sondern auch herunternehmen.Breite \u00d6ffnung: Das Moskitonetz verf\u00fcgt \u00fcber einen breiten, praktischen Eingang, der f\u00fcr einen sicheren Zugang sorgt.Vielseitig einsetzbar: Dieses Moskitonetz ist eine ausgezeichnete Wahl f\u00fcr den Einsatz in der eigenen Wohnung und ist mit verschiedenen Arten von Betten kompatibel. Es sorgt f\u00fcr eine optimale Luftzirkulation und bietet effektiven Schutz vor fliegenden Insekten wie M\u00fccken, Wespen und Fliegen.<\/p>\n<ul>\n<li>Farbe: Wei\u00df<\/li>\n<li>Material: Polyester<\/li>\n<li>Durchmesser des oberen Rings: 56 cm<\/li>\n<li>Unterer Umfang: 1020 cm<\/li>\n<li>H\u00f6he: 220 cm<\/li>\n<li>Maschenweite: 156 L\u00f6cher pro Quadratzoll<\/li>\n<li>Gewicht: 240 g<\/li>\n<li>Form: A-Rahmen<\/li>\n<li>Mit einem Eingang<\/li>\n<li><strong>Lieferung umfasst:<\/strong><\/li>\n<li>1 x Moskitonetz<\/li>\n<li>1 x 50 cm Seil<\/li>\n<li>1 x Satz Dehnschrauben mit Haken<\/li>\n<\/ul>\n","protected":false},"excerpt":{"rendered":"<ul>\n<li>Farbe: Wei\u00df<\/li>\n<li>Material: Polyester<\/li>\n<li>Durchmesser des oberen Rings: 56 cm<\/li>\n<li>Unterer Umfang: 1020 cm<\/li>\n<li>H\u00f6he: 220 cm<\/li>\n<li>Maschenweite: 156 L\u00f6cher pro Quadratzoll<\/li>\n<li>Gewicht: 240 g<\/li>\n<li>Form: A-Rahmen<\/li>\n<li>Mit einem Eingang<\/li>\n<li><strong>Lieferung umfasst:<\/strong><\/li>\n<li>1 x Moskitonetz<\/li>\n<li>1 x 50 cm Seil<\/li>\n<li>1 x Satz Dehnschrauben mit Haken<\/li>\n<\/ul>\n","protected":false},"featured_media":10000055704,"comment_status":"closed","ping_status":"closed","template":"","meta":[],"product_brand":[],"product_cat":[6859,6935,6837,6836],"product_tag":[],"class_list":{"0":"post-55704","1":"product","2":"type-product","3":"status-publish","4":"has-post-thumbnail","6":"product_cat-camping-wandern","7":"product_cat-moskitonetze-fliegengitter","8":"product_cat-outdoor-aktivitaeten","9":"product_cat-sportartikel","11":"first","12":"instock","13":"taxable","14":"shipping-taxable","15":"purchasable","16":"product-type-simple","17":"add-to-wishlist-after_add_to_cart"},"jetpack_sharing_enabled":true,"_links":{"self":[{"href":"https:\/\/de-prime.com\/index.php\/wp-json\/wp\/v2\/product\/55704","targetHints":{"allow":["GET"]}}],"collection":[{"href":"https:\/\/de-prime.com\/index.php\/wp-json\/wp\/v2\/product"}],"about":[{"href":"https:\/\/de-prime.com\/index.php\/wp-json\/wp\/v2\/types\/product"}],"replies":[{"embeddable":true,"href":"https:\/\/de-prime.com\/index.php\/wp-json\/wp\/v2\/comments?post=55704"}],"wp:featuredmedia":[{"embeddable":true,"href":"https:\/\/de-prime.com\/index.php\/wp-json\/"}],"wp:attachment":[{"href":"https:\/\/de-prime.com\/index.php\/wp-json\/wp\/v2\/media?parent=55704"}],"wp:term":[{"taxonomy":"product_brand","embeddable":true,"href":"https:\/\/de-prime.com\/index.php\/wp-json\/wp\/v2\/product_brand?post=55704"},{"taxonomy":"product_cat","embeddable":true,"href":"https:\/\/de-prime.com\/index.php\/wp-json\/wp\/v2\/product_cat?post=55704"},{"taxonomy":"product_tag","embeddable":true,"href":"https:\/\/de-prime.com\/index.php\/wp-json\/wp\/v2\/product_tag?post=55704"}],"curies":[{"name":"wp","href":"https:\/\/api.w.org\/{rel}","templated":true}]}}