{"id":55692,"date":"2024-10-01T16:14:05","date_gmt":"2024-10-01T16:14:05","guid":{"rendered":"https:\/\/de-prime.com\/?p=55692"},"modified":"2024-10-01T16:42:01","modified_gmt":"2024-10-01T16:42:01","slug":"moskitonetz-indoor-outdoor-156-mesh-schwarz-300x300x200-cm","status":"publish","type":"product","link":"https:\/\/de-prime.com\/index.php\/product\/moskitonetz-indoor-outdoor-156-mesh-schwarz-300x300x200-cm\/","title":{"rendered":"Moskitonetz Indoor Outdoor 156 Mesh Schwarz 300x300x200 cm"},"content":{"rendered":"<p>Das rechteckige Moskitonetz ist eine hervorragende Wahl, um l\u00e4stige Insekten fernzuhalten, sei es im Innen- oder Au\u00dfenbereich.Langlebiges Material: Dieses Moskitonetz besteht aus Polyester und ist somit weich, strapazierf\u00e4hig und langlebig.Tragbar: Das faltbare Moskitonetz l\u00e4sst sich nach dem Gebrauch platzsparend verstauen und bequem \u00fcberall mitnehmen, sei es auf den Campingplatz oder bei anderen Aktivit\u00e4ten im Freien.Kastenf\u00f6rmiges Design: Dank des kastenf\u00f6rmigen Designs kannst du gerade im Bett oder am Tisch sitzen. Das Netz baumelt nicht vor dir und eignet sich daher hervorragend zum Lesen oder Genie\u00dfen deines Morgenkaffees.Vielseitig einsetzbar: Dieses Netz eignet sich f\u00fcr G\u00e4rten, Wohnzimmer, Sonnenschirme und andere Innen- und Au\u00dfenbereiche, erm\u00f6glicht eine gute Luftzirkulation und sch\u00fctzt dich vor fliegenden Insekten wie Moskitos, Wespen, Fliegen usw.<\/p>\n<ul>\n<li>Farbe: Schwarz<\/li>\n<li>Material: Polyester<\/li>\n<li>Abmessungen: 300 x 300 x 200 cm (L x B x H)<\/li>\n<li>Maschenweite: 220 L\u00f6cher pro Quadratzoll<\/li>\n<li>Form: Rechteckig<\/li>\n<li>Gewicht: 690 g<\/li>\n<li>Mit einer \u00d6ffnung mit Rei\u00dfverschluss<\/li>\n<\/ul>\n","protected":false},"excerpt":{"rendered":"<ul>\n<li>Farbe: Schwarz<\/li>\n<li>Material: Polyester<\/li>\n<li>Abmessungen: 300 x 300 x 200 cm (L x B x H)<\/li>\n<li>Maschenweite: 220 L\u00f6cher pro Quadratzoll<\/li>\n<li>Form: Rechteckig<\/li>\n<li>Gewicht: 690 g<\/li>\n<li>Mit einer \u00d6ffnung mit Rei\u00dfverschluss<\/li>\n<\/ul>\n","protected":false},"featured_media":10000055692,"comment_status":"closed","ping_status":"closed","template":"","meta":[],"product_brand":[],"product_cat":[6859,6935,6837,6836],"product_tag":[],"class_list":{"0":"post-55692","1":"product","2":"type-product","3":"status-publish","4":"has-post-thumbnail","6":"product_cat-camping-wandern","7":"product_cat-moskitonetze-fliegengitter","8":"product_cat-outdoor-aktivitaeten","9":"product_cat-sportartikel","11":"first","12":"instock","13":"taxable","14":"shipping-taxable","15":"purchasable","16":"product-type-simple","17":"add-to-wishlist-after_add_to_cart"},"jetpack_sharing_enabled":true,"_links":{"self":[{"href":"https:\/\/de-prime.com\/index.php\/wp-json\/wp\/v2\/product\/55692","targetHints":{"allow":["GET"]}}],"collection":[{"href":"https:\/\/de-prime.com\/index.php\/wp-json\/wp\/v2\/product"}],"about":[{"href":"https:\/\/de-prime.com\/index.php\/wp-json\/wp\/v2\/types\/product"}],"replies":[{"embeddable":true,"href":"https:\/\/de-prime.com\/index.php\/wp-json\/wp\/v2\/comments?post=55692"}],"wp:featuredmedia":[{"embeddable":true,"href":"https:\/\/de-prime.com\/index.php\/wp-json\/"}],"wp:attachment":[{"href":"https:\/\/de-prime.com\/index.php\/wp-json\/wp\/v2\/media?parent=55692"}],"wp:term":[{"taxonomy":"product_brand","embeddable":true,"href":"https:\/\/de-prime.com\/index.php\/wp-json\/wp\/v2\/product_brand?post=55692"},{"taxonomy":"product_cat","embeddable":true,"href":"https:\/\/de-prime.com\/index.php\/wp-json\/wp\/v2\/product_cat?post=55692"},{"taxonomy":"product_tag","embeddable":true,"href":"https:\/\/de-prime.com\/index.php\/wp-json\/wp\/v2\/product_tag?post=55692"}],"curies":[{"name":"wp","href":"https:\/\/api.w.org\/{rel}","templated":true}]}}