{"id":55684,"date":"2024-10-01T16:14:05","date_gmt":"2024-10-01T16:14:05","guid":{"rendered":"https:\/\/de-prime.com\/?p=55684"},"modified":"2024-10-01T16:37:24","modified_gmt":"2024-10-01T16:37:24","slug":"camping-toilette-tragbar-grau-und-weiss-2010-l-hdpe","status":"publish","type":"product","link":"https:\/\/de-prime.com\/index.php\/product\/camping-toilette-tragbar-grau-und-weiss-2010-l-hdpe\/","title":{"rendered":"Camping-Toilette Tragbar Grau und Wei\u00df 20+10 L HDPE"},"content":{"rendered":"<p>Durch ihr geringes Gewicht und ihr kompaktes Design eignet sich diese tragbare Camping-Toilette ideal f\u00fcr Camping, Wohnmobilausfl\u00fcge, Veranstaltungen usw. Langlebiges Material: Die tragbare Camping-Toilette besteht aus robustem Polyethylen hoher Dichte, was sie sto\u00df- und schlagfest macht und eine lange Lebensdauer gew\u00e4hrleistet.Effektive Reinigung: Die Toilette ist mit einer Kolbenpumpe ausgestattet, die die Sch\u00fcssel im Vergleich zur Faltenbalgpumpe viel sauberer sp\u00fclt. Die T-Sp\u00fclung erleichtert die Entleerung.Ablaufventil: Die tragbare Toilette ist mit einem Ablaufventil ausgestattet, das Ger\u00fcche einf\u00e4ngt und vor Leckagen sch\u00fctzt.Seitliche Verriegelungen: Dank der seitlichen Verriegelungen l\u00e4sst sich das Campingklo leicht abnehmen oder am Beh\u00e4lter befestigen.<\/p>\n<ul>\n<li>Farbe: Grau, Wei\u00df<\/li>\n<li>Material: HDPE (hochdichtes Polyethylen)<\/li>\n<li>Abmessungen: 41,5 x 36,5 x 42 cm (L x B x H)<\/li>\n<li>Fassungsverm\u00f6gen des F\u00e4kalientanks: 20 L<\/li>\n<li>Fassungsverm\u00f6gen des Frischwassertanks: 10 L<\/li>\n<li>Zusammenbau erforderlich: Ja<\/li>\n<\/ul>\n","protected":false},"excerpt":{"rendered":"<ul>\n<li>Farbe: Grau, Wei\u00df<\/li>\n<li>Material: HDPE (hochdichtes Polyethylen)<\/li>\n<li>Abmessungen: 41,5 x 36,5 x 42 cm (L x B x H)<\/li>\n<li>Fassungsverm\u00f6gen des F\u00e4kalientanks: 20 L<\/li>\n<li>Fassungsverm\u00f6gen des Frischwassertanks: 10 L<\/li>\n<li>Zusammenbau erforderlich: Ja<\/li>\n<\/ul>\n","protected":false},"featured_media":10000055684,"comment_status":"closed","ping_status":"closed","template":"","meta":[],"product_brand":[],"product_cat":[6859,6932,6934,6837,6836],"product_tag":[],"class_list":{"0":"post-55684","1":"product","2":"type-product","3":"status-publish","4":"has-post-thumbnail","6":"product_cat-camping-wandern","7":"product_cat-mobile-toiletten-duschen","8":"product_cat-mobile-toiletten-urinale","9":"product_cat-outdoor-aktivitaeten","10":"product_cat-sportartikel","12":"first","13":"instock","14":"taxable","15":"shipping-taxable","16":"purchasable","17":"product-type-simple","18":"add-to-wishlist-after_add_to_cart"},"jetpack_sharing_enabled":true,"_links":{"self":[{"href":"https:\/\/de-prime.com\/index.php\/wp-json\/wp\/v2\/product\/55684","targetHints":{"allow":["GET"]}}],"collection":[{"href":"https:\/\/de-prime.com\/index.php\/wp-json\/wp\/v2\/product"}],"about":[{"href":"https:\/\/de-prime.com\/index.php\/wp-json\/wp\/v2\/types\/product"}],"replies":[{"embeddable":true,"href":"https:\/\/de-prime.com\/index.php\/wp-json\/wp\/v2\/comments?post=55684"}],"wp:featuredmedia":[{"embeddable":true,"href":"https:\/\/de-prime.com\/index.php\/wp-json\/"}],"wp:attachment":[{"href":"https:\/\/de-prime.com\/index.php\/wp-json\/wp\/v2\/media?parent=55684"}],"wp:term":[{"taxonomy":"product_brand","embeddable":true,"href":"https:\/\/de-prime.com\/index.php\/wp-json\/wp\/v2\/product_brand?post=55684"},{"taxonomy":"product_cat","embeddable":true,"href":"https:\/\/de-prime.com\/index.php\/wp-json\/wp\/v2\/product_cat?post=55684"},{"taxonomy":"product_tag","embeddable":true,"href":"https:\/\/de-prime.com\/index.php\/wp-json\/wp\/v2\/product_tag?post=55684"}],"curies":[{"name":"wp","href":"https:\/\/api.w.org\/{rel}","templated":true}]}}