{"id":55682,"date":"2024-10-01T16:14:04","date_gmt":"2024-10-01T16:14:04","guid":{"rendered":"https:\/\/de-prime.com\/?p=55682"},"modified":"2024-10-01T16:37:18","modified_gmt":"2024-10-01T16:37:18","slug":"campingtoilette-mit-beuteln-200-kg","status":"publish","type":"product","link":"https:\/\/de-prime.com\/index.php\/product\/campingtoilette-mit-beuteln-200-kg\/","title":{"rendered":"Campingtoilette mit Beuteln 200 kg"},"content":{"rendered":"<p>Diese faltbare Toilette ist f\u00fcr Festivals, Camping, Urlaub, Angeln, Jagen, Baustellen, Schreberg\u00e4rten, lange Autofahrten, aber auch als Duschstuhl und f\u00fcr andere Notf\u00e4lle konzipiert. Diese Campingtoilette ist aus haltbarem, starkem Kunststoff gefertigt und ist mit bis zu 200 kg belastbar. Der Sitz ist ziemlich breit und dank ihrer dreibeinigen Konstruktion steht diese tragbare Toilette auch im Wald und auf Wiesen standfest und sicher. Um ihre Stabilit\u00e4t zu erh\u00f6hen, kann der Beutel mit Wasser gef\u00fcllt werden, wodurch die Toilette noch stabiler steht. Einwegbeutel sind im Lieferumfang enthalten; diese k\u00f6nnen an den Sitz befestigt werden, um eine sorgenfreie Verwendung zu gew\u00e4hrleisten.<\/p>\n<ul>\n<li>Farbe: Grau<\/li>\n<li>Material: Kunststoff<\/li>\n<li>Abmessungen: 48 x 36 x 28 cm (L x B x H)<\/li>\n<li>Max. Tragf\u00e4higkeit: 200 kg<\/li>\n<li>Mit 10 Kunststoff-Beuteln<\/li>\n<li>Klappbar: Ja<\/li>\n<\/ul>\n","protected":false},"excerpt":{"rendered":"<ul>\n<li>Farbe: Grau<\/li>\n<li>Material: Kunststoff<\/li>\n<li>Abmessungen: 48 x 36 x 28 cm (L x B x H)<\/li>\n<li>Max. Tragf\u00e4higkeit: 200 kg<\/li>\n<li>Mit 10 Kunststoff-Beuteln<\/li>\n<li>Klappbar: Ja<\/li>\n<\/ul>\n","protected":false},"featured_media":10000055682,"comment_status":"closed","ping_status":"closed","template":"","meta":[],"product_brand":[],"product_cat":[6859,6932,6837,6836],"product_tag":[],"class_list":{"0":"post-55682","1":"product","2":"type-product","3":"status-publish","4":"has-post-thumbnail","6":"product_cat-camping-wandern","7":"product_cat-mobile-toiletten-duschen","8":"product_cat-outdoor-aktivitaeten","9":"product_cat-sportartikel","11":"first","12":"instock","13":"taxable","14":"shipping-taxable","15":"purchasable","16":"product-type-simple","17":"add-to-wishlist-after_add_to_cart"},"jetpack_sharing_enabled":true,"_links":{"self":[{"href":"https:\/\/de-prime.com\/index.php\/wp-json\/wp\/v2\/product\/55682","targetHints":{"allow":["GET"]}}],"collection":[{"href":"https:\/\/de-prime.com\/index.php\/wp-json\/wp\/v2\/product"}],"about":[{"href":"https:\/\/de-prime.com\/index.php\/wp-json\/wp\/v2\/types\/product"}],"replies":[{"embeddable":true,"href":"https:\/\/de-prime.com\/index.php\/wp-json\/wp\/v2\/comments?post=55682"}],"wp:featuredmedia":[{"embeddable":true,"href":"https:\/\/de-prime.com\/index.php\/wp-json\/"}],"wp:attachment":[{"href":"https:\/\/de-prime.com\/index.php\/wp-json\/wp\/v2\/media?parent=55682"}],"wp:term":[{"taxonomy":"product_brand","embeddable":true,"href":"https:\/\/de-prime.com\/index.php\/wp-json\/wp\/v2\/product_brand?post=55682"},{"taxonomy":"product_cat","embeddable":true,"href":"https:\/\/de-prime.com\/index.php\/wp-json\/wp\/v2\/product_cat?post=55682"},{"taxonomy":"product_tag","embeddable":true,"href":"https:\/\/de-prime.com\/index.php\/wp-json\/wp\/v2\/product_tag?post=55682"}],"curies":[{"name":"wp","href":"https:\/\/api.w.org\/{rel}","templated":true}]}}