{"id":55679,"date":"2024-10-01T16:14:04","date_gmt":"2024-10-01T16:14:04","guid":{"rendered":"https:\/\/de-prime.com\/?p=55679"},"modified":"2024-10-01T16:37:16","modified_gmt":"2024-10-01T16:37:16","slug":"tragbare-campingtoilette-mit-zelt-1010-l","status":"publish","type":"product","link":"https:\/\/de-prime.com\/index.php\/product\/tragbare-campingtoilette-mit-zelt-1010-l\/","title":{"rendered":"Tragbare Campingtoilette mit Zelt 10+10 L"},"content":{"rendered":"<p>Du planst einen Campingausflug und fragst dich, wo du w\u00e4hrend der Reise duschen und dich umziehen kannst? Warum bringst du nicht deine eigene Dusche mit, die dir Privatsph\u00e4re und Schutz bietet? Genie\u00dfe die Natur in aller Bequemlichkeit! Die tragbare Campingtoilette kann im Zelt platziert werden kann, um die Privatsph\u00e4re zu gew\u00e4hrleisten, die du dir beim Campen w\u00fcnschst! Mit einem Fassungsverm\u00f6gen von 10 Litern Frischwasser bietet die Campingtoilette mindestens 50 Sp\u00fclungen. So bleibt Camping die ganze Zeit \u00fcber komfortabel! Das Duschzelt ist mit Glasfaserstangen f\u00fcr eine stabile Struktur ausgestattet und verf\u00fcgt \u00fcber ein Dach f\u00fcr zus\u00e4tzliche Privatsph\u00e4re beim Duschen oder Umkleiden. So musst du dir keine Sorgen machen, wenn du in der Natur duschen oder dich umkleiden willst! Durch sein geringes Gewicht und seine Tragbarkeit eignet es sich auch f\u00fcr Veranstaltungen am Strand, Messen oder H\u00e4ndler, die ein tragbares Umkleidezelt ben\u00f6tigen, das sich leicht aufstellen l\u00e4sst. Hinweis:Das Zelt ist f\u00fcr den seltenen und kurzzeitigen Gebrauch ausgelegt (Leistungsstufe 1). Obwohl regenfest, sollten diese Zelte haupts\u00e4chlich bei sch\u00f6nem Wetter verwendet werden.<\/p>\n<ul>\n<li><strong>Toilette:<\/strong><\/li>\n<li>Farbe: Grau<\/li>\n<li>Material: HDPE PP (Polyethylen-Polypropylen hoher Dichte)<\/li>\n<li>Abmessungen: 41,5 x 36,5 x 30 cm (L x B x H)<\/li>\n<li>Sitzh\u00f6he: 29,5 cm<\/li>\n<li>Fassungsverm\u00f6gen des F\u00e4kalientanks: 10 L<\/li>\n<li>Fassungsverm\u00f6gen des Frischwassertanks: 10 L<\/li>\n<li>Tragf\u00e4higkeit: 200 kg<\/li>\n<li>Mit zwei seitlichen Verschl\u00fcssen<\/li>\n<li>Mit einem Schieberventil<\/li>\n<li>Balgpumpe<\/li>\n<li>Manuelle Sp\u00fclung<\/li>\n<li>T-Typ-Sp\u00fcld\u00fcse<\/li>\n<li><strong>Zelt:<\/strong><\/li>\n<li>Farbe: Blau<\/li>\n<li>Material: PA, Fiberglas<\/li>\n<li>Abmessungen: 130 x 130 x 210 cm (B x T x H)<\/li>\n<li>Dach f\u00fcr zus\u00e4tzliche Privatsph\u00e4re<\/li>\n<li>Mit 2 Stauf\u00e4chern<\/li>\n<li>Gro\u00dfe T\u00fcr mit Rei\u00dfverschluss f\u00fcr leichten Zugang<\/li>\n<li>Bodenloses Design f\u00fcr Sauberkeit<\/li>\n<li>Inklusive Tragetasche f\u00fcr einfache Lagerung und Transport<\/li>\n<li><strong>Lieferung enth\u00e4lt:<\/strong><\/li>\n<li>1 x Campingtoilette<\/li>\n<li>1 x Zelt<\/li>\n<\/ul>\n","protected":false},"excerpt":{"rendered":"<ul>\n<li><strong>Toilette:<\/strong><\/li>\n<li>Farbe: Grau<\/li>\n<li>Material: HDPE PP (Polyethylen-Polypropylen hoher Dichte)<\/li>\n<li>Abmessungen: 41,5 x 36,5 x 30 cm (L x B x H)<\/li>\n<li>Sitzh\u00f6he: 29,5 cm<\/li>\n<li>Fassungsverm\u00f6gen des F\u00e4kalientanks: 10 L<\/li>\n<li>Fassungsverm\u00f6gen des Frischwassertanks: 10 L<\/li>\n<li>Tragf\u00e4higkeit: 200 kg<\/li>\n<li>Mit zwei seitlichen Verschl\u00fcssen<\/li>\n<li>Mit einem Schieberventil<\/li>\n<li>Balgpumpe<\/li>\n<li>Manuelle Sp\u00fclung<\/li>\n<li>T-Typ-Sp\u00fcld\u00fcse<\/li>\n<li><strong>Zelt:<\/strong><\/li>\n<li>Farbe: Blau<\/li>\n<li>Material: PA, Fiberglas<\/li>\n<li>Abmessungen: 130 x 130 x 210 cm (B x T x H)<\/li>\n<li>Dach f\u00fcr zus\u00e4tzliche Privatsph\u00e4re<\/li>\n<li>Mit 2 Stauf\u00e4chern<\/li>\n<li>Gro\u00dfe T\u00fcr mit Rei\u00dfverschluss f\u00fcr leichten Zugang<\/li>\n<li>Bodenloses Design f\u00fcr Sauberkeit<\/li>\n<li>Inklusive Tragetasche f\u00fcr einfache Lagerung und Transport<\/li>\n<li><strong>Lieferung enth\u00e4lt:<\/strong><\/li>\n<li>1 x Campingtoilette<\/li>\n<li>1 x Zelt<\/li>\n<\/ul>\n","protected":false},"featured_media":10000055679,"comment_status":"closed","ping_status":"closed","template":"","meta":[],"product_brand":[],"product_cat":[6859,6932,6837,6836],"product_tag":[],"class_list":{"0":"post-55679","1":"product","2":"type-product","3":"status-publish","4":"has-post-thumbnail","6":"product_cat-camping-wandern","7":"product_cat-mobile-toiletten-duschen","8":"product_cat-outdoor-aktivitaeten","9":"product_cat-sportartikel","11":"first","12":"instock","13":"taxable","14":"shipping-taxable","15":"purchasable","16":"product-type-simple","17":"add-to-wishlist-after_add_to_cart"},"jetpack_sharing_enabled":true,"_links":{"self":[{"href":"https:\/\/de-prime.com\/index.php\/wp-json\/wp\/v2\/product\/55679","targetHints":{"allow":["GET"]}}],"collection":[{"href":"https:\/\/de-prime.com\/index.php\/wp-json\/wp\/v2\/product"}],"about":[{"href":"https:\/\/de-prime.com\/index.php\/wp-json\/wp\/v2\/types\/product"}],"replies":[{"embeddable":true,"href":"https:\/\/de-prime.com\/index.php\/wp-json\/wp\/v2\/comments?post=55679"}],"wp:featuredmedia":[{"embeddable":true,"href":"https:\/\/de-prime.com\/index.php\/wp-json\/"}],"wp:attachment":[{"href":"https:\/\/de-prime.com\/index.php\/wp-json\/wp\/v2\/media?parent=55679"}],"wp:term":[{"taxonomy":"product_brand","embeddable":true,"href":"https:\/\/de-prime.com\/index.php\/wp-json\/wp\/v2\/product_brand?post=55679"},{"taxonomy":"product_cat","embeddable":true,"href":"https:\/\/de-prime.com\/index.php\/wp-json\/wp\/v2\/product_cat?post=55679"},{"taxonomy":"product_tag","embeddable":true,"href":"https:\/\/de-prime.com\/index.php\/wp-json\/wp\/v2\/product_tag?post=55679"}],"curies":[{"name":"wp","href":"https:\/\/api.w.org\/{rel}","templated":true}]}}