{"id":55669,"date":"2024-10-01T16:14:03","date_gmt":"2024-10-01T16:14:03","guid":{"rendered":"https:\/\/de-prime.com\/?p=55669"},"modified":"2024-10-01T16:42:22","modified_gmt":"2024-10-01T16:42:22","slug":"bestway-3-in-1-luftbett-schwarz-und-grau-188x99x25-cm-2","status":"publish","type":"product","link":"https:\/\/de-prime.com\/index.php\/product\/bestway-3-in-1-luftbett-schwarz-und-grau-188x99x25-cm-2\/","title":{"rendered":"Bestway 3-in-1 Luftbett Schwarz und Grau 188x99x25 cm"},"content":{"rendered":"<p>Dieses 3-in-1-Luftbett von Bestway sorgt f\u00fcr zus\u00e4tzliche Entspannung und Komfort! Langlebiges Material: Das Luftbett besteht aus langlebigem PVC und ist daher widerstandsf\u00e4hig gegen Sch\u00e4den.Robuste Struktur: Die I-Beam-Konstruktion sorgt f\u00fcr einen starken Halt und eine luxuri\u00f6ses Optik und Haptik.3-in-1-Design: Dieses innovatives Luftbett kann mit den Easy-Connect-Schnallen auf 3 verschiedene Arten verwendet werden. Es kann separat als zwei Einzelbetten und zusammen als gro\u00dfes Doppelbett oder als doppellagiges Einzelbett verwendet werden.Schnelles Aufblasen: Dank des 2-Wege-Schnellverschlussventils l\u00e4sst es sich m\u00fchelos aufblasen und entleeren.Bequeme Oberfl\u00e4che: Dank der bequemen Liegefl\u00e4che steht ein erholsamer Schlaf vor der T\u00fcr.<\/p>\n<ul>\n<li>Farbe: Schwarz und Grau<\/li>\n<li>Material: PVC (Polyvinylchlorid)<\/li>\n<li>Gr\u00f6\u00dfe: 188 x 99 cm (L x B)<\/li>\n<li>Betth\u00f6he (einlagig): 25 cm<\/li>\n<li>Betth\u00f6he (zweilagig): 51 cm<\/li>\n<li>Konturierte vertikale I-Beam-Konstruktion<\/li>\n<li>3-in-1-Design: 2 Einzelbetten, 1 gro\u00dfes Doppelluftbett oder ein doppellagiges Einzelbett<\/li>\n<li>Einstellbare Schnallen<\/li>\n<li>2-Wege-Schnellverschlussventil f\u00fcr schnelles, einfaches Aufblasen und Entleeren<\/li>\n<li>Komfortable beflockte Liegefl\u00e4che<\/li>\n<li>F\u00fcr den Innen- und Au\u00dfenbereich geeignet<\/li>\n<li>Bestway Artikelnummer: 67922<\/li>\n<\/ul>\n","protected":false},"excerpt":{"rendered":"<ul>\n<li>Farbe: Schwarz und Grau<\/li>\n<li>Material: PVC (Polyvinylchlorid)<\/li>\n<li>Gr\u00f6\u00dfe: 188 x 99 cm (L x B)<\/li>\n<li>Betth\u00f6he (einlagig): 25 cm<\/li>\n<li>Betth\u00f6he (zweilagig): 51 cm<\/li>\n<li>Konturierte vertikale I-Beam-Konstruktion<\/li>\n<li>3-in-1-Design: 2 Einzelbetten, 1 gro\u00dfes Doppelluftbett oder ein doppellagiges Einzelbett<\/li>\n<li>Einstellbare Schnallen<\/li>\n<li>2-Wege-Schnellverschlussventil f\u00fcr schnelles, einfaches Aufblasen und Entleeren<\/li>\n<li>Komfortable beflockte Liegefl\u00e4che<\/li>\n<li>F\u00fcr den Innen- und Au\u00dfenbereich geeignet<\/li>\n<li>Bestway Artikelnummer: 67922<\/li>\n<\/ul>\n","protected":false},"featured_media":10000055669,"comment_status":"closed","ping_status":"closed","template":"","meta":[],"product_brand":[],"product_cat":[6859,6864,6928,6837,6836],"product_tag":[],"class_list":{"0":"post-55669","1":"product","2":"type-product","3":"status-publish","4":"has-post-thumbnail","6":"product_cat-camping-wandern","7":"product_cat-campingmoebel","8":"product_cat-luftbetten-campingmoebel","9":"product_cat-outdoor-aktivitaeten","10":"product_cat-sportartikel","12":"first","13":"instock","14":"taxable","15":"shipping-taxable","16":"purchasable","17":"product-type-simple","18":"add-to-wishlist-after_add_to_cart"},"jetpack_sharing_enabled":true,"_links":{"self":[{"href":"https:\/\/de-prime.com\/index.php\/wp-json\/wp\/v2\/product\/55669","targetHints":{"allow":["GET"]}}],"collection":[{"href":"https:\/\/de-prime.com\/index.php\/wp-json\/wp\/v2\/product"}],"about":[{"href":"https:\/\/de-prime.com\/index.php\/wp-json\/wp\/v2\/types\/product"}],"replies":[{"embeddable":true,"href":"https:\/\/de-prime.com\/index.php\/wp-json\/wp\/v2\/comments?post=55669"}],"wp:featuredmedia":[{"embeddable":true,"href":"https:\/\/de-prime.com\/index.php\/wp-json\/"}],"wp:attachment":[{"href":"https:\/\/de-prime.com\/index.php\/wp-json\/wp\/v2\/media?parent=55669"}],"wp:term":[{"taxonomy":"product_brand","embeddable":true,"href":"https:\/\/de-prime.com\/index.php\/wp-json\/wp\/v2\/product_brand?post=55669"},{"taxonomy":"product_cat","embeddable":true,"href":"https:\/\/de-prime.com\/index.php\/wp-json\/wp\/v2\/product_cat?post=55669"},{"taxonomy":"product_tag","embeddable":true,"href":"https:\/\/de-prime.com\/index.php\/wp-json\/wp\/v2\/product_tag?post=55669"}],"curies":[{"name":"wp","href":"https:\/\/api.w.org\/{rel}","templated":true}]}}