{"id":55666,"date":"2024-10-01T16:14:03","date_gmt":"2024-10-01T16:14:03","guid":{"rendered":"https:\/\/de-prime.com\/?p=55666"},"modified":"2024-10-01T16:42:26","modified_gmt":"2024-10-01T16:42:26","slug":"bestway-luftmatratze-aufblasbar-beflockt-mit-fusspumpe-188x99x28-cm","status":"publish","type":"product","link":"https:\/\/de-prime.com\/index.php\/product\/bestway-luftmatratze-aufblasbar-beflockt-mit-fusspumpe-188x99x28-cm\/","title":{"rendered":"Bestway Luftmatratze Aufblasbar Beflockt mit Fu\u00dfpumpe 188x99x28 cm"},"content":{"rendered":"<p>Dieses beflockte 67224 Luftbett von Bestway l\u00e4sst sich mit der eingebauten Fu\u00dfpumpe auf eine H\u00f6he von 28 cm aufblasen, wodurch es bequemer als eine herk\u00f6mmliche Luftmatratze ist. Dank seiner robusten Coil-Beam-Konstruktion aus Vinyl eignet sich dieses komfortable Luftbett perfekt f\u00fcr Camping. Die wasserdichte, beflockte Oberfl\u00e4che verhindert das Verrutschen der Laken und bietet einen hohen Liegekomfort. Mit einer L\u00e4nge von 188 cm sorgt diese leichte Luftmatratze f\u00fcr einen erholsamen Schlaf auf dem Campingplatz. Zudem ist das Luftbett mit einem bequemen, eingebauten Kopfkissen versehen. Mit der eingebauten Fu\u00dfpumpe l\u00e4sst sich das Luftbett schnell aufblasen und entleeren. Zudem l\u00e4sst es sich bei Nichtgebrauch leicht zusammenfalten, um die Lagerung und den Transport zu erleichtern.<\/p>\n<ul>\n<li>Farbe: Marineblau<\/li>\n<li>Abmessungen: 188 x 99 x 28 cm (L x B x H)<\/li>\n<li>Starke Vinylspulenkonstruktion<\/li>\n<li>Mit eingebauter Fu\u00dfpumpe<\/li>\n<li>F\u00fcr Innen- und Au\u00dfengebrauch<\/li>\n<li>Bestway Artikelnummer: 67224<\/li>\n<li>Material: PVC: 100%<\/li>\n<\/ul>\n","protected":false},"excerpt":{"rendered":"<ul>\n<li>Farbe: Marineblau<\/li>\n<li>Abmessungen: 188 x 99 x 28 cm (L x B x H)<\/li>\n<li>Starke Vinylspulenkonstruktion<\/li>\n<li>Mit eingebauter Fu\u00dfpumpe<\/li>\n<li>F\u00fcr Innen- und Au\u00dfengebrauch<\/li>\n<li>Bestway Artikelnummer: 67224<\/li>\n<li>Material: PVC: 100%<\/li>\n<\/ul>\n","protected":false},"featured_media":10000055666,"comment_status":"closed","ping_status":"closed","template":"","meta":[],"product_brand":[],"product_cat":[6859,6862,6927,6837,6836],"product_tag":[],"class_list":{"0":"post-55666","1":"product","2":"type-product","3":"status-publish","4":"has-post-thumbnail","6":"product_cat-camping-wandern","7":"product_cat-camping-moebel","8":"product_cat-luftbetten","9":"product_cat-outdoor-aktivitaeten","10":"product_cat-sportartikel","12":"first","13":"instock","14":"taxable","15":"shipping-taxable","16":"purchasable","17":"product-type-simple","18":"add-to-wishlist-after_add_to_cart"},"jetpack_sharing_enabled":true,"_links":{"self":[{"href":"https:\/\/de-prime.com\/index.php\/wp-json\/wp\/v2\/product\/55666","targetHints":{"allow":["GET"]}}],"collection":[{"href":"https:\/\/de-prime.com\/index.php\/wp-json\/wp\/v2\/product"}],"about":[{"href":"https:\/\/de-prime.com\/index.php\/wp-json\/wp\/v2\/types\/product"}],"replies":[{"embeddable":true,"href":"https:\/\/de-prime.com\/index.php\/wp-json\/wp\/v2\/comments?post=55666"}],"wp:featuredmedia":[{"embeddable":true,"href":"https:\/\/de-prime.com\/index.php\/wp-json\/"}],"wp:attachment":[{"href":"https:\/\/de-prime.com\/index.php\/wp-json\/wp\/v2\/media?parent=55666"}],"wp:term":[{"taxonomy":"product_brand","embeddable":true,"href":"https:\/\/de-prime.com\/index.php\/wp-json\/wp\/v2\/product_brand?post=55666"},{"taxonomy":"product_cat","embeddable":true,"href":"https:\/\/de-prime.com\/index.php\/wp-json\/wp\/v2\/product_cat?post=55666"},{"taxonomy":"product_tag","embeddable":true,"href":"https:\/\/de-prime.com\/index.php\/wp-json\/wp\/v2\/product_tag?post=55666"}],"curies":[{"name":"wp","href":"https:\/\/api.w.org\/{rel}","templated":true}]}}